{"id":1378,"date":"2017-01-12T15:27:13","date_gmt":"2017-01-12T15:27:13","guid":{"rendered":"http:\/\/www.ville-putanges.fr\/?page_id=1378"},"modified":"2025-12-10T08:24:22","modified_gmt":"2025-12-10T08:24:22","slug":"les-comptes-rendus","status":"publish","type":"page","link":"https:\/\/www.putanges-le-lac.fr\/?page_id=1378","title":{"rendered":"Les Comptes-rendus"},"content":{"rendered":"<h1><img loading=\"lazy\" decoding=\"async\" class=\" wp-image-4085 aligncenter\" src=\"http:\/\/www.ville-putanges.fr\/wp-content\/uploads\/conseil-municipal.jpg\" alt=\"\" width=\"549\" height=\"309\" srcset=\"https:\/\/www.putanges-le-lac.fr\/wp-content\/uploads\/conseil-municipal.jpg 640w, https:\/\/www.putanges-le-lac.fr\/wp-content\/uploads\/conseil-municipal-300x169.jpg 300w, https:\/\/www.putanges-le-lac.fr\/wp-content\/uploads\/conseil-municipal-600x338.jpg 600w\" sizes=\"(max-width: 549px) 100vw, 549px\" \/><\/h1>\n<h1><\/h1>\n<h1><strong><span style=\"color: #0000ff;\">S\u00e9ances de l&rsquo;ann\u00e9e 2016 \u00a0 \u00a0 \u00a0 \u00a0 \u00a0 \u00a0 \u00a0 \u00a0 \u00a0 \u00a0 \u00a0 \u00a0 \u00a0 \u00a0 \u00a0 \u00a0 \u00a0 \u00a0 \u00a0 \u00a0 \u00a0 \u00a0 \u00a0 \u00a0 \u00a0 \u00a0 \u00a0 \u00a0 \u00a0\u00a0<\/span><\/strong><\/h1>\n<ul>\n<li><a href=\"http:\/\/www.ville-putanges.fr\/wp-content\/uploads\/Compte-Rendu-du-5-01-2016.pdf\">Compte Rendu S\u00e9ance du 5 Janvier<\/a><\/li>\n<li><a href=\"http:\/\/www.ville-putanges.fr\/wp-content\/uploads\/Compte-Rendu-S\u00e9ance-du-26-01-2016.pdf\">Compte Rendu S\u00e9ance du 26 Janvier<\/a><\/li>\n<li><a href=\"http:\/\/www.ville-putanges.fr\/wp-content\/uploads\/Compte-Rendu-S\u00e9ance-du-12-04-2016.pdf\">Compte Rendu S\u00e9ance du 12 Avril<\/a><\/li>\n<li><a href=\"http:\/\/www.ville-putanges.fr\/wp-content\/uploads\/Compte-Rendu-S\u00e9ance-du-7-Juin-2016.pdf\">Compte Rendu S\u00e9ance du 7 Juin<\/a><\/li>\n<li><a href=\"http:\/\/www.ville-putanges.fr\/wp-content\/uploads\/Compte-Rendu-S\u00e9ance-du-12-07-2016.pdf\">Compte Rendu S\u00e9ance du 12 Juin<\/a><\/li>\n<li><a href=\"http:\/\/www.ville-putanges.fr\/wp-content\/uploads\/Compte-Rendu-S\u00e9ance-du-20-09-2016.pdf\">Compte Rendu S\u00e9ance du 20 Septembre<\/a><\/li>\n<li><a href=\"http:\/\/www.ville-putanges.fr\/wp-content\/uploads\/Compte-Rendu-S\u00e9ance-du-20-12-2016.pdf\">Compte Rendu S\u00e9ance du 20 D\u00e9cembre<\/a><\/li>\n<\/ul>\n<h1><strong><span style=\"color: #0000ff;\">S\u00e9ances de l&rsquo;ann\u00e9e 2017<\/span><\/strong><\/h1>\n<ul>\n<li><a href=\"http:\/\/www.ville-putanges.fr\/wp-content\/uploads\/COMPTE-RENDU-REGISTRE.pdf\">Compte Rendu S\u00e9ance du 28 f\u00e9vrier\u00a0<\/a><\/li>\n<li><a href=\"http:\/\/www.ville-putanges.fr\/wp-content\/uploads\/Compte-Rendu-S\u00e9ance-du-10-04-2017.pdf\">Compte Rendu S\u00e9ance du 10 Avril\u00a0<\/a><\/li>\n<li><a href=\"http:\/\/www.ville-putanges.fr\/wp-content\/uploads\/COMPTE-RENDU-DU-CONSEIL-REGISTRE.pdf\">Compte Rendu S\u00e9ance du 19 Mai<\/a><\/li>\n<li><a href=\"http:\/\/www.ville-putanges.fr\/wp-content\/uploads\/COMPTE-RENDU-REGISTRE-19-06-2017.pdf\">Compte Rendu S\u00e9ance du 19 Juin\u00a0<\/a><\/li>\n<li><a href=\"http:\/\/www.ville-putanges.fr\/wp-content\/uploads\/COMPTE-RENDU-REGISTRE-25-09-2017.pdf\">Compte Rendu S\u00e9ance du 25 Septembre<\/a><\/li>\n<li><a href=\"http:\/\/www.ville-putanges.fr\/wp-content\/uploads\/compte-rendu-REGISTRE-6-10-2017.pdf\">Compte Rendu S\u00e9ance du 6 Octobre<\/a><\/li>\n<li><a href=\"http:\/\/www.ville-putanges.fr\/wp-content\/uploads\/COMPTE-RENDU-REGISTRE-3-11-2017.pdf\">Compte Rendu S\u00e9ance du 3 Novembre<\/a><\/li>\n<li><a href=\"http:\/\/www.ville-putanges.fr\/wp-content\/uploads\/COMPTE-RENDU-REGISTRE-27-11-2017.pdf\">Compte Rendu S\u00e9ance du 27 Novembre<\/a><\/li>\n<\/ul>\n<h1><strong><span style=\"color: #0000ff;\">S\u00e9ances de l&rsquo;ann\u00e9e 2018<\/span><\/strong><\/h1>\n<ul>\n<li><a href=\"http:\/\/www.ville-putanges.fr\/wp-content\/uploads\/CPTE-RENDU-REGISTRE.pdf\">Compte Rendu S\u00e9ance du 9 Janvier\u00a0<\/a><\/li>\n<li><a href=\"http:\/\/www.ville-putanges.fr\/wp-content\/uploads\/COMPTE-RENDU-REGISTRE-23-02-2018.pdf\">Compte Rendu S\u00e9ance du 23 F\u00e9vrier<\/a><\/li>\n<li><a href=\"http:\/\/www.ville-putanges.fr\/wp-content\/uploads\/COMPTE-RENDU-SEANCE-09-AVRIL-2018.pdf\">Compte Rendu S\u00e9ance du 9 Avril <\/a><\/li>\n<li><a href=\"http:\/\/www.ville-putanges.fr\/wp-content\/uploads\/Compte-Rendu-S\u00e9ance-du-29-mai-2018.pdf\">Compte Rendu S\u00e9ance du 29 Mai <\/a><\/li>\n<li><a href=\"http:\/\/www.ville-putanges.fr\/wp-content\/uploads\/SEANCE-DU-26-06-2018-DELIBERATIONS.pdf\">Compte Rendu S\u00e9ance du 26 Juin<\/a><\/li>\n<li><a href=\"http:\/\/www.ville-putanges.fr\/wp-content\/uploads\/SEANCE-DU-11-09-2018-DELIBERATIONS.pdf\">Compte Rendu S\u00e9ance du 11 Septembre<\/a><\/li>\n<li><a href=\"http:\/\/www.ville-putanges.fr\/wp-content\/uploads\/SEANCE-DU-19-11-2018-DELIBERATIONS.pdf\">Compte Rendu S\u00e9ance du 19 Novembre\u00a0<\/a><\/li>\n<li><a href=\"http:\/\/www.ville-putanges.fr\/wp-content\/uploads\/s\u00e9ance-du-17-12-2018-DELIBERATIONS.pdf\">Compte Rendu S\u00e9ance du 17 D\u00e9cembre\u00a0<\/a><\/li>\n<\/ul>\n<h1><span style=\"color: #0000ff;\"><strong>S\u00e9ances de l&rsquo;ann\u00e9e 2019<\/strong><\/span><\/h1>\n<ul>\n<li><a href=\"http:\/\/www.ville-putanges.fr\/wp-content\/uploads\/SEANCE-DU-11-03-2019-DELIBERATIONS.pdf\">Compte Rendu S\u00e9ance du 11 Mars\u00a0<\/a><\/li>\n<li><a href=\"http:\/\/www.ville-putanges.fr\/wp-content\/uploads\/SEANCE-DU-08-04-2019-DELIBERATIONS.pdf\">Compte Rendu S\u00e9ance du 8 Avril<\/a><\/li>\n<li><span style=\"color: #ffffff;\"><a href=\"http:\/\/www.ville-putanges.fr\/wp-content\/uploads\/SEANCE-DU-27-05-2019-DELIBERATIONS.pdf\">Compte Rendu S\u00e9ance <\/a><a href=\"http:\/\/www.ville-putanges.fr\/wp-content\/uploads\/SEANCE-DU-27-05-2019-DELIBERATIONS.pdf\">du 27 Mai\u00a0<\/a><\/span><\/li>\n<li><a href=\"http:\/\/www.ville-putanges.fr\/wp-content\/uploads\/SEANCE-DU-17-06-2019-DELIBERATIONS.pdf\">Compte Rendu S\u00e9ance du 17 Juin\u00a0<\/a><\/li>\n<li><a href=\"http:\/\/www.ville-putanges.fr\/wp-content\/uploads\/SEANCE-DU-29-07-2019-DELIBERATIONS.pdf\">Compte Rendu S\u00e9ance du 29 Juillet<\/a><\/li>\n<li><a href=\"http:\/\/www.ville-putanges.fr\/wp-content\/uploads\/SEANCE-DU-09-09-2019-DELIBERATIONS.pdf\">Compte Rendu S\u00e9ance du 9 Septembre\u00a0<\/a><\/li>\n<li><a href=\"http:\/\/www.ville-putanges.fr\/wp-content\/uploads\/SEANCE-DU-12-11-2019-DELIBERATIONS.pdf\">Compte Rendu S\u00e9ance du 12 Novembre\u00a0<\/a><\/li>\n<li><a href=\"http:\/\/www.ville-putanges.fr\/wp-content\/uploads\/SEANCE-DU-17-12-2019-DELIBERATIONS.pdf\">Compte Rendu S\u00e9ance du 17 D\u00e9cembre<\/a><\/li>\n<\/ul>\n<h1><span style=\"color: #0000ff;\"><strong>S\u00e9ances de l&rsquo;ann\u00e9e 2020<\/strong><\/span><\/h1>\n<ul>\n<li><a href=\"http:\/\/www.ville-putanges.fr\/wp-content\/uploads\/SEANCE-DU-27-01-2020-DELIBERATIONS.pdf\"> Compte Rendu S\u00e9ance du 27 Janvier<\/a><\/li>\n<li><a href=\"http:\/\/www.ville-putanges.fr\/wp-content\/uploads\/09032020compte-rendu-internet.pdf\">Compte Rendu S\u00e9ance du 9 Mars <\/a><\/li>\n<li><a href=\"http:\/\/www.ville-putanges.fr\/wp-content\/uploads\/COMPTE-RENDU-REGISTRE-1.docx\">Compte Rendu S\u00e9ance du 25 Mai\u00a0<\/a><\/li>\n<li><a href=\"http:\/\/www.ville-putanges.fr\/wp-content\/uploads\/REGISTRE-DELIBERATIONS.doc\">Compte Rendu S\u00e9ance du 15 Juin <\/a><\/li>\n<li><a href=\"http:\/\/www.ville-putanges.fr\/wp-content\/uploads\/REGISTRE-DE-DELIBERATIONS.pdf\">Compte Rendu S\u00e9ance du 6 Juillet\u00a0<\/a><\/li>\n<li><a href=\"http:\/\/www.ville-putanges.fr\/wp-content\/uploads\/COMPTE-RENDU-Deliberations.pdf\">Compte Rendu S\u00e9ance du 27 Juillet<\/a><\/li>\n<li><a href=\"http:\/\/www.ville-putanges.fr\/wp-content\/uploads\/REGISTRE-DELIBERATIONS-CORRIGE.pdf\">Compte Rendu S\u00e9ance du 28 Septembre\u00a0<\/a><\/li>\n<li><a href=\"http:\/\/www.ville-putanges.fr\/wp-content\/uploads\/REGISTRE-DELIBERATIONS-SEANCE-DU-16-NOVEMBRE-2020.pdf\">Compte Rendu S\u00e9ance du 16 Novembre<\/a><\/li>\n<li><a href=\"http:\/\/www.ville-putanges.fr\/wp-content\/uploads\/COMPTE-RENDU-REGISTRE-DELIBERATIONS.pdf\">Compte Rendu S\u00e9ance du 21 D\u00e9cembre<\/a><\/li>\n<\/ul>\n<h1><span style=\"color: #0000ff;\"><strong>S\u00e9ances de l&rsquo;ann\u00e9e 2021<\/strong><\/span><\/h1>\n<ul>\n<li><a href=\"http:\/\/www.ville-putanges.fr\/wp-content\/uploads\/Compte-Rendu-seance-du-8-fevrier-2021-1.pdf\">Compte Rendu S\u00e9ance du 8 F\u00e9vrier\u00a0<\/a><\/li>\n<li><a href=\"http:\/\/www.ville-putanges.fr\/wp-content\/uploads\/Compte-Rendu-seance-du-1er-mars-2021-1.pdf\">Compte Rendu S\u00e9ance du 1\u1d49\u02b3 Mars\u00a0<\/a><\/li>\n<li><a href=\"http:\/\/www.ville-putanges.fr\/wp-content\/uploads\/Compte-Rendu-seance-du-2-avril-2021.pdf\">Compte Rendu S\u00e9ance du 2 Avril<\/a><\/li>\n<li><a href=\"http:\/\/www.ville-putanges.fr\/wp-content\/uploads\/Compte-rendu-seance-du-3-juin-2021.pdf\">Compte Rendu S\u00e9ance du 3 Juin\u00a0<\/a><\/li>\n<li><a href=\"http:\/\/www.ville-putanges.fr\/wp-content\/uploads\/Compte-rendu-seance-du-12-juillet-2021.pdf\">Compte Rendu S\u00e9ance du 12 Juillet\u00a0<\/a><\/li>\n<li><a href=\"http:\/\/www.ville-putanges.fr\/wp-content\/uploads\/Compte-rendu-seance-du-13-septembre-2021.pdf\">Compte Rendu S\u00e9ance du 13 Septembre\u00a0<\/a><\/li>\n<li><a href=\"http:\/\/www.ville-putanges.fr\/wp-content\/uploads\/Compte-rendu-seance-du-6-decembre-2021.pdf\">Compte Rendu S\u00e9ance du 6 D\u00e9cembre\u00a0<\/a><\/li>\n<\/ul>\n<h1><span style=\"color: #0000ff;\"><strong>S\u00e9ances de l&rsquo;ann\u00e9e 2022<\/strong><\/span><\/h1>\n<ul>\n<li><a href=\"https:\/\/www.ville-putanges.fr\/wp-content\/uploads\/Compte-rendu-seance-du-31-janvier-2022.pdf\">Compte Rendu S\u00e9ance du 31 Janvier<\/a><\/li>\n<li><a href=\"https:\/\/www.ville-putanges.fr\/wp-content\/uploads\/CR-REGISTRE-DES-DELIBERATIONS-DE-LA-SEANCE-DU-29-MARS-2022.pdf\">Compte Rendu S\u00e9ance du 29 Mars\u00a0<\/a><\/li>\n<li><a href=\"https:\/\/www.ville-putanges.fr\/wp-content\/uploads\/CR-REGISTRE-DES-DELIBERATIONS-DE-LA-SEANCE-DU-30-MAI-2022.pdf\">Compte Rendu S\u00e9ance du 30 Mai\u00a0<\/a><\/li>\n<li><a href=\"https:\/\/www.ville-putanges.fr\/wp-content\/uploads\/CR-REGISTRE-du-Conseil-municipal-se\u0301ance-du-11.07.2022-version-conseillers-le-12-07-2022-1.pdf\">Compte Rendu Se\u0301ance du 11 Juillet <\/a><\/li>\n<li><a href=\"https:\/\/www.ville-putanges.fr\/wp-content\/uploads\/REGISTRE-DES-DELIBERATIONS-DE-LA-SEANCE-DU-26-SEPTEMBRE-2022.pdf\">Compte Rendu S\u00e9ance du 26 Septembre\u00a0<\/a><\/li>\n<li><a href=\"https:\/\/www.ville-putanges.fr\/wp-content\/uploads\/REGISTRE-DELIBERATIONS-PV-du-Conseil-municipal-du-5-de\u0301cembre-2022.pdf\">Compte Rendu S\u00e9ance du 5 De\u0301cembre<\/a><\/li>\n<\/ul>\n<h1><span style=\"color: #0000ff;\"><strong>S\u00e9ances de l&rsquo;ann\u00e9e 2023<\/strong><\/span><\/h1>\n<ul>\n<li><a href=\"https:\/\/www.ville-putanges.fr\/wp-content\/uploads\/PV-DU-CONSEIL-MUNICIPAL-DU-30-01-2023.pdf\">Compte Rendu S\u00e9ance du 30 Janvier<\/a><\/li>\n<li><a href=\"https:\/\/www.ville-putanges.fr\/wp-content\/uploads\/Compte-rendu-de-la-seance-du-3-avril-2023.pdf\">Compte Rendu S\u00e9ance du 3 Avril\u00a0<\/a><\/li>\n<li><a href=\"https:\/\/www.ville-putanges.fr\/wp-content\/uploads\/PV-DE-LA-SEANCE-DU-CM-DU-5-JUIN-2023.pdf\">Compte Rendu S\u00e9ance du 5 Juin\u00a0<\/a><\/li>\n<li><a href=\"https:\/\/www.ville-putanges.fr\/wp-content\/uploads\/PV-du-conseil-municipal-du-11-septembre-2023-le-15-09-2023.pdf\">Compte Rendu S\u00e9ance du 11 Septembre\u00a0\u00a0<\/a><\/li>\n<li><a href=\"https:\/\/www.ville-putanges.fr\/wp-content\/uploads\/PV-DU-CONSEIL-MUNICIPAL-DU-13-NOVEMBRE-2023.pdf\">Compte Rendu S\u00e9ance du 13 Novembre\u00a0<\/a><\/li>\n<li><a href=\"https:\/\/www.ville-putanges.fr\/wp-content\/uploads\/PV-DE-LA-SEANCE-DU-CM-DU-18-DEC-2023-AFFICHE-LE-22-12-2023.pdf\">Compte Rendu S\u00e9ance du 18 D\u00e9cembre\u00a0<\/a><\/li>\n<\/ul>\n<h1><span style=\"color: #0000ff;\"><strong>S\u00e9ances de l&rsquo;ann\u00e9e 2024<\/strong><\/span><\/h1>\n<ul>\n<li><a href=\"https:\/\/www.putanges-le-lac.fr\/wp-content\/uploads\/Compte-rendu-Seance-du-19-Fevrier-2024.pdf\">Compte Rendu S\u00e9ance du 19 F\u00e9vrier<\/a><\/li>\n<li><a href=\"https:\/\/www.putanges-le-lac.fr\/wp-content\/uploads\/Compte-rendu-Seance-du-25-Mars-2024.pdf\">Compte Rendu S\u00e9ance du 25 Mars\u00a0<\/a><\/li>\n<li><a href=\"https:\/\/www.putanges-le-lac.fr\/wp-content\/uploads\/Compte-rendu-Seance-du-13-Mai-2024.pdf\">Compte Rendu S\u00e9ance du 13 Mai\u00a0<\/a><\/li>\n<li><a href=\"https:\/\/www.putanges-le-lac.fr\/wp-content\/uploads\/Compte-rendu-Seance-du-9-Septembre-2024.pdf\">Compte Rendu S\u00e9ance du 9 Septembre<\/a><\/li>\n<li><a href=\"https:\/\/www.putanges-le-lac.fr\/wp-content\/uploads\/Compte-rendu-Seance-du-25-Novembre-2024.pdf\">Compte Rendu S\u00e9ance du 25 Novembre<\/a><\/li>\n<li><a href=\"https:\/\/www.putanges-le-lac.fr\/wp-content\/uploads\/Compte-rendu-Seance-du-16-Decembre-2024.pdf\">Compte Rendu S\u00e9ance du 16 D\u00e9cembre<\/a><\/li>\n<\/ul>\n<h1><span style=\"color: #0000ff;\"><strong>S\u00e9ances de l&rsquo;ann\u00e9e 2025<\/strong><\/span><\/h1>\n<ul>\n<li><a href=\"https:\/\/www.putanges-le-lac.fr\/wp-content\/uploads\/Compte-rendu-Seance-du-3-Fevrier-2025.pdf\">Compte Rendu S\u00e9ance du 3 F\u00e9vrier<\/a><\/li>\n<li><a href=\"https:\/\/www.putanges-le-lac.fr\/wp-content\/uploads\/PV-DU-CM-DE-LA-SEANCE-DU-14-AVRIL-2025-SIGNE.pdf\">PV DE LA SEANCE DU 14 AVRIL 2025<\/a><\/li>\n<li><a href=\"https:\/\/www.putanges-le-lac.fr\/wp-content\/uploads\/PV-DU-CONSEIL-MUNICIPAL-DU-10-07-2025-AFFICHE-LE-18-07-2025.pdf\">PV DU 10 07 2025<\/a><\/li>\n<li><a href=\"https:\/\/www.putanges-le-lac.fr\/wp-content\/uploads\/PV-du-15-septembre-2025.pdf\">PV du 15 septembre 2025<\/a><\/li>\n<\/ul>\n<h1><span style=\"color: #0000ff;\"><strong>\u00c9lection des d\u00e9l\u00e9gu\u00e9s pour les \u00e9lections s\u00e9natoriales<\/strong><\/span><\/h1>\n<ul>\n<li><a href=\"https:\/\/www.ville-putanges.fr\/wp-content\/uploads\/20230609-1-ELECTION-DES-DELEGUES-POUR-LES-ELECTIONS-SENATORIALES-DU-24-09-2023.pdf\">Compte Rendu S\u00e9ance du 9 Juin 2023<\/a><\/li>\n<\/ul>\n","protected":false},"excerpt":{"rendered":"<p>S\u00e9ances de l&rsquo;ann\u00e9e 2016 \u00a0 \u00a0 \u00a0 \u00a0 \u00a0 \u00a0 \u00a0 \u00a0 \u00a0 \u00a0 \u00a0 \u00a0 \u00a0 \u00a0 \u00a0 \u00a0 \u00a0 \u00a0 \u00a0 \u00a0 \u00a0 \u00a0 \u00a0 \u00a0 \u00a0 \u00a0 [&hellip;]<\/p>\n","protected":false},"author":2,"featured_media":0,"parent":0,"menu_order":6,"comment_status":"closed","ping_status":"closed","template":"","meta":{"footnotes":""},"class_list":["post-1378","page","type-page","status-publish","hentry"],"_links":{"self":[{"href":"https:\/\/www.putanges-le-lac.fr\/index.php?rest_route=\/wp\/v2\/pages\/1378","targetHints":{"allow":["GET"]}}],"collection":[{"href":"https:\/\/www.putanges-le-lac.fr\/index.php?rest_route=\/wp\/v2\/pages"}],"about":[{"href":"https:\/\/www.putanges-le-lac.fr\/index.php?rest_route=\/wp\/v2\/types\/page"}],"author":[{"embeddable":true,"href":"https:\/\/www.putanges-le-lac.fr\/index.php?rest_route=\/wp\/v2\/users\/2"}],"replies":[{"embeddable":true,"href":"https:\/\/www.putanges-le-lac.fr\/index.php?rest_route=%2Fwp%2Fv2%2Fcomments&post=1378"}],"version-history":[{"count":74,"href":"https:\/\/www.putanges-le-lac.fr\/index.php?rest_route=\/wp\/v2\/pages\/1378\/revisions"}],"predecessor-version":[{"id":6016,"href":"https:\/\/www.putanges-le-lac.fr\/index.php?rest_route=\/wp\/v2\/pages\/1378\/revisions\/6016"}],"wp:attachment":[{"href":"https:\/\/www.putanges-le-lac.fr\/index.php?rest_route=%2Fwp%2Fv2%2Fmedia&parent=1378"}],"curies":[{"name":"wp","href":"https:\/\/api.w.org\/{rel}","templated":true}]}}