{"id":1380,"date":"2017-01-12T15:29:36","date_gmt":"2017-01-12T15:29:36","guid":{"rendered":"http:\/\/www.ville-putanges.fr\/?page_id=1380"},"modified":"2025-12-10T08:23:27","modified_gmt":"2025-12-10T08:23:27","slug":"demarches-administratives","status":"publish","type":"page","link":"https:\/\/www.putanges-le-lac.fr\/?page_id=1380","title":{"rendered":"D\u00e9marches administratives"},"content":{"rendered":"<p style=\"text-align: center;\"><span style=\"color: #0000ff;\"><strong>Le guide des droits et des d\u00e9marches administratives met \u00e0 disposition, un ensemble de fiches pratiques destin\u00e9es \u00e0 informer, et \u00e0 aider les personnes dans l&rsquo;accomplissement de leurs d\u00e9marches administratives, nationales et locales.<\/strong><\/span><\/p>\n<p>&nbsp;<\/p>\n<p style=\"text-align: center;\"><span class=\"cadreVertLarge\">Vous vous posez des questions sur vos prochaines d\u00e9marches administratives ?<\/span><\/p>\n<p style=\"text-align: center;\">Qui contacter ?<\/p>\n<p style=\"text-align: center;\">Quels papiers fournir ?<\/p>\n<p style=\"text-align: center;\">Dans quels d\u00e9lais ?<\/p>\n<p style=\"text-align: center;\">Rendez-vous sur le site officiel de l&rsquo;administration fran\u00e7aise <a title=\"Service Public\" href=\"http:\/\/www.service-public.fr\" target=\"_blank\" rel=\"noopener noreferrer\">Service Public<br \/>\n<\/a><img loading=\"lazy\" decoding=\"async\" class=\"size-full wp-image-4007 aligncenter\" src=\"http:\/\/www.ville-putanges.fr\/wp-content\/uploads\/index.png\" alt=\"\" width=\"323\" height=\"156\" srcset=\"https:\/\/www.putanges-le-lac.fr\/wp-content\/uploads\/index.png 323w, https:\/\/www.putanges-le-lac.fr\/wp-content\/uploads\/index-300x145.png 300w\" sizes=\"(max-width: 323px) 100vw, 323px\" \/><\/p>\n<p>&nbsp;<\/p>\n","protected":false},"excerpt":{"rendered":"<p>Le guide des droits et des d\u00e9marches administratives met \u00e0 disposition, un ensemble de fiches pratiques destin\u00e9es \u00e0 informer, et \u00e0 aider les personnes dans l&rsquo;accomplissement de leurs d\u00e9marches administratives, [&hellip;]<\/p>\n","protected":false},"author":2,"featured_media":0,"parent":0,"menu_order":3,"comment_status":"closed","ping_status":"closed","template":"","meta":{"footnotes":""},"class_list":["post-1380","page","type-page","status-publish","hentry"],"_links":{"self":[{"href":"https:\/\/www.putanges-le-lac.fr\/index.php?rest_route=\/wp\/v2\/pages\/1380","targetHints":{"allow":["GET"]}}],"collection":[{"href":"https:\/\/www.putanges-le-lac.fr\/index.php?rest_route=\/wp\/v2\/pages"}],"about":[{"href":"https:\/\/www.putanges-le-lac.fr\/index.php?rest_route=\/wp\/v2\/types\/page"}],"author":[{"embeddable":true,"href":"https:\/\/www.putanges-le-lac.fr\/index.php?rest_route=\/wp\/v2\/users\/2"}],"replies":[{"embeddable":true,"href":"https:\/\/www.putanges-le-lac.fr\/index.php?rest_route=%2Fwp%2Fv2%2Fcomments&post=1380"}],"version-history":[{"count":3,"href":"https:\/\/www.putanges-le-lac.fr\/index.php?rest_route=\/wp\/v2\/pages\/1380\/revisions"}],"predecessor-version":[{"id":4024,"href":"https:\/\/www.putanges-le-lac.fr\/index.php?rest_route=\/wp\/v2\/pages\/1380\/revisions\/4024"}],"wp:attachment":[{"href":"https:\/\/www.putanges-le-lac.fr\/index.php?rest_route=%2Fwp%2Fv2%2Fmedia&parent=1380"}],"curies":[{"name":"wp","href":"https:\/\/api.w.org\/{rel}","templated":true}]}}