{"id":1384,"date":"2017-01-12T15:33:38","date_gmt":"2017-01-12T15:33:38","guid":{"rendered":"http:\/\/www.ville-putanges.fr\/?page_id=1384"},"modified":"2025-12-10T08:36:00","modified_gmt":"2025-12-10T08:36:00","slug":"inscription-liste-electorale","status":"publish","type":"page","link":"https:\/\/www.putanges-le-lac.fr\/?page_id=1384","title":{"rendered":"Inscription liste \u00e9lectorale"},"content":{"rendered":"<h3 style=\"text-align: left;\"><img loading=\"lazy\" decoding=\"async\" class=\"wp-image-1407 aligncenter\" src=\"http:\/\/www.ville-putanges.fr\/wp-content\/uploads\/Carte-\u00e9lectorale.jpg\" alt=\"\" width=\"440\" height=\"278\" srcset=\"https:\/\/www.putanges-le-lac.fr\/wp-content\/uploads\/Carte-\u00e9lectorale.jpg 570w, https:\/\/www.putanges-le-lac.fr\/wp-content\/uploads\/Carte-\u00e9lectorale-300x189.jpg 300w\" sizes=\"(max-width: 440px) 100vw, 440px\" \/><\/h3>\n<p style=\"text-align: center;\">Afin de pouvoir voter, il faut \u00eatre inscrit sur les listes \u00e9lectorales.<\/p>\n<p style=\"text-align: center;\">L\u2019inscription est automatique pour les jeunes de 18 ans.<\/p>\n<p style=\"text-align: center;\">En dehors de cette situation, l\u2019inscription sur les listes doit faire l\u2019objet d\u2019une d\u00e9marche volontaire.<\/p>\n<h4>\u00a0<strong><span style=\"color: #0000ff;\">Conditions<\/span><\/strong><\/h4>\n<ul>\n<li style=\"text-align: left;\">Avoir au moins 18 ans la veille du 1<sup>er<\/sup> tour de scrutin<\/li>\n<li style=\"text-align: left;\">\u00catre de nationalit\u00e9 fran\u00e7aise (un citoyen europ\u00e9en qui vit en France, peut s\u2019inscrire sur les listes compl\u00e9mentaires, mais seulement pour participer aux \u00e9lections municipales et\/ou europ\u00e9ennes)<\/li>\n<li style=\"text-align: left;\">Jouir de ses droits civils et politiques<\/li>\n<li style=\"text-align: left;\">\u00catre domicili\u00e9 sur l\u2019une des communes d\u00e9l\u00e9gu\u00e9es de Putanges-Le-Lac, ou y \u00eatre assujetti aux imp\u00f4ts locaux depuis au moins 5 ans, ou r\u00e9sid\u00e9 sur l\u2019une des communes d\u00e9l\u00e9gu\u00e9es de Putanges-Le-Lac<\/li>\n<\/ul>\n<p style=\"text-align: center;\">Si vous y r\u00e9sidez de mani\u00e8re effective et continue depuis au moins 6 mois, ou \u00eatre assujetti \u00e0 r\u00e9sidence obligatoire en tant que fonctionnaire public.<\/p>\n<p>&nbsp;<\/p>\n<p><span style=\"color: #0000ff;\"><strong>Pi\u00e8ce \u00e0 fournir en mairie<\/strong><\/span><\/p>\n<ul>\n<li>Une pi\u00e8ce d\u2019identit\u00e9 r\u00e9cente (valide ou p\u00e9rim\u00e9e depuis moins d\u20191 an) prouvant votre nationalit\u00e9 fran\u00e7aise\u00a0: passeport ou carte nationale d\u2019identit\u00e9<\/li>\n<\/ul>\n<p style=\"text-align: center;\">Si vous \u00eates devenu fran\u00e7ais r\u00e9cemment et que vous n\u2019avez pas encore de papiers fran\u00e7ais, il vous faudra fournir une pi\u00e8ce d\u2019identit\u00e9 d\u2019origine (passeport ou carte d\u2019identit\u00e9 valide ou p\u00e9rim\u00e9e depuis moins d\u2019un an) ainsi qu\u2019une preuve de la nationalit\u00e9 (d\u00e9cret de naturalisation par exemple)<\/p>\n<ul>\n<li>Un justificatif de domicile<\/li>\n<li>Formulaire <a href=\"https:\/\/www.service-public.fr\/particuliers\/vosdroits\/R16024\">cerfa n\u00b012669*01<\/a> de demande d\u2019inscription (disponible en mairie)<\/li>\n<\/ul>\n<p>&nbsp;<\/p>\n<p><span style=\"color: #0000ff;\"><strong>Quand s\u2019inscrire ?<\/strong><\/span><\/p>\n<p style=\"text-align: center;\">Sauf quelques cas particuliers, pour pouvoir voter, il faut s\u2019inscrire avant la fin de l\u2019ann\u00e9e qui pr\u00e9c\u00e8de le scrutin (soit avant le 31 d\u00e9cembre de chaque ann\u00e9e pour \u00eatre inscrit sur la liste de l\u2019ann\u00e9e suivante)<\/p>\n","protected":false},"excerpt":{"rendered":"<p>Afin de pouvoir voter, il faut \u00eatre inscrit sur les listes \u00e9lectorales. L\u2019inscription est automatique pour les jeunes de 18 ans. En dehors de cette situation, l\u2019inscription sur les listes [&hellip;]<\/p>\n","protected":false},"author":2,"featured_media":0,"parent":1380,"menu_order":22,"comment_status":"closed","ping_status":"closed","template":"","meta":{"footnotes":""},"class_list":["post-1384","page","type-page","status-publish","hentry"],"_links":{"self":[{"href":"https:\/\/www.putanges-le-lac.fr\/index.php?rest_route=\/wp\/v2\/pages\/1384","targetHints":{"allow":["GET"]}}],"collection":[{"href":"https:\/\/www.putanges-le-lac.fr\/index.php?rest_route=\/wp\/v2\/pages"}],"about":[{"href":"https:\/\/www.putanges-le-lac.fr\/index.php?rest_route=\/wp\/v2\/types\/page"}],"author":[{"embeddable":true,"href":"https:\/\/www.putanges-le-lac.fr\/index.php?rest_route=\/wp\/v2\/users\/2"}],"replies":[{"embeddable":true,"href":"https:\/\/www.putanges-le-lac.fr\/index.php?rest_route=%2Fwp%2Fv2%2Fcomments&post=1384"}],"version-history":[{"count":29,"href":"https:\/\/www.putanges-le-lac.fr\/index.php?rest_route=\/wp\/v2\/pages\/1384\/revisions"}],"predecessor-version":[{"id":4025,"href":"https:\/\/www.putanges-le-lac.fr\/index.php?rest_route=\/wp\/v2\/pages\/1384\/revisions\/4025"}],"up":[{"embeddable":true,"href":"https:\/\/www.putanges-le-lac.fr\/index.php?rest_route=\/wp\/v2\/pages\/1380"}],"wp:attachment":[{"href":"https:\/\/www.putanges-le-lac.fr\/index.php?rest_route=%2Fwp%2Fv2%2Fmedia&parent=1384"}],"curies":[{"name":"wp","href":"https:\/\/api.w.org\/{rel}","templated":true}]}}