{"id":1386,"date":"2017-01-12T15:34:19","date_gmt":"2017-01-12T15:34:19","guid":{"rendered":"http:\/\/www.ville-putanges.fr\/?page_id=1386"},"modified":"2025-12-10T08:36:08","modified_gmt":"2025-12-10T08:36:08","slug":"recensement-citoyen","status":"publish","type":"page","link":"https:\/\/www.putanges-le-lac.fr\/?page_id=1386","title":{"rendered":"Recensement citoyen"},"content":{"rendered":"<h1><img loading=\"lazy\" decoding=\"async\" class=\"aligncenter size-full wp-image-5424\" src=\"http:\/\/www.ville-putanges.fr\/wp-content\/uploads\/parcours_citoyennete-002-002-1.jpg\" alt=\"\" width=\"582\" height=\"826\" srcset=\"https:\/\/www.putanges-le-lac.fr\/wp-content\/uploads\/parcours_citoyennete-002-002-1.jpg 582w, https:\/\/www.putanges-le-lac.fr\/wp-content\/uploads\/parcours_citoyennete-002-002-1-211x300.jpg 211w\" sizes=\"(max-width: 582px) 100vw, 582px\" \/><\/h1>\n<h4 style=\"text-align: center;\">\u00a0Sont concern\u00e9s tous les jeunes Fran\u00e7ais ayant atteint l\u2019\u00e2ge de 16 ans<\/h4>\n<p>&nbsp;<\/p>\n<p><strong>\u00a0<\/strong><span style=\"color: #0000ff;\"><strong>Pi\u00e8ces \u00e0 produire en se pr\u00e9sentant en mairie<\/strong><\/span><\/p>\n<ul>\n<li>Pi\u00e8ce d\u2019identit\u00e9 justifiant de la nationalit\u00e9 fran\u00e7aise (carte nationale d\u2019identit\u00e9 ou passeport)<\/li>\n<li>Livret de famille \u00e0 jour<strong><br \/>\n<\/strong><\/li>\n<\/ul>\n<h3 style=\"text-align: center;\"><span style=\"color: #0000ff;\"><strong>Effet du recensement<\/strong><\/span><\/h3>\n<h4><strong>\u00a0<\/strong><span style=\"color: #0000ff;\"><strong>Attestation de recensement<\/strong><\/span><\/h4>\n<p style=\"padding-left: 60px;\">\u00c0 la suite du recensement, la mairie d\u00e9livre une attestation de recensement.<\/p>\n<p style=\"padding-left: 60px;\">La remise de l\u2019attestation est souvent accompagn\u00e9e d\u2019une brochure d\u2019information sur le service national.<\/p>\n<p style=\"padding-left: 60px;\">Il n\u2019est pas d\u00e9livr\u00e9 de duplicata. En cas de perte ou de vol, il est possible de demander un justificatif de recensement au Centre du Service National dont vous d\u00e9pendez.<\/p>\n<h3 style=\"text-align: center;\"><span style=\"color: #0000ff;\"><strong>Suite du recensement<\/strong><\/span><\/h3>\n<p style=\"padding-left: 60px;\">Le recensement permet \u00e0 l\u2019administration de convoquer le jeune pour qu\u2019il effectue la Journ\u00e9e D\u00e9fense et Citoyennet\u00e9 (JDC).<\/p>\n<p style=\"padding-left: 60px;\">Apr\u00e8s le recensement, il faut informer les autorit\u00e9s militaires de tout changement de situation.<\/p>\n<p style=\"padding-left: 60px;\">Le recensement permet aussi l\u2019inscription d\u2019office du jeune sur les listes \u00e9lectorales \u00e0 ses 18 ans.<\/p>\n<h4 style=\"text-align: left;\"><strong><br \/>\n<\/strong><span style=\"color: #0000ff;\"><strong>\u00c0 savoir :<br \/>\n<\/strong><\/span><br \/>\nSi le jeune est atteint d\u2019un handicap, et qu\u2019il souhaite \u00eatre dispens\u00e9 de la Journ\u00e9e D\u00e9fense des Citoyennet\u00e9, il peut pr\u00e9senter d\u00e8s le recensement un certificat m\u00e9dical pr\u00e9cisant qu\u2019il est inapte \u00e0 y participer<\/h4>\n<p>&nbsp;<\/p>\n<h4><span style=\"color: #0000ff;\"><strong>D\u00e9faut de recensement<\/strong><\/span><\/h4>\n<p style=\"padding-left: 30px;\">En cas d\u2019absence de recensement, l\u2019irr\u00e9gularit\u00e9 est sanctionn\u00e9e par le fait\u00a0:<\/p>\n<ul>\n<li>de ne pas pouvoir participer \u00e0 la Journ\u00e9e D\u00e9fense des Citoyennet\u00e9 et en cons\u00e9quence, de ne pouvoir passer aucun concours ou examens d\u2019\u00c9tat avant l\u2019\u00e2ge de 25 ans,<\/li>\n<li>de ne pas \u00eatre inscrit sur les listes \u00e9lectorales d\u00e8s 18 ans.<\/li>\n<\/ul>\n<p style=\"padding-left: 60px;\">Pour plus de renseignement <a href=\"http:\/\/www.defense.gouv.fr\/jdc\/actualite-et-dossiers\">cliquez ici<\/a>.<\/p>\n<p>&nbsp;<\/p>\n<p><img loading=\"lazy\" decoding=\"async\" class=\"aligncenter size-full wp-image-5435\" src=\"http:\/\/www.ville-putanges.fr\/wp-content\/uploads\/SKM_C30821010817100.jpg\" alt=\"\" width=\"1653\" height=\"2338\" srcset=\"https:\/\/www.putanges-le-lac.fr\/wp-content\/uploads\/SKM_C30821010817100.jpg 1653w, https:\/\/www.putanges-le-lac.fr\/wp-content\/uploads\/SKM_C30821010817100-212x300.jpg 212w, https:\/\/www.putanges-le-lac.fr\/wp-content\/uploads\/SKM_C30821010817100-768x1086.jpg 768w, https:\/\/www.putanges-le-lac.fr\/wp-content\/uploads\/SKM_C30821010817100-1086x1536.jpg 1086w, https:\/\/www.putanges-le-lac.fr\/wp-content\/uploads\/SKM_C30821010817100-1448x2048.jpg 1448w, https:\/\/www.putanges-le-lac.fr\/wp-content\/uploads\/SKM_C30821010817100-750x1061.jpg 750w\" sizes=\"(max-width: 1653px) 100vw, 1653px\" \/><\/p>\n<p>&nbsp;<\/p>\n<p>&nbsp;<\/p>\n","protected":false},"excerpt":{"rendered":"<p>\u00a0Sont concern\u00e9s tous les jeunes Fran\u00e7ais ayant atteint l\u2019\u00e2ge de 16 ans &nbsp; \u00a0Pi\u00e8ces \u00e0 produire en se pr\u00e9sentant en mairie Pi\u00e8ce d\u2019identit\u00e9 justifiant de la nationalit\u00e9 fran\u00e7aise (carte nationale [&hellip;]<\/p>\n","protected":false},"author":2,"featured_media":5424,"parent":1380,"menu_order":23,"comment_status":"closed","ping_status":"closed","template":"","meta":{"footnotes":""},"class_list":["post-1386","page","type-page","status-publish","has-post-thumbnail","hentry"],"_links":{"self":[{"href":"https:\/\/www.putanges-le-lac.fr\/index.php?rest_route=\/wp\/v2\/pages\/1386","targetHints":{"allow":["GET"]}}],"collection":[{"href":"https:\/\/www.putanges-le-lac.fr\/index.php?rest_route=\/wp\/v2\/pages"}],"about":[{"href":"https:\/\/www.putanges-le-lac.fr\/index.php?rest_route=\/wp\/v2\/types\/page"}],"author":[{"embeddable":true,"href":"https:\/\/www.putanges-le-lac.fr\/index.php?rest_route=\/wp\/v2\/users\/2"}],"replies":[{"embeddable":true,"href":"https:\/\/www.putanges-le-lac.fr\/index.php?rest_route=%2Fwp%2Fv2%2Fcomments&post=1386"}],"version-history":[{"count":19,"href":"https:\/\/www.putanges-le-lac.fr\/index.php?rest_route=\/wp\/v2\/pages\/1386\/revisions"}],"predecessor-version":[{"id":5436,"href":"https:\/\/www.putanges-le-lac.fr\/index.php?rest_route=\/wp\/v2\/pages\/1386\/revisions\/5436"}],"up":[{"embeddable":true,"href":"https:\/\/www.putanges-le-lac.fr\/index.php?rest_route=\/wp\/v2\/pages\/1380"}],"wp:featuredmedia":[{"embeddable":true,"href":"https:\/\/www.putanges-le-lac.fr\/index.php?rest_route=\/wp\/v2\/media\/5424"}],"wp:attachment":[{"href":"https:\/\/www.putanges-le-lac.fr\/index.php?rest_route=%2Fwp%2Fv2%2Fmedia&parent=1386"}],"curies":[{"name":"wp","href":"https:\/\/api.w.org\/{rel}","templated":true}]}}