{"id":1390,"date":"2017-01-12T15:35:53","date_gmt":"2017-01-12T15:35:53","guid":{"rendered":"http:\/\/www.ville-putanges.fr\/?page_id=1390"},"modified":"2025-12-10T08:35:49","modified_gmt":"2025-12-10T08:35:49","slug":"mariage","status":"publish","type":"page","link":"https:\/\/www.putanges-le-lac.fr\/?page_id=1390","title":{"rendered":"Mariage"},"content":{"rendered":"<p><img loading=\"lazy\" decoding=\"async\" class=\"size-full wp-image-4065 aligncenter\" src=\"http:\/\/www.ville-putanges.fr\/wp-content\/uploads\/wedding_ring_jewelry_love_family.jpg\" alt=\"\" width=\"650\" height=\"340\" srcset=\"https:\/\/www.putanges-le-lac.fr\/wp-content\/uploads\/wedding_ring_jewelry_love_family.jpg 650w, https:\/\/www.putanges-le-lac.fr\/wp-content\/uploads\/wedding_ring_jewelry_love_family-300x157.jpg 300w, https:\/\/www.putanges-le-lac.fr\/wp-content\/uploads\/wedding_ring_jewelry_love_family-600x314.jpg 600w\" sizes=\"(max-width: 650px) 100vw, 650px\" \/><\/p>\n<p style=\"text-align: center;\">Pour se marier en France, il faut respecter certaines conditions notamment d&rsquo;\u00e2ge ou de r\u00e9sidence.<\/p>\n<h4 style=\"text-align: left;\"><span style=\"color: #0000ff;\">Qui peut se marier ?<\/span><\/h4>\n<ul>\n<li>Il faut \u00eatre majeur, une dispense d&rsquo;\u00e2ge peut \u00eatre accord\u00e9e, exceptionnellement, par le procureur de la R\u00e9publique pour des motifs graves.<\/li>\n<li>Vous ne devez pas \u00eatre d\u00e9j\u00e0 mari\u00e9, que ce soit au regard de la loi fran\u00e7aise ou d&rsquo;une loi \u00e9trang\u00e8re.<\/li>\n<li>Une personne en instance de divorce ou simplement s\u00e9par\u00e9e de corps est consid\u00e9r\u00e9e comme encore mari\u00e9e.<\/li>\n<li>Par contre, il est possible d&rsquo;\u00eatre d\u00e9j\u00e0 engag\u00e9 par un PACS, conclu ou non avec le futur \u00e9poux.<\/li>\n<li>Un lien de parent\u00e9 ou d&rsquo;alliance trop proche est une cause d&#8217;emp\u00eachement du mariage.<\/li>\n<li>Chacun doit consentir au mariage, de fa\u00e7on libre et \u00e9clair\u00e9e.<\/li>\n<li>Si l&rsquo;un des futurs \u00e9poux est sous tutelle ou sous curatelle, il doit obtenir l&rsquo;accord du curateur, du juge des tutelles ou du conseil de famille.<\/li>\n<li>A d\u00e9faut de consentement libre et \u00e9clair\u00e9, le mariage est d\u00e9clar\u00e9 nul sur demande d&rsquo;un des \u00e9poux ou du procureur de la R\u00e9publique, dans un d\u00e9lai de 5 ans.<\/li>\n<\/ul>\n<h4><\/h4>\n<p>&nbsp;<\/p>\n<h4><span style=\"color: #0000ff;\">O\u00f9 peut-on se marier ?<\/span><\/h4>\n<p style=\"text-align: center;\">Le mariage est c\u00e9l\u00e9br\u00e9 dans la commune avec laquelle au moins l&rsquo;un des deux a des liens durables, de fa\u00e7on directe ou indirecte (via un parent).<\/p>\n<ul>\n<li><em>Commune du domicile<\/em><\/li>\n<\/ul>\n<p style=\"padding-left: 30px;\">Le mariage peut-\u00eatre c\u00e9l\u00e9br\u00e9 dans la commune o\u00f9 l&rsquo;un des futurs \u00e9poux a son domicile. Aucune condition d&rsquo;anciennet\u00e9 du domicile est pr\u00e9vue.<\/p>\n<ul>\n<li><em>Commune de r\u00e9sidence<\/em><\/li>\n<\/ul>\n<p style=\"padding-left: 30px;\">Le mariage peut-\u00eatre c\u00e9l\u00e9br\u00e9 dans la commune o\u00f9 l&rsquo;un des futurs \u00e9poux a sa r\u00e9sidence, \u00e9tablie par au moins 1 mois d&rsquo;habitation continue.<\/p>\n<ul>\n<li><em>Commune d&rsquo;un parent<\/em><\/li>\n<\/ul>\n<p style=\"padding-left: 30px;\">Le mariage peut \u00e9galement \u00eatre c\u00e9l\u00e9br\u00e9 dans la commune du domicile d&rsquo;un des parents (p\u00e8re ou m\u00e8re) des futurs \u00e9poux. Il peut s&rsquo;agir aussi de la r\u00e9sidence principale ou secondaire d&rsquo;un des parents.<\/p>\n<p>&nbsp;<\/p>\n<h4><span style=\"color: #0000ff;\">D\u00e9p\u00f4t du dossier de mariage<\/span><\/h4>\n<p>Le dossier doit \u00eatre d\u00e9pos\u00e9 \u00e0 la mairie de la commune choisie pour la c\u00e9r\u00e9monie. Chacun des futurs \u00e9poux devra fournir les pi\u00e8ces suivantes :<\/p>\n<ul>\n<li>L&rsquo;original et la photocopie de la carte nationale d&rsquo;identit\u00e9<\/li>\n<li>Copie int\u00e9grale de son acte de naissance de moins de 3 mois, si le service qui d\u00e9livre l&rsquo;acte est fran\u00e7ais, ou de moins de 6 mois si le service qui d\u00e9livre l&rsquo;acte est \u00e9tranger<\/li>\n<li>Justificatif de domicile<\/li>\n<li>Informations sur les t\u00e9moins et une copie de leur titre d&rsquo;identit\u00e9<\/li>\n<\/ul>\n<p>Si un contrat de mariage est conclu, il faut fournir le certificat de notaire.<\/p>\n<p>Dans certaines situations familiales particuli\u00e8res (veuvage par exemple), des pi\u00e8ces compl\u00e9mentaires peuvent \u00eatre demand\u00e9es.<\/p>\n","protected":false},"excerpt":{"rendered":"<p>Pour se marier en France, il faut respecter certaines conditions notamment d&rsquo;\u00e2ge ou de r\u00e9sidence. Qui peut se marier ? Il faut \u00eatre majeur, une dispense d&rsquo;\u00e2ge peut \u00eatre accord\u00e9e, [&hellip;]<\/p>\n","protected":false},"author":2,"featured_media":0,"parent":1380,"menu_order":21,"comment_status":"closed","ping_status":"closed","template":"","meta":{"footnotes":""},"class_list":["post-1390","page","type-page","status-publish","hentry"],"_links":{"self":[{"href":"https:\/\/www.putanges-le-lac.fr\/index.php?rest_route=\/wp\/v2\/pages\/1390","targetHints":{"allow":["GET"]}}],"collection":[{"href":"https:\/\/www.putanges-le-lac.fr\/index.php?rest_route=\/wp\/v2\/pages"}],"about":[{"href":"https:\/\/www.putanges-le-lac.fr\/index.php?rest_route=\/wp\/v2\/types\/page"}],"author":[{"embeddable":true,"href":"https:\/\/www.putanges-le-lac.fr\/index.php?rest_route=\/wp\/v2\/users\/2"}],"replies":[{"embeddable":true,"href":"https:\/\/www.putanges-le-lac.fr\/index.php?rest_route=%2Fwp%2Fv2%2Fcomments&post=1390"}],"version-history":[{"count":12,"href":"https:\/\/www.putanges-le-lac.fr\/index.php?rest_route=\/wp\/v2\/pages\/1390\/revisions"}],"predecessor-version":[{"id":4755,"href":"https:\/\/www.putanges-le-lac.fr\/index.php?rest_route=\/wp\/v2\/pages\/1390\/revisions\/4755"}],"up":[{"embeddable":true,"href":"https:\/\/www.putanges-le-lac.fr\/index.php?rest_route=\/wp\/v2\/pages\/1380"}],"wp:attachment":[{"href":"https:\/\/www.putanges-le-lac.fr\/index.php?rest_route=%2Fwp%2Fv2%2Fmedia&parent=1390"}],"curies":[{"name":"wp","href":"https:\/\/api.w.org\/{rel}","templated":true}]}}