{"id":17,"date":"2010-09-08T12:47:52","date_gmt":"2010-09-08T12:47:52","guid":{"rendered":"http:\/\/www.mairie-facilement.com\/61ville-putanges\/?page_id=17"},"modified":"2025-03-31T10:17:57","modified_gmt":"2025-03-31T10:17:57","slug":"hebergement","status":"publish","type":"page","link":"https:\/\/www.putanges-le-lac.fr\/?page_id=17","title":{"rendered":"Le Camping Municipal"},"content":{"rendered":"<p><a href=\"http:\/\/www.ville-putanges.fr\/wp-content\/uploads\/Copie-2-de-DSC012931.jpg\"><img loading=\"lazy\" decoding=\"async\" class=\"aligncenter size-full wp-image-4322\" src=\"http:\/\/www.ville-putanges.fr\/wp-content\/uploads\/camping-1.jpg\" alt=\"\" width=\"950\" height=\"713\" srcset=\"https:\/\/www.putanges-le-lac.fr\/wp-content\/uploads\/camping-1.jpg 950w, https:\/\/www.putanges-le-lac.fr\/wp-content\/uploads\/camping-1-300x225.jpg 300w, https:\/\/www.putanges-le-lac.fr\/wp-content\/uploads\/camping-1-768x576.jpg 768w, https:\/\/www.putanges-le-lac.fr\/wp-content\/uploads\/camping-1-600x450.jpg 600w, https:\/\/www.putanges-le-lac.fr\/wp-content\/uploads\/camping-1-750x563.jpg 750w\" sizes=\"(max-width: 950px) 100vw, 950px\" \/><\/a><\/p>\n<h3 style=\"text-align: center;\"><span style=\"color: #0000ff;\"><strong>LE CAMPING DU VAL D&rsquo;ORNE<\/strong><\/span><\/h3>\n<h3 style=\"text-align: center;\">33 places<br \/>\nAccueil camping car<\/h3>\n<h4 style=\"text-align: center;\"><span style=\"color: #3366ff;\"><em><strong>Renseignements<\/strong><\/em><\/span> :<br \/>\nTel. mairie : 02 .33.35.00.25<br \/>\nTel r\u00e9gisseur : 06.24.10.06.33<br \/>\n<a href=\"mailto:accueil@putangeslelac.fr\">accueil@putangeslelac.fr<\/a>\u00a0\u00a0\u00a0 <a href=\"http:\/\/www.ville-putanges.fr\">www.ville-putanges.fr<\/a><\/h4>\n<h4 style=\"text-align: center;\">Tel. office de tourisme : 02.33.35.86.57<br \/>\n<a href=\"http:\/\/www.office-tourisme-putanges.com\">www.office-tourisme-putanges.com<\/a><\/h4>\n<p>&nbsp;<\/p>\n<h2 style=\"text-align: center;\"><u style=\"color: #0000ff;\">Camping en bordure de l\u2019Orne<\/u><\/h2>\n<p style=\"text-align: center;\"><em>Prises \u00e9lectriques europ\u00e9ennes, \u00e9clairage public, douches,\u00a0 lavabos, W.C., bac \u00e0 linge. <\/em><\/p>\n<p style=\"padding-left: 30px;\"><em>\u00a0<\/em><\/p>\n<h2 style=\"text-align: center;\"><span style=\"color: #0000ff;\"><em><u>Nombreuses activit\u00e9s<\/u><\/em>\u00a0:<\/span><\/h2>\n<p style=\"text-align: center;\"><em>P\u00eache \u00e0 la ligne,<\/em><\/p>\n<p style=\"text-align: center;\"><em>Terrains de sports et de d\u00e9tente,<\/em><\/p>\n<p style=\"text-align: center;\"><em>Aire de pic nique au bord de l\u2019eau, <\/em><\/p>\n<p style=\"text-align: center;\"><em>Cano\u00eb Kayak, Stand up Paddle, ski nautique,<\/em><\/p>\n<p style=\"text-align: center;\"><em>Randonn\u00e9es p\u00e9destres, \u00e9questres, VTT, cyclotourisme,<\/em><\/p>\n<p style=\"text-align: center;\"><em>Paintball, croisi\u00e8re sur le lac\u2026<\/em><\/p>\n<p><em>\u00a0<\/em><\/p>\n<h2 style=\"text-align: center;\"><span style=\"color: #0000ff;\"><em><u>Tous commerces et services \u00e0 votre disposition <\/u><\/em><\/span><\/h2>\n<h2 style=\"text-align: center;\"><span style=\"color: #0000ff;\"><em><u>et march\u00e9 le jeudi matin<\/u><\/em><\/span><\/h2>\n<p>&nbsp;<\/p>\n<p><img loading=\"lazy\" decoding=\"async\" class=\"aligncenter wp-image-4325\" src=\"http:\/\/www.ville-putanges.fr\/wp-content\/uploads\/004.jpg\" alt=\"\" width=\"495\" height=\"372\" srcset=\"https:\/\/www.putanges-le-lac.fr\/wp-content\/uploads\/004.jpg 4608w, https:\/\/www.putanges-le-lac.fr\/wp-content\/uploads\/004-300x225.jpg 300w, https:\/\/www.putanges-le-lac.fr\/wp-content\/uploads\/004-768x576.jpg 768w, https:\/\/www.putanges-le-lac.fr\/wp-content\/uploads\/004-600x450.jpg 600w, https:\/\/www.putanges-le-lac.fr\/wp-content\/uploads\/004-750x563.jpg 750w\" sizes=\"(max-width: 495px) 100vw, 495px\" \/><\/p>\n<h3><\/h3>\n<h3 style=\"text-align: center;\"><em><strong><span style=\"color: #0000ff;\">TARIFS 2025<\/span><\/strong><\/em><\/h3>\n<p style=\"text-align: center;\"><strong>Du 1\u1d49\u02b3 avril au 30 septembre 2025 &#8211; Tarifs \u00e0 la nuit\u00e9e<\/strong><\/p>\n<p>&nbsp;<\/p>\n<p style=\"text-align: center;\"><span style=\"text-align: center;\"><strong>11.50\u20ac<\/strong> : Forfait emplacement camping-car ou caravane pour 2 adultes<\/span><br style=\"text-align: center;\" \/><span style=\"text-align: center;\">(pour une nuit tout compris hors \u00e9lectricit\u00e9, remise de 5% pour les adh\u00e9rents de la FFCC)<\/span><\/p>\n<p style=\"text-align: center;\"><strong>2.20\u20ac <\/strong>: Adulte<\/p>\n<p style=\"text-align: center;\"><span style=\"text-align: center;\"><strong>3.50\u20ac<\/strong> : Emplacement<\/span><\/p>\n<p style=\"text-align: center;\"><strong>6.00\u20ac<\/strong> : \u00c9lectricit\u00e9<\/p>\n<p style=\"text-align: center;\"><strong>1.00\u20ac<\/strong> : Animaux<\/p>\n<p style=\"text-align: center;\"><strong>4.00\u20ac<\/strong> : Par Garage mort<\/p>\n<p style=\"text-align: center;\"><strong>1.60\u20ac<\/strong> : Par v\u00e9hicule<\/p>\n<p style=\"text-align: center;\"><strong>1.35\u20ac<\/strong> : Par personne suppl\u00e9mentaire<br \/>\n(gratuit pour les enfants de moins de 7 ans)<\/p>\n<p style=\"text-align: center;\"><strong>1.10\u20ac<\/strong> : Par enfant suppl\u00e9mentaire entre 7 et 18 ans<\/p>\n<p style=\"text-align: center;\">Taxe : <strong>0.40\u20ac<\/strong>\/par nuits\/par personne<\/p>\n<p style=\"text-align: center;\">Pour tout s\u00e9jour sup\u00e9rieur \u00e0 1 mois, remise de 10% sur la totalit\u00e9 de la facture)<\/p>\n<p>&nbsp;<\/p>\n<h3 style=\"text-align: center;\"><span style=\"color: #0000ff;\">TARIF GROUPE DE JEUNES\u00a0:<\/span><\/h3>\n<p style=\"text-align: center;\"><strong>3.80\u20ac<\/strong> tout compris, par personne<\/p>\n<p>&nbsp;<\/p>\n<h3 style=\"text-align: center;\"><span style=\"color: #0000ff;\">BORNE CAMPING-CAR\u00a0:<\/span><\/h3>\n<p style=\"text-align: center;\"><strong>3.00\u20ac<\/strong> le jeton \u00e0 prendre au camping<br \/>\nou \u00e0 l\u2019office de tourisme sur la place de la mairie.<\/p>\n","protected":false},"excerpt":{"rendered":"<p>LE CAMPING DU VAL D&rsquo;ORNE 33 places Accueil camping car Renseignements : Tel. mairie : 02 .33.35.00.25 Tel r\u00e9gisseur : 06.24.10.06.33 accueil@putangeslelac.fr\u00a0\u00a0\u00a0 www.ville-putanges.fr Tel. office de tourisme : 02.33.35.86.57 www.office-tourisme-putanges.com [&hellip;]<\/p>\n","protected":false},"author":2,"featured_media":480,"parent":4462,"menu_order":6,"comment_status":"closed","ping_status":"closed","template":"","meta":{"footnotes":""},"class_list":["post-17","page","type-page","status-publish","has-post-thumbnail","hentry"],"_links":{"self":[{"href":"https:\/\/www.putanges-le-lac.fr\/index.php?rest_route=\/wp\/v2\/pages\/17","targetHints":{"allow":["GET"]}}],"collection":[{"href":"https:\/\/www.putanges-le-lac.fr\/index.php?rest_route=\/wp\/v2\/pages"}],"about":[{"href":"https:\/\/www.putanges-le-lac.fr\/index.php?rest_route=\/wp\/v2\/types\/page"}],"author":[{"embeddable":true,"href":"https:\/\/www.putanges-le-lac.fr\/index.php?rest_route=\/wp\/v2\/users\/2"}],"replies":[{"embeddable":true,"href":"https:\/\/www.putanges-le-lac.fr\/index.php?rest_route=%2Fwp%2Fv2%2Fcomments&post=17"}],"version-history":[{"count":24,"href":"https:\/\/www.putanges-le-lac.fr\/index.php?rest_route=\/wp\/v2\/pages\/17\/revisions"}],"predecessor-version":[{"id":5979,"href":"https:\/\/www.putanges-le-lac.fr\/index.php?rest_route=\/wp\/v2\/pages\/17\/revisions\/5979"}],"up":[{"embeddable":true,"href":"https:\/\/www.putanges-le-lac.fr\/index.php?rest_route=\/wp\/v2\/pages\/4462"}],"wp:featuredmedia":[{"embeddable":true,"href":"https:\/\/www.putanges-le-lac.fr\/index.php?rest_route=\/wp\/v2\/media\/480"}],"wp:attachment":[{"href":"https:\/\/www.putanges-le-lac.fr\/index.php?rest_route=%2Fwp%2Fv2%2Fmedia&parent=17"}],"curies":[{"name":"wp","href":"https:\/\/api.w.org\/{rel}","templated":true}]}}