{"id":36,"date":"2010-09-10T08:33:52","date_gmt":"2010-09-10T08:33:52","guid":{"rendered":"http:\/\/www.mairie-facilement.com\/61ville-putanges\/?page_id=36"},"modified":"2025-12-10T17:41:12","modified_gmt":"2025-12-10T17:41:12","slug":"contact","status":"publish","type":"page","link":"https:\/\/www.putanges-le-lac.fr\/?page_id=36","title":{"rendered":"Contact"},"content":{"rendered":"<table style=\"height: 136px;\" border=\"1\" width=\"637\" cellspacing=\"0\" cellpadding=\"0\">\n<tbody>\n<tr>\n<td valign=\"top\" width=\"614\"><img loading=\"lazy\" decoding=\"async\" class=\"aligncenter size-full wp-image-192\" src=\"http:\/\/www.ville-putanges.fr\/wp-content\/uploads\/MVC-077S.jpg\" alt=\"\" width=\"640\" height=\"480\" srcset=\"https:\/\/www.putanges-le-lac.fr\/wp-content\/uploads\/MVC-077S.jpg 640w, https:\/\/www.putanges-le-lac.fr\/wp-content\/uploads\/MVC-077S-300x225.jpg 300w, https:\/\/www.putanges-le-lac.fr\/wp-content\/uploads\/MVC-077S-150x112.jpg 150w\" sizes=\"(max-width: 640px) 100vw, 640px\" \/><\/p>\n<p><span style=\"text-decoration: underline;\">Vous pouvez nous contacter par voie traditionnelle,<\/span><\/p>\n<p><strong>PUTANGES-PONT-\u00c9CR\u00c9PIN<\/strong><br \/>\n12, Place de l&rsquo;H\u00f4tel de ville<br \/>\n61210 PUTANGES-LE-LAC<br \/>\nT\u00e9l: 02.33.35.00.25<\/p>\n<p><span style=\"text-decoration: underline;\">HORAIRES D OUVERTURES<\/span><\/p>\n<p>LUNDI : 9h00-12h00 \/ 14h00 \u00e0 17h00<br \/>\nMARDI : 9h00-12h00 \/ Ferm\u00e9<br \/>\nMERCREDI : 9h00-12h00 \/ 14h00 \u00e0 17h00<br \/>\nJEUDI : 9h00-12h00 \/ 14h00 \u00e0 17h00<br \/>\nVENDREDI : 9h00-12h00 \/ 14h00 \u00e0 17h00<br \/>\nSAMEDI : 9h00 &#8211; 12h00 \/ Ferm\u00e9<\/p>\n<p>&nbsp;<\/td>\n<\/tr>\n<\/tbody>\n<\/table>\n<table style=\"height: 70px;\" border=\"1\" width=\"636\" cellspacing=\"0\" cellpadding=\"0\">\n<tbody>\n<tr>\n<td valign=\"top\" width=\"614\"><span style=\"text-decoration: underline;\">ou en cliquant sur l&rsquo;adresse email ci-dessous,<\/span><\/p>\n<p>accueil@putangeslelac.fr<\/td>\n<\/tr>\n<\/tbody>\n<\/table>\n<table border=\"1\" cellspacing=\"0\" cellpadding=\"0\">\n<tbody>\n<tr>\n<td valign=\"top\" width=\"614\"><span style=\"text-decoration: underline;\">ou bien en remplissant le formulaire suivant:<\/span><\/p>\n<p>\n<div class=\"wpcf7 no-js\" id=\"wpcf7-f6103-o1\" lang=\"fr-FR\" dir=\"ltr\" data-wpcf7-id=\"6103\">\n<div class=\"screen-reader-response\"><p role=\"status\" aria-live=\"polite\" aria-atomic=\"true\"><\/p> <ul><\/ul><\/div>\n<form action=\"\/index.php?rest_route=%2Fwp%2Fv2%2Fpages%2F36#wpcf7-f6103-o1\" method=\"post\" class=\"wpcf7-form init\" aria-label=\"Formulaire de contact\" novalidate=\"novalidate\" data-status=\"init\">\n<fieldset class=\"hidden-fields-container\"><input type=\"hidden\" name=\"_wpcf7\" value=\"6103\" \/><input type=\"hidden\" name=\"_wpcf7_version\" value=\"6.1.5\" \/><input type=\"hidden\" name=\"_wpcf7_locale\" value=\"fr_FR\" \/><input type=\"hidden\" name=\"_wpcf7_unit_tag\" value=\"wpcf7-f6103-o1\" \/><input type=\"hidden\" name=\"_wpcf7_container_post\" value=\"0\" \/><input type=\"hidden\" name=\"_wpcf7_posted_data_hash\" value=\"\" \/>\n<\/fieldset>\n<p><label> Votre nom<br \/>\n<span class=\"wpcf7-form-control-wrap\" data-name=\"your-name\"><input size=\"40\" maxlength=\"400\" class=\"wpcf7-form-control wpcf7-text wpcf7-validates-as-required\" autocomplete=\"name\" aria-required=\"true\" aria-invalid=\"false\" value=\"\" type=\"text\" name=\"your-name\" \/><\/span> <\/label>\n<\/p>\n<p><label> Votre e-mail<br \/>\n<span class=\"wpcf7-form-control-wrap\" data-name=\"your-email\"><input size=\"40\" maxlength=\"400\" class=\"wpcf7-form-control wpcf7-email wpcf7-validates-as-required wpcf7-text wpcf7-validates-as-email\" autocomplete=\"email\" aria-required=\"true\" aria-invalid=\"false\" value=\"\" type=\"email\" name=\"your-email\" \/><\/span> <\/label>\n<\/p>\n<p><label> Objet<br \/>\n<span class=\"wpcf7-form-control-wrap\" data-name=\"your-subject\"><input size=\"40\" maxlength=\"400\" class=\"wpcf7-form-control wpcf7-text wpcf7-validates-as-required\" aria-required=\"true\" aria-invalid=\"false\" value=\"\" type=\"text\" name=\"your-subject\" \/><\/span> <\/label>\n<\/p>\n<p><label> Votre message (facultatif)<br \/>\n<span class=\"wpcf7-form-control-wrap\" data-name=\"your-message\"><textarea cols=\"40\" rows=\"10\" maxlength=\"2000\" class=\"wpcf7-form-control wpcf7-textarea\" aria-invalid=\"false\" name=\"your-message\"><\/textarea><\/span> <\/label>\n<\/p>\n<p><div class=\"dscf7-captcha-container\"><input name=\"dscf7_hidden_val1-tag-generator-panel-dscf7captcha\" id=\"dscf7_hidden_val1-tag-generator-panel-dscf7captcha\" type=\"hidden\" value=\"1\" \/><input name=\"dscf7_hidden_val2-tag-generator-panel-dscf7captcha\" id=\"dscf7_hidden_val2-tag-generator-panel-dscf7captcha\" type=\"hidden\" value=\"2\" \/><input name=\"dscf7_hidden_action-tag-generator-panel-dscf7captcha\" id=\"dscf7_hidden_action-tag-generator-panel-dscf7captcha\" type=\"hidden\" value=\"x\" \/><div class=\"dscf7-question-container\"><span class=\"dscf7_lt\">Combien font 2 x 1 ? <a href=\"javascript:void(0)\" id=\"tag-generator-panel-dscf7captcha\" class=\"dscf7_refresh_captcha\" aria-label=\"Actualiser le captcha\"><img decoding=\"async\" class=\"dscf7_captcha_icon\" src=\"https:\/\/www.putanges-le-lac.fr\/wp-content\/plugins\/ds-cf7-math-captcha\/assets\/img\/icons8-refresh-30.png\" alt=\"Icone d actualisation\"\/><img decoding=\"async\" class=\"dscf7_captcha_reload_icon\" src=\"https:\/\/www.putanges-le-lac.fr\/wp-content\/plugins\/ds-cf7-math-captcha\/assets\/img\/446bcd468478f5bfb7b4e5c804571392_w200.gif\" alt=\"Actualisation du captcha\" style=\"display:none; width:30px\" \/><\/a><\/span><\/div><div class=\"dscf7-answer-container\"><label for=\"tag-generator-panel-dscf7captcha-input\" class=\"screen-reader-text\">Reponse pour 2 x 1<\/label><span class=\"wpcf7-form-control-wrap\" data-name=\"tag-generator-panel-dscf7captcha\"><input type=\"text\" id=\"tag-generator-panel-dscf7captcha-input\" aria-label=\"Reponse pour 2 x 1\" class=\"wpcf7-form-control wpcf7-text\" size=\"5\" value=\"\" name=\"tag-generator-panel-dscf7captcha\" placeholder=\"Saisissez votre reponse\" style=\"\" oninput=\"this.value = this.value.replace(\/[^0-9.]\/g, '').replace(\/(\\..*)\\.\/g, '$1');\"><\/span><input type=\"hidden\" name=\"ds_cf7_nonce\" value=\"62deda3ec0\"><\/div><\/div>\n<\/p>\n<p><input class=\"wpcf7-form-control wpcf7-submit has-spinner\" type=\"submit\" value=\"Envoyer\" \/>\n<\/p><div class=\"wpcf7-response-output\" aria-hidden=\"true\"><\/div>\n<\/form>\n<\/div>\n<\/td>\n<\/tr>\n<\/tbody>\n<\/table>\n<table border=\"1\" cellspacing=\"0\" cellpadding=\"0\">\n<tbody>\n<tr>\n<td valign=\"top\" width=\"614\">Conform\u00e9ment \u00e0 la loi Informatique et Libert\u00e9s du 6 janvier 1978, vous b\u00e9n\u00e9ficiez d&rsquo;un droit d&rsquo;acc\u00e8s, de rectification et de suppression des donn\u00e9es qui vous concernent, par simple lettre \u00e0 la Mairie de Putanges-Le-Lac, Place de l&rsquo;H\u00f4tel de Ville, 61210 Putanges-Le-Lac ou par e-mail \u00e0 accueil@putangeslelac.fr<\/td>\n<\/tr>\n<\/tbody>\n<\/table>\n<p style=\"text-align: left;\">\n","protected":false},"excerpt":{"rendered":"<p>Vous pouvez nous contacter par voie traditionnelle, PUTANGES-PONT-\u00c9CR\u00c9PIN 12, Place de l&rsquo;H\u00f4tel de ville 61210 PUTANGES-LE-LAC T\u00e9l: 02.33.35.00.25 HORAIRES D OUVERTURES LUNDI : 9h00-12h00 \/ 14h00 \u00e0 17h00 MARDI : [&hellip;]<\/p>\n","protected":false},"author":2,"featured_media":0,"parent":0,"menu_order":10,"comment_status":"closed","ping_status":"closed","template":"","meta":{"footnotes":""},"class_list":["post-36","page","type-page","status-publish","hentry"],"_links":{"self":[{"href":"https:\/\/www.putanges-le-lac.fr\/index.php?rest_route=\/wp\/v2\/pages\/36","targetHints":{"allow":["GET"]}}],"collection":[{"href":"https:\/\/www.putanges-le-lac.fr\/index.php?rest_route=\/wp\/v2\/pages"}],"about":[{"href":"https:\/\/www.putanges-le-lac.fr\/index.php?rest_route=\/wp\/v2\/types\/page"}],"author":[{"embeddable":true,"href":"https:\/\/www.putanges-le-lac.fr\/index.php?rest_route=\/wp\/v2\/users\/2"}],"replies":[{"embeddable":true,"href":"https:\/\/www.putanges-le-lac.fr\/index.php?rest_route=%2Fwp%2Fv2%2Fcomments&post=36"}],"version-history":[{"count":22,"href":"https:\/\/www.putanges-le-lac.fr\/index.php?rest_route=\/wp\/v2\/pages\/36\/revisions"}],"predecessor-version":[{"id":6105,"href":"https:\/\/www.putanges-le-lac.fr\/index.php?rest_route=\/wp\/v2\/pages\/36\/revisions\/6105"}],"wp:attachment":[{"href":"https:\/\/www.putanges-le-lac.fr\/index.php?rest_route=%2Fwp%2Fv2%2Fmedia&parent=36"}],"curies":[{"name":"wp","href":"https:\/\/api.w.org\/{rel}","templated":true}]}}