{"id":3993,"date":"2018-02-05T15:06:35","date_gmt":"2018-02-05T15:06:35","guid":{"rendered":"http:\/\/www.ville-putanges.fr\/?page_id=3993"},"modified":"2025-12-10T08:42:50","modified_gmt":"2025-12-10T08:42:50","slug":"declaration-prealable","status":"publish","type":"page","link":"https:\/\/www.putanges-le-lac.fr\/?page_id=3993","title":{"rendered":"D\u00e9claration Pr\u00e9alable"},"content":{"rendered":"<p><img loading=\"lazy\" decoding=\"async\" class=\"size-full wp-image-4004 aligncenter\" src=\"http:\/\/www.ville-putanges.fr\/wp-content\/uploads\/modele-declaration-prealable-de-travaux-3.jpg\" alt=\"\" width=\"893\" height=\"374\" srcset=\"https:\/\/www.putanges-le-lac.fr\/wp-content\/uploads\/modele-declaration-prealable-de-travaux-3.jpg 893w, https:\/\/www.putanges-le-lac.fr\/wp-content\/uploads\/modele-declaration-prealable-de-travaux-3-300x126.jpg 300w, https:\/\/www.putanges-le-lac.fr\/wp-content\/uploads\/modele-declaration-prealable-de-travaux-3-768x322.jpg 768w, https:\/\/www.putanges-le-lac.fr\/wp-content\/uploads\/modele-declaration-prealable-de-travaux-3-600x251.jpg 600w, https:\/\/www.putanges-le-lac.fr\/wp-content\/uploads\/modele-declaration-prealable-de-travaux-3-750x314.jpg 750w\" sizes=\"(max-width: 893px) 100vw, 893px\" \/><\/p>\n<p>&nbsp;<\/p>\n<div id=\"intro\" class=\"lead\" style=\"text-align: center;\">\n<p>La d\u00e9claration pr\u00e9alable permet \u00e0 l&rsquo;administration de v\u00e9rifier que le projet de construction respecte bien les r\u00e8gles d&rsquo;urbanisme en vigueur.Elle est g\u00e9n\u00e9ralement exig\u00e9e pour la r\u00e9alisation d&rsquo;am\u00e9nagement de faible importance.<\/p>\n<\/div>\n<h3><span style=\"color: #0000ff;\">Travaux concern\u00e9s<\/span><\/h3>\n<div class=\"content-fiche\">\n<p>Une d\u00e9claration pr\u00e9alable de travaux est obligatoire notamment dans les cas suivants\u00a0:<\/p>\n<div class=\"fiche-item\">\n<div id=\"fiche-item-1\" class=\"fiche-item-content collapse in\">\n<ul>\n<li>construction nouvelle (garage, d\u00e9pendance&#8230;) ou travaux sur une construction existante ayant pour r\u00e9sultat la cr\u00e9ation d&rsquo;une <dfn><a title=\"surface de plancher : Unit\u00e9 de calcul des surfaces de constructions servant \u00e0 la d\u00e9livrance des autorisations d'urbanisme\" href=\"https:\/\/www.service-public.fr\/particuliers\/glossaire\/R11405\" data-definition=\"R11405\" data-xiti-name=\"Particuliers::Vos_droits::Navigation_Directe::surface_de_plancher\">surface de plancher<\/a><\/dfn> ou d&rsquo;une <dfn><a title=\"emprise au sol : Projection verticale du volume de la construction, tous d\u00e9bords et surplombs inclus. Les ornements tels que les \u00e9l\u00e9ments de mod\u00e9nature (moulure, par exemple) et les marquises en sont exclus, ainsi que les d\u00e9bords de toiture lorsqu'ils ne sont pas soutenus par des poteaux ou des encorbellements.\" href=\"https:\/\/www.service-public.fr\/particuliers\/glossaire\/R15257\" data-definition=\"R15257\" data-xiti-name=\"Particuliers::Vos_droits::Navigation_Directe::emprise_au_sol\">emprise au sol<\/a><\/dfn> comprise entre 5 m<sup>\u00b2<\/sup> et 20 m<sup>\u00b2<\/sup>. Pour les travaux sur une construction existante, ce seuil est port\u00e9 \u00e0 40 m<sup>\u00b2<\/sup> si la construction est situ\u00e9e dans une zone urbaine couverte par un plan local d&rsquo;urbanisme (PLU) ou un plan d&rsquo;occupation des sols (POS),<\/li>\n<li>construction d&rsquo;un mur d&rsquo;une hauteur au-dessus du sol sup\u00e9rieure ou \u00e9gale \u00e0 2 m,<\/li>\n<li>construction d&rsquo;une piscine dont le bassin a une superficie inf\u00e9rieure ou \u00e9gale \u00e0 100 m<sup>\u00b2<\/sup> non couverte ou dont la couverture (fixe ou mobile) a une hauteur au-dessus du sol inf\u00e9rieure \u00e0 1,80 m,<\/li>\n<li>travaux modifiant l&rsquo;aspect initial ext\u00e9rieur d&rsquo;une construction (par exemple, remplacement d&rsquo;une fen\u00eatre ou porte par un autre mod\u00e8le, percement d&rsquo;une nouvelle fen\u00eatre, choix d&rsquo;une nouvelle couleur de peinture pour la fa\u00e7ade),<\/li>\n<li>travaux de ravalement s&rsquo;ils se d\u00e9roulent dans un espace faisant l&rsquo;objet d&rsquo;une protection particuli\u00e8re (par exemple, <a href=\"https:\/\/www.service-public.fr\/professionnels-entreprises\/vosdroits\/F32190\">abord d&rsquo;un monument historique<\/a>),<\/li>\n<li><a href=\"https:\/\/www.service-public.fr\/particuliers\/vosdroits\/F2416\">changement de destination<\/a> d&rsquo;un local (par exemple, transformation d&rsquo;un local commercial en local d&rsquo;habitation) sans modification des structures porteuses ou de la fa\u00e7ade du b\u00e2timent,<\/li>\n<li>r\u00e9alisation d&rsquo;une division fonci\u00e8re notamment pour en d\u00e9tacher un ou plusieurs lots.<\/li>\n<\/ul>\n<div class=\"bloc-edito bloc-aSavoir\">\n<p class=\"bloc-edito-title\"><strong>\u00c0 savoir :<\/strong><\/p>\n<p>les travaux ayant pour effet la cr\u00e9ation d&rsquo;une surface d&rsquo;au moins 20 m<sup>\u00b2<\/sup> et au plus 40 m<sup>\u00b2<\/sup> n\u00e9cessitent un <a href=\"https:\/\/www.service-public.fr\/particuliers\/vosdroits\/F1986\">permis de construire<\/a> si, apr\u00e8s r\u00e9alisation, la surface ou l&#8217;emprise totale de la construction d\u00e9passe 150 m<sup>\u00b2<\/sup>.<\/p>\n<\/div>\n<\/div>\n<\/div>\n<\/div>\n<p>&nbsp;<\/p>\n<h3><span style=\"color: #0000ff;\">D\u00e9p\u00f4t de la demande<\/span><\/h3>\n<p style=\"text-align: center;\"><a href=\"https:\/\/www.service-public.fr\/particuliers\/vosdroits\/F17578\">Formulaire \u00ab\u00a0D\u00e9claration Pr\u00e9alable\u00a0\u00bb<\/a><\/p>\n<p>Le formulaire doit \u00eatre compl\u00e9t\u00e9 de pi\u00e8ces, dont la liste est limitativement \u00e9num\u00e9r\u00e9e sur la notice de d\u00e9claration pr\u00e9alable de travaux.<\/p>\n<p>Vous devez remettre votre dossier (formulaire et pi\u00e8ces justificatives) \u00e0 votre mairie en 2 exemplaires.<\/p>\n<p>Celui-ci peut \u00eatre d\u00e9pos\u00e9 sur place ou envoy\u00e9 par lettre recommand\u00e9e avec avis de r\u00e9ception.<\/p>\n<p>Des exemplaires suppl\u00e9mentaires sont parfois n\u00e9cessaires si les travaux ou am\u00e9nagements sont situ\u00e9s dans un secteur prot\u00e9g\u00e9 (monument historique, site, r\u00e9serve naturelle, parc national&#8230;).<\/p>\n<p>\u00c0 cette occasion, la mairie vous d\u00e9livre (ou vous envoie) un r\u00e9c\u00e9piss\u00e9 comportant un num\u00e9ro d&rsquo;enregistrement qui mentionne le point de d\u00e9part de la date \u00e0 partir de laquelle les travaux pourront commencer en l&rsquo;absence d&rsquo;opposition du service instructeur.<\/p>\n<p>&nbsp;<\/p>\n<h3><span style=\"color: #0000ff;\">D\u00e9lai d&rsquo;instruction<\/span><\/h3>\n<p>Le d\u00e9lai d&rsquo;instruction est g\u00e9n\u00e9ralement de 1 mois \u00e0 partir de la date du d\u00e9p\u00f4t de la d\u00e9claration pr\u00e9alable.<\/p>\n<p>&nbsp;<\/p>\n<p><em><span style=\"color: #ff0000;\">\u21d2 Pour plus d&rsquo;informations, rendez-vous sur le site officiel de l&rsquo;administration fran\u00e7ais, <span style=\"color: #000000;\"><a style=\"color: #000000;\" href=\"https:\/\/www.service-public.fr\/particuliers\/vosdroits\/F17578\">Service Public.fr<\/a><\/span><\/span><\/em><img loading=\"lazy\" decoding=\"async\" class=\"size-full wp-image-4007 aligncenter\" src=\"http:\/\/www.ville-putanges.fr\/wp-content\/uploads\/index.png\" alt=\"\" width=\"323\" height=\"156\" srcset=\"https:\/\/www.putanges-le-lac.fr\/wp-content\/uploads\/index.png 323w, https:\/\/www.putanges-le-lac.fr\/wp-content\/uploads\/index-300x145.png 300w\" sizes=\"(max-width: 323px) 100vw, 323px\" \/><\/p>\n<p>&nbsp;<\/p>\n","protected":false},"excerpt":{"rendered":"<p>&nbsp; La d\u00e9claration pr\u00e9alable permet \u00e0 l&rsquo;administration de v\u00e9rifier que le projet de construction respecte bien les r\u00e8gles d&rsquo;urbanisme en vigueur.Elle est g\u00e9n\u00e9ralement exig\u00e9e pour la r\u00e9alisation d&rsquo;am\u00e9nagement de faible [&hellip;]<\/p>\n","protected":false},"author":7,"featured_media":0,"parent":1388,"menu_order":91,"comment_status":"closed","ping_status":"closed","template":"","meta":{"footnotes":""},"class_list":["post-3993","page","type-page","status-publish","hentry"],"_links":{"self":[{"href":"https:\/\/www.putanges-le-lac.fr\/index.php?rest_route=\/wp\/v2\/pages\/3993","targetHints":{"allow":["GET"]}}],"collection":[{"href":"https:\/\/www.putanges-le-lac.fr\/index.php?rest_route=\/wp\/v2\/pages"}],"about":[{"href":"https:\/\/www.putanges-le-lac.fr\/index.php?rest_route=\/wp\/v2\/types\/page"}],"author":[{"embeddable":true,"href":"https:\/\/www.putanges-le-lac.fr\/index.php?rest_route=\/wp\/v2\/users\/7"}],"replies":[{"embeddable":true,"href":"https:\/\/www.putanges-le-lac.fr\/index.php?rest_route=%2Fwp%2Fv2%2Fcomments&post=3993"}],"version-history":[{"count":10,"href":"https:\/\/www.putanges-le-lac.fr\/index.php?rest_route=\/wp\/v2\/pages\/3993\/revisions"}],"predecessor-version":[{"id":4080,"href":"https:\/\/www.putanges-le-lac.fr\/index.php?rest_route=\/wp\/v2\/pages\/3993\/revisions\/4080"}],"up":[{"embeddable":true,"href":"https:\/\/www.putanges-le-lac.fr\/index.php?rest_route=\/wp\/v2\/pages\/1388"}],"wp:attachment":[{"href":"https:\/\/www.putanges-le-lac.fr\/index.php?rest_route=%2Fwp%2Fv2%2Fmedia&parent=3993"}],"curies":[{"name":"wp","href":"https:\/\/api.w.org\/{rel}","templated":true}]}}