{"id":3995,"date":"2018-02-05T15:06:52","date_gmt":"2018-02-05T15:06:52","guid":{"rendered":"http:\/\/www.ville-putanges.fr\/?page_id=3995"},"modified":"2025-12-10T08:43:01","modified_gmt":"2025-12-10T08:43:01","slug":"permis-de-construire","status":"publish","type":"page","link":"https:\/\/www.putanges-le-lac.fr\/?page_id=3995","title":{"rendered":"Permis de Construire"},"content":{"rendered":"<p><img loading=\"lazy\" decoding=\"async\" class=\"wp-image-4010 aligncenter\" src=\"http:\/\/www.ville-putanges.fr\/wp-content\/uploads\/permis3.jpg\" alt=\"\" width=\"861\" height=\"572\" srcset=\"https:\/\/www.putanges-le-lac.fr\/wp-content\/uploads\/permis3.jpg 1000w, https:\/\/www.putanges-le-lac.fr\/wp-content\/uploads\/permis3-300x199.jpg 300w, https:\/\/www.putanges-le-lac.fr\/wp-content\/uploads\/permis3-768x510.jpg 768w, https:\/\/www.putanges-le-lac.fr\/wp-content\/uploads\/permis3-600x398.jpg 600w, https:\/\/www.putanges-le-lac.fr\/wp-content\/uploads\/permis3-750x498.jpg 750w\" sizes=\"(max-width: 861px) 100vw, 861px\" \/><\/p>\n<p>&nbsp;<\/p>\n<p style=\"text-align: center;\">Un permis de construire est g\u00e9n\u00e9ralement exig\u00e9 pour tous les travaux de grande ampleur.<\/p>\n<div>\n<h3 class=\"fiche-title-1\"><\/h3>\n<p>&nbsp;<\/p>\n<h3 class=\"fiche-title-1\"><span style=\"color: #0000ff;\">Travaux cr\u00e9ant une nouvelle construction<\/span><\/h3>\n<p>Les constructions nouvelles sont celles ind\u00e9pendantes de tout b\u00e2timent existant.<\/p>\n<p>Elles doivent \u00eatre pr\u00e9c\u00e9d\u00e9es de la d\u00e9livrance d&rsquo;un permis de construire, \u00e0 l&rsquo;exception\u00a0:<\/p>\n<ul>\n<li>des constructions dispens\u00e9es de toute formalit\u00e9 comme les <a href=\"https:\/\/www.service-public.fr\/particuliers\/vosdroits\/F31404\">piscines<\/a> de moins de 10 m\u00b2 ou les <a href=\"https:\/\/www.service-public.fr\/particuliers\/vosdroits\/F662\">abris de jardin<\/a> de moins de 5 m\u00b2,<\/li>\n<li>et de celles qui doivent faire l&rsquo;objet d&rsquo;une <a href=\"https:\/\/www.service-public.fr\/particuliers\/vosdroits\/F17578\">d\u00e9claration pr\u00e9alable<\/a>.<\/li>\n<\/ul>\n<\/div>\n<div>\n<h3 class=\"fiche-title-1\"><\/h3>\n<p>&nbsp;<\/p>\n<h3 class=\"fiche-title-1\"><span style=\"color: #0000ff;\">Travaux sur une construction existante<\/span><\/h3>\n<p>Les travaux sur une construction existante concernent par exemple l&rsquo;agrandissement d&rsquo;une maison.<\/p>\n<p>Les r\u00e8gles diff\u00e9rent selon que votre projet est situ\u00e9 ou non en zone urbaine d&rsquo;une commune dot\u00e9e d&rsquo;un plan local d&rsquo;urbanisme (PLU) ou d&rsquo;un plan d&rsquo;occupation des sols (POS).<\/p>\n<p><span style=\"color: #ff0000;\"><em><strong>\u21d2 Pour le savoir, vous devez contacter votre mairie.<\/strong><\/em><\/span><\/p>\n<\/div>\n<p>&nbsp;<\/p>\n<h3><span style=\"color: #0000ff;\">D\u00e9p\u00f4t de la demande<\/span><\/h3>\n<p style=\"text-align: center;\"><a href=\"https:\/\/www.service-public.fr\/particuliers\/vosdroits\/F1986\">Formulaire \u00ab\u00a0Permis de Construire\u00a0\u00bb<\/a><\/p>\n<p>Le formulaire doit \u00eatre compl\u00e9t\u00e9 de pi\u00e8ces dont la liste est limitativement \u00e9num\u00e9r\u00e9e sur la notice du formulaire.<\/p>\n<p>Vous devez remettre votre dossier (formulaire et pi\u00e8ces \u00e0 fournir) \u00e0 votre mairie en 4 exemplaires.<\/p>\n<p>Celui-ci peut \u00eatre d\u00e9pos\u00e9 sur place ou envoy\u00e9 par lettre recommand\u00e9e avec avis de r\u00e9ception.<\/p>\n<p>Des exemplaires suppl\u00e9mentaires sont parfois n\u00e9cessaires (cas par exemple pour des travaux sur une construction situ\u00e9e dans un secteur prot\u00e9g\u00e9 ou des travaux soumis \u00e0 l&rsquo;avis ou l&rsquo;accord des B\u00e2timents de France&#8230;).<\/p>\n<p>\u00c0 cette occasion, la mairie vous d\u00e9livre ou vous envoie un r\u00e9c\u00e9piss\u00e9 avec un num\u00e9ro d&rsquo;enregistrement mentionnant le point de d\u00e9part de la date \u00e0 partir de laquelle les travaux pourront commencer.<\/p>\n<p><strong><span style=\"color: #ff0000;\">\u21d2 Pour savoir si vous entrez dans ce cas de figure, vous devez au pr\u00e9alable vous renseigner aupr\u00e8s du service urbanisme de votre mairie.<\/span><\/strong><\/p>\n<p>&nbsp;<\/p>\n<h3><span style=\"color: #0000ff;\">D\u00e9lai d&rsquo;instruction<\/span><\/h3>\n<p>Le d\u00e9lai d&rsquo;instruction est de 2 mois.<\/p>\n<p>&nbsp;<\/p>\n<h3><span style=\"color: #0000ff;\">D\u00e9lai de validit\u00e9 du permis de construire<\/span><\/h3>\n<p>La dur\u00e9e de validit\u00e9 d&rsquo;un permis de construire est de 3 ans. Ce d\u00e9lai peut \u00eatre <dfn><a title=\"prorog\u00e9 : Maintien d'un droit (ou d'une situation) apr\u00e8s la date \u00e0 laquelle il devait prendre fin\" href=\"https:\/\/www.service-public.fr\/particuliers\/glossaire\/R1129\" data-definition=\"R1129\" data-xiti-name=\"Particuliers::Vos_droits::Navigation_Directe::prorog\u00e9\">prorog\u00e9<\/a><\/dfn> de 2 fois 1 an.<\/p>\n<p>La demande de prorogation doit \u00eatre faite par courrier en double exemplaire 2 mois au moins avant l&rsquo;expiration du d\u00e9lai de validit\u00e9 initiale de votre permis de construire. Ce courrier doit \u00eatre adress\u00e9 par lettre recommand\u00e9 avec avis de r\u00e9ception ou d\u00e9pos\u00e9 en mairie.<\/p>\n<p>La mairie dispose de 2 mois pour rendre sa r\u00e9ponse. Si la mairie n&rsquo;a pas r\u00e9pondu dans un d\u00e9lai de 2 mois, votre demande de prorogation est accept\u00e9e.<\/p>\n<p>&nbsp;<\/p>\n<p>Pour tout renseignements compl\u00e9mentaires, rendez-vous sur le site officiel de l&rsquo;administration fran\u00e7aise <a href=\"https:\/\/www.service-public.fr\/particuliers\/vosdroits\/F1986\">Service Public.fr<\/a><\/p>\n<p><img loading=\"lazy\" decoding=\"async\" class=\" wp-image-4007 aligncenter\" src=\"http:\/\/www.ville-putanges.fr\/wp-content\/uploads\/index.png\" alt=\"\" width=\"321\" height=\"155\" srcset=\"https:\/\/www.putanges-le-lac.fr\/wp-content\/uploads\/index.png 323w, https:\/\/www.putanges-le-lac.fr\/wp-content\/uploads\/index-300x145.png 300w\" sizes=\"(max-width: 321px) 100vw, 321px\" \/><\/p>\n","protected":false},"excerpt":{"rendered":"<p>&nbsp; Un permis de construire est g\u00e9n\u00e9ralement exig\u00e9 pour tous les travaux de grande ampleur. &nbsp; Travaux cr\u00e9ant une nouvelle construction Les constructions nouvelles sont celles ind\u00e9pendantes de tout b\u00e2timent [&hellip;]<\/p>\n","protected":false},"author":7,"featured_media":0,"parent":1388,"menu_order":92,"comment_status":"closed","ping_status":"closed","template":"","meta":{"footnotes":""},"class_list":["post-3995","page","type-page","status-publish","hentry"],"_links":{"self":[{"href":"https:\/\/www.putanges-le-lac.fr\/index.php?rest_route=\/wp\/v2\/pages\/3995","targetHints":{"allow":["GET"]}}],"collection":[{"href":"https:\/\/www.putanges-le-lac.fr\/index.php?rest_route=\/wp\/v2\/pages"}],"about":[{"href":"https:\/\/www.putanges-le-lac.fr\/index.php?rest_route=\/wp\/v2\/types\/page"}],"author":[{"embeddable":true,"href":"https:\/\/www.putanges-le-lac.fr\/index.php?rest_route=\/wp\/v2\/users\/7"}],"replies":[{"embeddable":true,"href":"https:\/\/www.putanges-le-lac.fr\/index.php?rest_route=%2Fwp%2Fv2%2Fcomments&post=3995"}],"version-history":[{"count":11,"href":"https:\/\/www.putanges-le-lac.fr\/index.php?rest_route=\/wp\/v2\/pages\/3995\/revisions"}],"predecessor-version":[{"id":4083,"href":"https:\/\/www.putanges-le-lac.fr\/index.php?rest_route=\/wp\/v2\/pages\/3995\/revisions\/4083"}],"up":[{"embeddable":true,"href":"https:\/\/www.putanges-le-lac.fr\/index.php?rest_route=\/wp\/v2\/pages\/1388"}],"wp:attachment":[{"href":"https:\/\/www.putanges-le-lac.fr\/index.php?rest_route=%2Fwp%2Fv2%2Fmedia&parent=3995"}],"curies":[{"name":"wp","href":"https:\/\/api.w.org\/{rel}","templated":true}]}}