{"id":4133,"date":"2017-06-22T12:27:39","date_gmt":"2017-06-22T12:27:39","guid":{"rendered":"http:\/\/www.ville-putanges.fr\/?page_id=4133"},"modified":"2021-03-11T17:06:52","modified_gmt":"2021-03-11T17:06:52","slug":"actes-de-naissances","status":"publish","type":"page","link":"https:\/\/www.putanges-le-lac.fr\/?page_id=4133","title":{"rendered":"Acte de Naissance"},"content":{"rendered":"<p style=\"text-align: center;\"><span style=\"color: #0000ff;\">Un acte de naissance peut donner lieu \u00e0 la d\u00e9livrance de <strong>3 documents diff\u00e9rents<\/strong> : <\/span><\/p>\n<p style=\"text-align: center;\"><span style=\"color: #0000ff;\">* la copie int\u00e9grale <\/span><\/p>\n<p style=\"text-align: center;\"><span style=\"color: #0000ff;\">* l&rsquo;extrait avec filiation\u00a0<\/span><\/p>\n<p style=\"text-align: center;\"><span style=\"color: #0000ff;\">* et l&rsquo;extrait sans filiation<\/span><\/p>\n<p style=\"text-align: center;\"><span style=\"color: #0000ff;\">Les conditions de d\u00e9livrance d\u00e9pendent de la nature du document que vous demandez. <\/span><\/p>\n<p style=\"text-align: center;\"><span style=\"color: #0000ff;\">Les d\u00e9marches pour l&rsquo;obtenir varient en fonction du lieu de naissance de la personne concern\u00e9e par l&rsquo;acte.<\/span><\/p>\n<h1><\/h1>\n<p>&nbsp;<\/p>\n<h1 style=\"text-align: center;\"><span style=\"color: #800080;\"><strong><em>N\u00e9(e) en France<\/em><\/strong><\/span><\/h1>\n<p>&nbsp;<\/p>\n<h3><span style=\"color: #0000ff;\">De quoi s&rsquo;agit-il ?<\/span><\/h3>\n<p>&nbsp;<\/p>\n<ul>\n<li><span style=\"color: #0000ff;\"><span style=\"color: #0000ff;\"><span style=\"color: #0000ff;\"><span style=\"color: #0000ff;\"><span style=\"color: #0000ff;\">La copie int\u00e9grale <span style=\"color: #000000;\">reproduit int\u00e9gralement les informations figurant dans l&rsquo;acte de naissance inscrit sur le registre d&rsquo;\u00e9tat-civil<br \/>\nElle comporte notamment des informations relatives :<br \/>\n* \u00e0 la personne concern\u00e9e par l&rsquo;acte (noms, pr\u00e9noms, date et lieu de naissance)<br \/>\n* \u00e0 ses parents<br \/>\n* et aux mentions marginales lorsqu&rsquo;elles existent<\/span><\/span><\/span><\/span><\/span><\/span><\/li>\n<li><span style=\"color: #0000ff;\">L&rsquo;extrait avec filiation<\/span> <span style=\"color: #000000;\"><span style=\"color: #000000;\"><span style=\"color: #000000;\"><span style=\"color: #000000;\"><span style=\"color: #000000;\">est une synth\u00e8se des informations figurant dans l&rsquo;acte de naissance inscrit sur le registre d&rsquo;\u00e9tat-civil<br \/>\nIl comporte des informations relatives :<br \/>\n* \u00e0 la personne concern\u00e9e par l&rsquo;acte (noms, pr\u00e9noms, date et lieu de naissance)<br \/>\n* \u00e0 ses parents<br \/>\n* et aux mentions marginales lorsqu&rsquo;elles existent<\/span><\/span><\/span><\/span><\/span><\/li>\n<li><span style=\"color: #0000ff;\">L&rsquo;extrait sans filiation<\/span> <span style=\"color: #000000;\">est une synth\u00e8se des informations figurant dans l&rsquo;acte de naissance inscrit sur le registre d&rsquo;\u00e9tat-civil<br \/>\nIl comporte des informations relatives :<br \/>\n* \u00e0 la personne concern\u00e9e par l&rsquo;acte<br \/>\n* et aux mentions marginales lorsqu&rsquo;elles existent<\/span><\/li>\n<\/ul>\n<p>&nbsp;<\/p>\n<h3><span style=\"color: #0000ff;\">Qui peut faire la demande ?<\/span><\/h3>\n<p>&nbsp;<\/p>\n<p style=\"text-align: center;\"><span style=\"color: #000000;\">L&rsquo;acc\u00e8s \u00e0 la copie d&rsquo;un acte de naissance est plus ou moins libre selon le type de document et la qualit\u00e9 du demandeur.<\/span><\/p>\n<p>&nbsp;<\/p>\n<p><img loading=\"lazy\" decoding=\"async\" class=\"aligncenter wp-image-4154\" src=\"http:\/\/www.ville-putanges.fr\/wp-content\/uploads\/1-1.png\" alt=\"\" width=\"1259\" height=\"353\" srcset=\"https:\/\/www.putanges-le-lac.fr\/wp-content\/uploads\/1-1.png 1108w, https:\/\/www.putanges-le-lac.fr\/wp-content\/uploads\/1-1-300x84.png 300w, https:\/\/www.putanges-le-lac.fr\/wp-content\/uploads\/1-1-768x216.png 768w, https:\/\/www.putanges-le-lac.fr\/wp-content\/uploads\/1-1-600x168.png 600w, https:\/\/www.putanges-le-lac.fr\/wp-content\/uploads\/1-1-750x211.png 750w\" sizes=\"(max-width: 1259px) 100vw, 1259px\" \/><\/p>\n<p>&nbsp;<\/p>\n<h3><span style=\"color: #0000ff;\">Faire la demande<\/span><\/h3>\n<p>&nbsp;<\/p>\n<p><span style=\"color: #000000;\">Vous devez faire la demande aupr\u00e8s de la mairie du lieu de naissance de la personne concern\u00e9e par l&rsquo;acte.<\/span><\/p>\n<ul>\n<li><span style=\"color: #0000ff;\">Sur place<\/span><br \/>\n<span style=\"color: #000000;\">Pour une demande de copie int\u00e9grale ou un extrait avec filiation, il faut pr\u00e9senter sa pi\u00e8ce d&rsquo;identit\u00e9. S&rsquo;il ne s&rsquo;agit pas de votre acte de naissance, vous devez prouver votre lien de parent\u00e9 avec la personne concern\u00e9e par l&rsquo;acte lorsque ces informations n&rsquo;y figurent pas (livret de famille ou autre acte d&rsquo;\u00e9tat-civil).<\/span><\/li>\n<li><span style=\"color: #0000ff;\"><span style=\"color: #0000ff;\">Par correspondance<br \/>\n<span style=\"color: #000000;\">La demande peut-\u00eatre adress\u00e9e par courrier sur papier libre en indiquant :<br \/>\n* Les nom, pr\u00e9noms et date de naissance de la personne concern\u00e9e par l&rsquo;acte (+ noms et pr\u00e9noms des parents pour une copie int\u00e9grale ou un extrait avec filiation)<br \/>\n* et l&rsquo;adresse du demandeur<\/span><\/span><\/span><\/li>\n<li><span style=\"color: #0000ff;\">Service en ligne<br \/>\n<\/span><span style=\"color: #000000;\">Demande d&rsquo;acte de naissance : copie int\u00e9grale ou extrait (naissance en France) &#8211; Service gratuit<\/span><br \/>\n<a href=\"https:\/\/mdel.mon.service-public.fr\/acte-etat-civil.html\">Acc\u00e9der au service en ligne<\/a><\/li>\n<\/ul>\n<p>&nbsp;<\/p>\n<h1 style=\"text-align: center;\"><span style=\"color: #800080;\"><strong><em>N\u00e9(e) \u00e0 l&rsquo;\u00e9tranger<\/em><\/strong><\/span><\/h1>\n<p>&nbsp;<\/p>\n<h3><span style=\"color: #0000ff;\">De quoi s&rsquo;agit-il ?<\/span><\/h3>\n<p>&nbsp;<\/p>\n<ul>\n<li><span style=\"color: #0000ff;\">La copie int\u00e9grale<\/span> <span style=\"color: #000000;\">reproduit int\u00e9gralement les informations figurant dans l&rsquo;acte de naissance inscrit sur le registre d&rsquo;\u00e9tat-civil<\/span><br \/>\n<span style=\"color: #000000;\">Elle comporte notamment des informations relatives :<\/span><br \/>\n<span style=\"color: #000000;\"> * \u00e0 la personne concern\u00e9e par l&rsquo;acte (noms, pr\u00e9noms, date et lieu de naissance)<\/span><br \/>\n<span style=\"color: #000000;\"> * \u00e0 ses parents<\/span><br \/>\n<span style=\"color: #000000;\"> * et aux mentions marginales lorsqu&rsquo;elles existent<\/span><\/li>\n<li><span style=\"color: #0000ff;\">L&rsquo;extrait avec filiation<\/span> <span style=\"color: #000000;\">est une synth\u00e8se des informations figurant dans l&rsquo;acte de naissance inscrit sur le registre d&rsquo;\u00e9tat-civil<\/span><br \/>\n<span style=\"color: #000000;\">Il comporte des informations relatives :<\/span><br \/>\n<span style=\"color: #000000;\"> * \u00e0 la personne concern\u00e9e par l&rsquo;acte (noms, pr\u00e9noms, date et lieu de naissance)<\/span><br \/>\n<span style=\"color: #000000;\"> * \u00e0 ses parents<\/span><br \/>\n<span style=\"color: #000000;\"> * et aux mentions marginales lorsqu&rsquo;elles existent<\/span><\/li>\n<li><span style=\"color: #0000ff;\">L&rsquo;extrait sans filiation<\/span> <span style=\"color: #000000;\">est une synth\u00e8se des informations figurant dans l&rsquo;acte de naissance inscrit sur le registre d&rsquo;\u00e9tat-civil<\/span><br \/>\n<span style=\"color: #000000;\">Il comporte des informations relatives :<\/span><br \/>\n<span style=\"color: #000000;\"> * \u00e0 la personne concern\u00e9e par l&rsquo;acte<\/span><br \/>\n<span style=\"color: #000000;\"> * et aux mentions marginales lorsqu&rsquo;elles existent<\/span><\/li>\n<\/ul>\n<p>&nbsp;<\/p>\n<h3><span style=\"color: #0000ff;\">Qui peut faire la demande ?<\/span><\/h3>\n<p>&nbsp;<\/p>\n<p style=\"text-align: center;\"><span style=\"color: #000000;\">L&rsquo;acc\u00e8s \u00e0 la copie d&rsquo;un acte de naissance est plus ou moins libre selon le type de document et la qualit\u00e9 du demandeur.<\/span><\/p>\n<p>&nbsp;<\/p>\n<p><img loading=\"lazy\" decoding=\"async\" class=\"size-full wp-image-4154 aligncenter\" src=\"http:\/\/www.ville-putanges.fr\/wp-content\/uploads\/1-1.png\" alt=\"\" width=\"1108\" height=\"311\" srcset=\"https:\/\/www.putanges-le-lac.fr\/wp-content\/uploads\/1-1.png 1108w, https:\/\/www.putanges-le-lac.fr\/wp-content\/uploads\/1-1-300x84.png 300w, https:\/\/www.putanges-le-lac.fr\/wp-content\/uploads\/1-1-768x216.png 768w, https:\/\/www.putanges-le-lac.fr\/wp-content\/uploads\/1-1-600x168.png 600w, https:\/\/www.putanges-le-lac.fr\/wp-content\/uploads\/1-1-750x211.png 750w\" sizes=\"(max-width: 1108px) 100vw, 1108px\" \/><\/p>\n<p>&nbsp;<\/p>\n<h3><span style=\"color: #0000ff;\">Faire la demande<\/span><\/h3>\n<p>&nbsp;<\/p>\n<p><span style=\"color: #000000;\">Vous devez faire la demande aupr\u00e8s du Service Central d&rsquo;\u00e9tat-civil de Nantes (minist\u00e8re des affaires \u00e9trang\u00e8res).<\/span><\/p>\n<ul>\n<li style=\"text-align: left;\"><span style=\"color: #0000ff;\">Par correspondance<\/span><br \/>\n<span style=\"color: #000000;\">La demande peut-\u00eatre adress\u00e9e par courrier sur papier libre en indiquant :<\/span><br \/>\n<span style=\"color: #000000;\">\u00a0 \u00a0 \u00a0 \u00a0 \u00a0 \u00a0 \u00a0 * Les nom, pr\u00e9noms et date de naissance de la personne concern\u00e9e par l&rsquo;acte (+ noms et pr\u00e9noms des parents pour une copie int\u00e9grale ou un extrait avec filiation)<\/span><br \/>\n<span style=\"color: #000000;\"><span style=\"color: #000000;\"><span style=\"color: #000000;\">\u00a0 \u00a0 \u00a0 \u00a0 \u00a0 \u00a0 \u00a0 * et l&rsquo;adresse du demandeur<br \/>\n<\/span><\/span><\/span><span style=\"color: #000000;\">Courrier \u00e0 envoyer \u00e0 l&rsquo;adresse suivante :<\/span><br \/>\n<strong>Service Central d&rsquo;\u00e9tat-civil du minist\u00e8re des affaires \u00e9trang\u00e8res<\/strong><br \/>\n<strong>11 rue de la Maison Blanche<\/strong><br \/>\n<strong><strong>44 941 Nantes Cedex 09<\/strong><\/strong><\/li>\n<li><span style=\"color: #0000ff;\">Service en ligne<\/span><br \/>\n<span style=\"color: #000000;\">Demande d&rsquo;acte de naissance : copie int\u00e9grale ou extrait (naissance en France) &#8211; Service gratuit<\/span><br \/>\n<a href=\"https:\/\/mdel.mon.service-public.fr\/acte-etat-civil.html\">Acc\u00e9der au service en ligne<\/a><\/li>\n<\/ul>\n<p><img loading=\"lazy\" decoding=\"async\" class=\"size-full wp-image-4007 aligncenter\" src=\"http:\/\/www.ville-putanges.fr\/wp-content\/uploads\/index.png\" alt=\"\" width=\"323\" height=\"156\" srcset=\"https:\/\/www.putanges-le-lac.fr\/wp-content\/uploads\/index.png 323w, https:\/\/www.putanges-le-lac.fr\/wp-content\/uploads\/index-300x145.png 300w\" sizes=\"(max-width: 323px) 100vw, 323px\" \/><\/p>\n","protected":false},"excerpt":{"rendered":"<p>Un acte de naissance peut donner lieu \u00e0 la d\u00e9livrance de 3 documents diff\u00e9rents : * la copie int\u00e9grale * l&rsquo;extrait avec filiation\u00a0 * et l&rsquo;extrait sans filiation Les conditions [&hellip;]<\/p>\n","protected":false},"author":7,"featured_media":0,"parent":1382,"menu_order":3,"comment_status":"closed","ping_status":"closed","template":"","meta":{"footnotes":""},"class_list":["post-4133","page","type-page","status-publish","hentry"],"_links":{"self":[{"href":"https:\/\/www.putanges-le-lac.fr\/index.php?rest_route=\/wp\/v2\/pages\/4133","targetHints":{"allow":["GET"]}}],"collection":[{"href":"https:\/\/www.putanges-le-lac.fr\/index.php?rest_route=\/wp\/v2\/pages"}],"about":[{"href":"https:\/\/www.putanges-le-lac.fr\/index.php?rest_route=\/wp\/v2\/types\/page"}],"author":[{"embeddable":true,"href":"https:\/\/www.putanges-le-lac.fr\/index.php?rest_route=\/wp\/v2\/users\/7"}],"replies":[{"embeddable":true,"href":"https:\/\/www.putanges-le-lac.fr\/index.php?rest_route=%2Fwp%2Fv2%2Fcomments&post=4133"}],"version-history":[{"count":50,"href":"https:\/\/www.putanges-le-lac.fr\/index.php?rest_route=\/wp\/v2\/pages\/4133\/revisions"}],"predecessor-version":[{"id":4137,"href":"https:\/\/www.putanges-le-lac.fr\/index.php?rest_route=\/wp\/v2\/pages\/4133\/revisions\/4137"}],"up":[{"embeddable":true,"href":"https:\/\/www.putanges-le-lac.fr\/index.php?rest_route=\/wp\/v2\/pages\/1382"}],"wp:attachment":[{"href":"https:\/\/www.putanges-le-lac.fr\/index.php?rest_route=%2Fwp%2Fv2%2Fmedia&parent=4133"}],"curies":[{"name":"wp","href":"https:\/\/api.w.org\/{rel}","templated":true}]}}