{"id":4176,"date":"2018-02-05T15:04:53","date_gmt":"2018-02-05T15:04:53","guid":{"rendered":"http:\/\/www.ville-putanges.fr\/?page_id=4176"},"modified":"2021-03-11T17:07:10","modified_gmt":"2021-03-11T17:07:10","slug":"acte-de-deces","status":"publish","type":"page","link":"https:\/\/www.putanges-le-lac.fr\/?page_id=4176","title":{"rendered":"Acte de D\u00e9c\u00e8s"},"content":{"rendered":"<p style=\"text-align: center;\"><span style=\"color: #000000;\">Une copie int\u00e9grale d&rsquo;acte de d\u00e9c\u00e8s peut \u00eatre d\u00e9livr\u00e9e \u00e0 toute personne qui en fait la demande. Les d\u00e9marches pour l&rsquo;obtenir d\u00e9pendent du lieu du d\u00e9c\u00e8s<\/span><\/p>\n<p>&nbsp;<\/p>\n<h1 style=\"text-align: center;\"><em><strong><span style=\"color: #800080;\">D\u00e9c\u00e8s en France<\/span><\/strong><\/em><\/h1>\n<h3><span style=\"color: #0000ff;\">De quoi s&rsquo;agit-il ?<\/span><\/h3>\n<p><span style=\"color: #000000;\">Une copie int\u00e9grale reproduit int\u00e9gralement les informations figurant dans l&rsquo;acte de d\u00e9c\u00e8s inscrit sur le registre d&rsquo;\u00e9tat-civil. Elle mentionne :<\/span><\/p>\n<ul>\n<li><span style=\"color: #000000;\">La date, l&rsquo;heure et le lieu de d\u00e9c\u00e8s<\/span><\/li>\n<li><span style=\"color: #000000;\">Les pr\u00e9noms, nom, date et lieu de naissance, profession et domicile du d\u00e9funt<\/span><\/li>\n<li><span style=\"color: #000000;\">Les pr\u00e9noms, noms, professions et domiciles de ses parents<\/span><\/li>\n<li><span style=\"color: #000000;\">Les pr\u00e9noms et nom de son \u00e9poux (se) ou partenaire de PACS<\/span><\/li>\n<li><span style=\"color: #000000;\">Les pr\u00e9noms, nom, \u00e2ge, profession et domicile du d\u00e9clarant<\/span><\/li>\n<\/ul>\n<p>&nbsp;<\/p>\n<h3><span style=\"color: #0000ff;\">Qui peut faire la demande ?<\/span><\/h3>\n<p><span style=\"color: #000000;\">Toute personne peut demander un acte de d\u00e9c\u00e8s, sans justification particuli\u00e8re.<\/span><\/p>\n<p>&nbsp;<\/p>\n<h3><span style=\"color: #0000ff;\">Faire \u00a0la demande<\/span><\/h3>\n<p><span style=\"color: #000000;\">Vous pouvez faire la demande :<\/span><\/p>\n<ul>\n<li><span style=\"color: #000000;\">soit aupr\u00e8s de la mairie du lieu du d\u00e9c\u00e8s,<\/span><\/li>\n<li><span style=\"color: #000000;\">soit aupr\u00e8s de la mairie du dernier domicile du d\u00e9funt<\/span><\/li>\n<\/ul>\n<p>&nbsp;<\/p>\n<ul>\n<li><span style=\"color: #0000ff;\">Sur place<\/span><br \/>\n<span style=\"color: #000000;\">La demande peut se faire au secr\u00e9tariat de mairie, en indiquant :<\/span><\/p>\n<ul>\n<li><span style=\"color: #000000;\">Les nom et pr\u00e9noms du d\u00e9funt<\/span><\/li>\n<li><span style=\"color: #000000;\">et la date du d\u00e9c\u00e8s<\/span><\/li>\n<\/ul>\n<\/li>\n<li><span style=\"color: #0000ff;\">Par correspondance<\/span><br \/>\n<span style=\"color: #000000;\">La demande peut-\u00eatre adress\u00e9e par courrier sur papier libre en pr\u00e9cisant :<\/span><\/p>\n<ul>\n<li><span style=\"color: #000000;\">Les nom et pr\u00e9noms du d\u00e9funt<\/span><\/li>\n<li><span style=\"color: #000000;\">et la date du d\u00e9c\u00e8s<\/span><\/li>\n<\/ul>\n<\/li>\n<li><span style=\"color: #0000ff;\">En ligne<\/span><br \/>\n<a href=\"https:\/\/mdel.mon.service-public.fr\/mademarchev5\/sfjsp?interviewID=etatCivil\">Demande d&rsquo;acte de d\u00e9c\u00e8s &#8211; Service Gratuit<\/a><\/li>\n<\/ul>\n<p>&nbsp;<\/p>\n<h1 style=\"text-align: center;\"><span style=\"color: #800080;\"><em><strong>D\u00e9c\u00e8s \u00e0 l&rsquo;\u00e9tranger<br \/>\n<\/strong><\/em><\/span><\/h1>\n<p>&nbsp;<\/p>\n<h3><span style=\"color: #0000ff;\">De quoi s&rsquo;agit-il ?<\/span><\/h3>\n<p><span style=\"color: #000000;\">La copie int\u00e9grale reproduit int\u00e9gralement les informations mentionn\u00e9s dans l&rsquo;acte de d\u00e9c\u00e8s figurant sur le registre d&rsquo;\u00e9tat-civil. <\/span><br \/>\n<span style=\"color: #000000;\">Elle mentionne :<\/span><\/p>\n<ul>\n<li><span style=\"color: #000000;\">la date, l&rsquo;heure et le lieu du d\u00e9c\u00e8s,<\/span><\/li>\n<li><span style=\"color: #000000;\">les pr\u00e9noms, nom, date et lieu de naissance, profession et domicile du d\u00e9funt,<\/span><\/li>\n<li><span style=\"color: #000000;\">les pr\u00e9noms, et noms, professions et domiciles de ses parents,<\/span><\/li>\n<li><span style=\"color: #000000;\">les pr\u00e9noms et nom de son \u00e9poux (se) ou partenaire de PACS,<\/span><\/li>\n<li><span style=\"color: #000000;\">les pr\u00e9noms, nom, \u00e2ge, profession et domicile du d\u00e9clarant (s&rsquo;il y a lieu, son degr\u00e9 de parent\u00e9 avec le d\u00e9funt).<\/span><\/li>\n<\/ul>\n<p>&nbsp;<\/p>\n<h3><span style=\"color: #0000ff;\">Qui peut faire la demande ?<\/span><\/h3>\n<p><span style=\"color: #000000;\">Toute personne peut demander un acte de d\u00e9c\u00e8s, sans justification particuli\u00e8re.<\/span><\/p>\n<p>&nbsp;<\/p>\n<h2><span style=\"color: #0000ff;\">Faire la demande<\/span><\/h2>\n<p><span style=\"color: #000000;\">Vous devez faire la demande aupr\u00e8s du Service Central d&rsquo;\u00e9tat-civil de Nantes (minist\u00e8re des affaires \u00e9trang\u00e8res).<\/span><\/p>\n<p>&nbsp;<\/p>\n<ul>\n<li><span style=\"color: #0000ff;\">Par correspondance<\/span><br \/>\nLa demande peut \u00eatre adress\u00e9e par courrier sur papier libre en pr\u00e9cisant :<\/p>\n<ul>\n<li>Les nom et pr\u00e9noms du d\u00e9funt<\/li>\n<li>et la date du d\u00e9c\u00e8s<\/li>\n<\/ul>\n<\/li>\n<\/ul>\n<p>\u2192 Service central d&rsquo;\u00e9tat-civil du minist\u00e8re des affaires \u00e9trang\u00e8res<br \/>\n11 rue de la Maison Blanche<br \/>\n44 941 Nantes Cedex 09<\/p>\n<p>&nbsp;<\/p>\n<ul>\n<li>Par t\u00e9l\u00e9phone<br \/>\nOuvert du lundi au vendredi de 9h \u00e0 12h et 13h \u00e0 16h30 au 0 826 08 06 04<\/li>\n<li>Par internet<br \/>\n<a href=\"https:\/\/mdel.mon.service-public.fr\/acte-etat-civil.html\">Formulaire de demande d&rsquo;acte<\/a><\/li>\n<\/ul>\n<p>&nbsp;<\/p>\n<p><img loading=\"lazy\" decoding=\"async\" class=\"size-full wp-image-4007 aligncenter\" src=\"http:\/\/www.ville-putanges.fr\/wp-content\/uploads\/index.png\" alt=\"\" width=\"323\" height=\"156\" srcset=\"https:\/\/www.putanges-le-lac.fr\/wp-content\/uploads\/index.png 323w, https:\/\/www.putanges-le-lac.fr\/wp-content\/uploads\/index-300x145.png 300w\" sizes=\"(max-width: 323px) 100vw, 323px\" \/><\/p>\n","protected":false},"excerpt":{"rendered":"<p>Une copie int\u00e9grale d&rsquo;acte de d\u00e9c\u00e8s peut \u00eatre d\u00e9livr\u00e9e \u00e0 toute personne qui en fait la demande. Les d\u00e9marches pour l&rsquo;obtenir d\u00e9pendent du lieu du d\u00e9c\u00e8s &nbsp; D\u00e9c\u00e8s en France [&hellip;]<\/p>\n","protected":false},"author":7,"featured_media":0,"parent":1382,"menu_order":5,"comment_status":"closed","ping_status":"closed","template":"","meta":{"footnotes":""},"class_list":["post-4176","page","type-page","status-publish","hentry"],"_links":{"self":[{"href":"https:\/\/www.putanges-le-lac.fr\/index.php?rest_route=\/wp\/v2\/pages\/4176","targetHints":{"allow":["GET"]}}],"collection":[{"href":"https:\/\/www.putanges-le-lac.fr\/index.php?rest_route=\/wp\/v2\/pages"}],"about":[{"href":"https:\/\/www.putanges-le-lac.fr\/index.php?rest_route=\/wp\/v2\/types\/page"}],"author":[{"embeddable":true,"href":"https:\/\/www.putanges-le-lac.fr\/index.php?rest_route=\/wp\/v2\/users\/7"}],"replies":[{"embeddable":true,"href":"https:\/\/www.putanges-le-lac.fr\/index.php?rest_route=%2Fwp%2Fv2%2Fcomments&post=4176"}],"version-history":[{"count":16,"href":"https:\/\/www.putanges-le-lac.fr\/index.php?rest_route=\/wp\/v2\/pages\/4176\/revisions"}],"predecessor-version":[{"id":4759,"href":"https:\/\/www.putanges-le-lac.fr\/index.php?rest_route=\/wp\/v2\/pages\/4176\/revisions\/4759"}],"up":[{"embeddable":true,"href":"https:\/\/www.putanges-le-lac.fr\/index.php?rest_route=\/wp\/v2\/pages\/1382"}],"wp:attachment":[{"href":"https:\/\/www.putanges-le-lac.fr\/index.php?rest_route=%2Fwp%2Fv2%2Fmedia&parent=4176"}],"curies":[{"name":"wp","href":"https:\/\/api.w.org\/{rel}","templated":true}]}}