{"id":4335,"date":"2017-08-17T15:24:26","date_gmt":"2017-08-17T15:24:26","guid":{"rendered":"http:\/\/www.ville-putanges.fr\/?page_id=4335"},"modified":"2025-12-10T08:40:55","modified_gmt":"2025-12-10T08:40:55","slug":"le-marche-de-putanges-pont-ecrepin","status":"publish","type":"page","link":"https:\/\/www.putanges-le-lac.fr\/?page_id=4335","title":{"rendered":"March\u00e9 de Putanges Pont \u00c9cr\u00e9pin"},"content":{"rendered":"<h4 style=\"text-align: center;\"><span style=\"color: #0000ff;\">Le march\u00e9 hebdomadaire de Putanges-Pont-\u00c9crepin a lieu<\/span><\/h4>\n<h4 style=\"text-align: center;\"><span style=\"color: #0000ff;\"> le jeudi\u00a0de 8 Heures \u00e0 12 Heures 30, sur la place de l&rsquo;h\u00f4tel de ville.<\/span><\/h4>\n<p>&nbsp;<\/p>\n<p>&nbsp;<\/p>\n<p><img loading=\"lazy\" decoding=\"async\" class=\"wp-image-4343 alignright\" src=\"http:\/\/www.ville-putanges.fr\/wp-content\/uploads\/primeur-accueil-marche.jpg\" alt=\"\" width=\"396\" height=\"255\" srcset=\"https:\/\/www.putanges-le-lac.fr\/wp-content\/uploads\/primeur-accueil-marche.jpg 458w, https:\/\/www.putanges-le-lac.fr\/wp-content\/uploads\/primeur-accueil-marche-300x193.jpg 300w\" sizes=\"(max-width: 396px) 100vw, 396px\" \/><\/p>\n<p style=\"padding-left: 60px;\">Vous y trouverez de divers produits :<\/p>\n<p style=\"padding-left: 60px;\"><span style=\"color: #800080;\">As du Toilettage -Toilettage canin et f\u00e9lin<br \/>\n<span style=\"color: #000000;\">Estelle JEANNET<\/span><br \/>\n<span style=\"color: #000000;\">LANDIGOU<\/span><br \/>\n<span style=\"color: #000000;\">T\u00e9l : 02.33.65.64.20<\/span><\/span><\/p>\n<p style=\"padding-left: 60px;\"><span style=\"color: #800080;\">Au Panier Fertois &#8211; Fruits et L\u00e9gumes<\/span><br \/>\nBernadette VETTIER<br \/>\nLA FERT\u00c9-MAC\u00c9<br \/>\nT\u00e9l : 02.33.14.11.74 ou Portable : 06.78.88.35.72<\/p>\n<p style=\"padding-left: 60px;\"><span style=\"color: #800080;\">Au Pti Creux &#8211; Cr\u00eaperie ambulante<\/span><br \/>\nPortable : 06.75.65.31.41 ou 06.78.88.35.72<\/p>\n<p style=\"padding-left: 60px;\"><span style=\"color: #800080;\">Ca l\u00e9 bon<\/span> &#8211; Saveurs de l&rsquo;\u00eele de la r\u00e9union, poulets grill\u00e9s, sandwich<br \/>\nLE M\u00c9NIL-DE-BRIOUZE<\/p>\n<p style=\"padding-left: 60px;\"><span style=\"color: #800080;\">GU\u00c9RANGER Melindha<\/span><br \/>\n<span style=\"color: #800080;\">Fruits, l\u00e9gumes et plants de l\u00e9gumes<\/span><br \/>\nMORTEAUX-COULIBOEUF<br \/>\nT\u00e9l : 02.31.40.78.41<\/p>\n<p style=\"padding-left: 60px;\"><span style=\"color: #800080;\">Plaisir du Go\u00fbt &#8211; Fromages, Jambons, ardoise dinatoire, fruits et l\u00e9gumes BIO<\/span><br \/>\nFalaise<br \/>\nT\u00e9l : 0231.40.27.12<\/p>\n<p style=\"padding-left: 60px;\"><span style=\"color: #800080;\">Poissonnerie des 4 vents (en direct du bateau)<\/span><br \/>\n<span style=\"color: #800080;\">COURSEULLES SUR MER<\/span><br \/>\nT\u00e9l : 02.31.37.42.39<\/p>\n<p>&nbsp;<\/p>\n<p><img loading=\"lazy\" decoding=\"async\" class=\"wp-image-4342 aligncenter\" src=\"http:\/\/www.ville-putanges.fr\/wp-content\/uploads\/les-poissons-originaux-a-tester-chez-le-poissonnier.jpg\" alt=\"\" width=\"709\" height=\"336\" srcset=\"https:\/\/www.putanges-le-lac.fr\/wp-content\/uploads\/les-poissons-originaux-a-tester-chez-le-poissonnier.jpg 1900w, https:\/\/www.putanges-le-lac.fr\/wp-content\/uploads\/les-poissons-originaux-a-tester-chez-le-poissonnier-300x142.jpg 300w, https:\/\/www.putanges-le-lac.fr\/wp-content\/uploads\/les-poissons-originaux-a-tester-chez-le-poissonnier-768x364.jpg 768w, https:\/\/www.putanges-le-lac.fr\/wp-content\/uploads\/les-poissons-originaux-a-tester-chez-le-poissonnier-600x284.jpg 600w, https:\/\/www.putanges-le-lac.fr\/wp-content\/uploads\/les-poissons-originaux-a-tester-chez-le-poissonnier-750x355.jpg 750w\" sizes=\"(max-width: 709px) 100vw, 709px\" \/><\/p>\n<p>&nbsp;<\/p>\n<h3><span style=\"color: #0000ff;\">Vente \u00e0 Emporter le jeudi soir de Pizza<\/span><\/h3>\n<p><span style=\"color: #800080;\">A CASETTA &#8211; Camion de Pizza<\/span><br \/>\nT\u00e9l : 06.30.79.98.30<\/p>\n<p>&nbsp;<\/p>\n","protected":false},"excerpt":{"rendered":"<p>Le march\u00e9 hebdomadaire de Putanges-Pont-\u00c9crepin a lieu le jeudi\u00a0de 8 Heures \u00e0 12 Heures 30, sur la place de l&rsquo;h\u00f4tel de ville. &nbsp; &nbsp; Vous y trouverez de divers produits [&hellip;]<\/p>\n","protected":false},"author":7,"featured_media":0,"parent":47,"menu_order":55,"comment_status":"closed","ping_status":"closed","template":"","meta":{"footnotes":""},"class_list":["post-4335","page","type-page","status-publish","hentry"],"_links":{"self":[{"href":"https:\/\/www.putanges-le-lac.fr\/index.php?rest_route=\/wp\/v2\/pages\/4335","targetHints":{"allow":["GET"]}}],"collection":[{"href":"https:\/\/www.putanges-le-lac.fr\/index.php?rest_route=\/wp\/v2\/pages"}],"about":[{"href":"https:\/\/www.putanges-le-lac.fr\/index.php?rest_route=\/wp\/v2\/types\/page"}],"author":[{"embeddable":true,"href":"https:\/\/www.putanges-le-lac.fr\/index.php?rest_route=\/wp\/v2\/users\/7"}],"replies":[{"embeddable":true,"href":"https:\/\/www.putanges-le-lac.fr\/index.php?rest_route=%2Fwp%2Fv2%2Fcomments&post=4335"}],"version-history":[{"count":24,"href":"https:\/\/www.putanges-le-lac.fr\/index.php?rest_route=\/wp\/v2\/pages\/4335\/revisions"}],"predecessor-version":[{"id":4356,"href":"https:\/\/www.putanges-le-lac.fr\/index.php?rest_route=\/wp\/v2\/pages\/4335\/revisions\/4356"}],"up":[{"embeddable":true,"href":"https:\/\/www.putanges-le-lac.fr\/index.php?rest_route=\/wp\/v2\/pages\/47"}],"wp:attachment":[{"href":"https:\/\/www.putanges-le-lac.fr\/index.php?rest_route=%2Fwp%2Fv2%2Fmedia&parent=4335"}],"curies":[{"name":"wp","href":"https:\/\/api.w.org\/{rel}","templated":true}]}}