{"id":4358,"date":"2018-02-05T15:04:29","date_gmt":"2018-02-05T15:04:29","guid":{"rendered":"http:\/\/www.ville-putanges.fr\/?page_id=4358"},"modified":"2021-03-11T17:07:01","modified_gmt":"2021-03-11T17:07:01","slug":"acte-de-mariage","status":"publish","type":"page","link":"https:\/\/www.putanges-le-lac.fr\/?page_id=4358","title":{"rendered":"Acte de Mariage"},"content":{"rendered":"<p style=\"text-align: center;\"><span style=\"color: #0000ff;\">Un acte de mariage peut donner lieu \u00e0 la d\u00e9livrance de <strong>3 documents diff\u00e9rents<\/strong> :<\/span><\/p>\n<p style=\"text-align: center;\"><span style=\"color: #0000ff;\">* la copie int\u00e9grale<\/span><\/p>\n<p style=\"text-align: center;\"><span style=\"color: #0000ff;\">* l&rsquo;extrait avec filiation\u00a0<\/span><\/p>\n<p style=\"text-align: center;\"><span style=\"color: #0000ff;\">* et l&rsquo;extrait sans filiation<\/span><\/p>\n<p style=\"text-align: center;\"><span style=\"color: #0000ff;\">Les conditions de d\u00e9livrance d\u00e9pendent de la nature du document que vous demandez.<\/span><\/p>\n<p style=\"text-align: center;\"><span style=\"color: #0000ff;\">Les d\u00e9marches pour l&rsquo;obtenir varient en fonction du lieu de mariage.<\/span><\/p>\n<p>&nbsp;<\/p>\n<h1 style=\"text-align: center;\"><span style=\"color: #800080;\"><strong><em>Mariage en France<\/em><\/strong><\/span><\/h1>\n<p>&nbsp;<\/p>\n<h3><span style=\"color: #0000ff;\">De quoi s&rsquo;agit-il ?<\/span><\/h3>\n<p>&nbsp;<\/p>\n<ul>\n<li>La copie int\u00e9grale reproduit int\u00e9gralement les informations figurant dans l&rsquo;acte de mariage sur le registre d&rsquo;\u00e9tat-civilElle comporte notamment des informations relatives :<br \/>\n* sur chaque \u00e9poux (nom, pr\u00e9noms, date et lieu de naissance)<br \/>\n* des informations sur leurs parents<br \/>\n* et aux mentions marginales lorsqu&rsquo;elles existent<\/li>\n<li>L&rsquo;extrait avec filiation est une synth\u00e8se des informations figurant dans l&rsquo;acte de mariage inscrit sur le registre d&rsquo;\u00e9tat-civilcomporte des informations relatives :<br \/>\n* sur chaque \u00e9poux (nom, pr\u00e9noms, date et lieu de naissance)<br \/>\n* des informations sur leurs parents<br \/>\n* et aux mentions marginales lorsqu&rsquo;elles existent<\/li>\n<li>L&rsquo;extrait sans filiation est une synth\u00e8se des informations figurant dans l&rsquo;acte de mariage inscrit sur le registre d&rsquo;\u00e9tat-civil comporte des informations relatives :<br \/>\n* sur chaque \u00e9poux (nom, pr\u00e9noms, date et lieu de naissance)<br \/>\n* et aux mentions marginales lorsqu&rsquo;elles existent<\/li>\n<\/ul>\n<p>&nbsp;<\/p>\n<h3><span style=\"color: #0000ff;\">Qui peut faire la demande ?<\/span><\/h3>\n<p>&nbsp;<\/p>\n<p>L&rsquo;acc\u00e8s \u00e0 la copie d&rsquo;un acte de mariage est plus ou moins libre selon le type de document et la qualit\u00e9 du demandeur.<\/p>\n<p>&nbsp;<\/p>\n<p><img loading=\"lazy\" decoding=\"async\" class=\"aligncenter wp-image-4154\" src=\"http:\/\/www.ville-putanges.fr\/wp-content\/uploads\/1-1.png\" alt=\"\" width=\"1259\" height=\"353\" srcset=\"https:\/\/www.putanges-le-lac.fr\/wp-content\/uploads\/1-1.png 1108w, https:\/\/www.putanges-le-lac.fr\/wp-content\/uploads\/1-1-300x84.png 300w, https:\/\/www.putanges-le-lac.fr\/wp-content\/uploads\/1-1-768x216.png 768w, https:\/\/www.putanges-le-lac.fr\/wp-content\/uploads\/1-1-600x168.png 600w, https:\/\/www.putanges-le-lac.fr\/wp-content\/uploads\/1-1-750x211.png 750w\" sizes=\"(max-width: 1259px) 100vw, 1259px\" \/><\/p>\n<p>&nbsp;<\/p>\n<h3><span style=\"color: #0000ff;\">Faire la demande<\/span><\/h3>\n<p>&nbsp;<\/p>\n<p>Vous devez faire la demande aupr\u00e8s de la mairie du lieu de mariage.<\/p>\n<ul>\n<li>Sur place<br \/>\nPour une demande de copie int\u00e9grale ou un extrait avec filiation, il faut pr\u00e9senter sa pi\u00e8ce d&rsquo;identit\u00e9. S&rsquo;il ne s&rsquo;agit pas de votre acte de mariage, vous devez prouver votre lien de parent\u00e9 avec la personne concern\u00e9e par l&rsquo;acte lorsque ces informations n&rsquo;y figurent pas (livret de famille ou autre acte d&rsquo;\u00e9tat-civil).<\/li>\n<li>Par correspondance<br \/>\nLa demande peut-\u00eatre adress\u00e9e par courrier sur papier libre en indiquant :<br \/>\n* Date du mariage, noms de famille, pr\u00e9noms des \u00e9poux, nos et pr\u00e9noms des parents pour une copie int\u00e9grale ou un extrait avec filiation)<br \/>\n* et l&rsquo;adresse du demandeur<\/li>\n<li>Service en ligne<br \/>\nDemande d&rsquo;acte de mariage : copie int\u00e9grale ou extrait &#8211; Service gratuit<br \/>\n<a href=\"https:\/\/www.service-public.fr\/particuliers\/vosdroits\/R42839\">Acc\u00e9der au service en ligne<\/a><\/li>\n<\/ul>\n<p>&nbsp;<\/p>\n<h1 style=\"text-align: center;\"><span style=\"color: #800080;\"><strong><em>Mariage \u00e0 l&rsquo;\u00e9tranger<\/em><\/strong><\/span><\/h1>\n<p>&nbsp;<\/p>\n<h3><span style=\"color: #0000ff;\">De quoi s&rsquo;agit-il ?<\/span><\/h3>\n<p>&nbsp;<\/p>\n<ul>\n<li>La copie int\u00e9grale reproduit int\u00e9gralement les informations figurant dans l&rsquo;acte de mariage inscrit sur le registre d&rsquo;\u00e9tat-civil<br \/>\nElle comporte notamment des informations relatives :<br \/>\n* sur chaque \u00e9poux (noms, pr\u00e9noms, date et lieu de naissance)<br \/>\n* des informations sur leurs parents<br \/>\n* et aux mentions marginales lorsqu&rsquo;elles existent<\/li>\n<li>L&rsquo;extrait avec filiation est une synth\u00e8se des informations figurant dans l&rsquo;acte de mariage inscrit sur le registre d&rsquo;\u00e9tat-civil<br \/>\nIl comporte des informations relatives :<br \/>\n* sur chaque \u00e9poux (noms, pr\u00e9noms, date et lieu de naissance)<br \/>\n* des informations sur leurs parents<br \/>\n* et aux mentions marginales lorsqu&rsquo;elles existent<\/li>\n<li>L&rsquo;extrait sans filiation est une synth\u00e8se des informations figurant dans l&rsquo;acte de mariage inscrit sur le registre d&rsquo;\u00e9tat-civil<br \/>\nIl comporte des informations relatives :<br \/>\n* \u00e0 la personne concern\u00e9e par l&rsquo;acte<br \/>\n* et aux mentions marginales lorsqu&rsquo;elles existent<\/li>\n<\/ul>\n<p>&nbsp;<\/p>\n<h3><span style=\"color: #0000ff;\">Qui peut faire la demande ?<\/span><\/h3>\n<p>&nbsp;<\/p>\n<p>L&rsquo;acc\u00e8s \u00e0 la copie d&rsquo;un acte de naissance est plus ou moins libre selon le type de document et la qualit\u00e9 du demandeur.<\/p>\n<p>&nbsp;<\/p>\n<p><img loading=\"lazy\" decoding=\"async\" class=\"size-full wp-image-4154 aligncenter\" src=\"http:\/\/www.ville-putanges.fr\/wp-content\/uploads\/1-1.png\" alt=\"\" width=\"1108\" height=\"311\" srcset=\"https:\/\/www.putanges-le-lac.fr\/wp-content\/uploads\/1-1.png 1108w, https:\/\/www.putanges-le-lac.fr\/wp-content\/uploads\/1-1-300x84.png 300w, https:\/\/www.putanges-le-lac.fr\/wp-content\/uploads\/1-1-768x216.png 768w, https:\/\/www.putanges-le-lac.fr\/wp-content\/uploads\/1-1-600x168.png 600w, https:\/\/www.putanges-le-lac.fr\/wp-content\/uploads\/1-1-750x211.png 750w\" sizes=\"(max-width: 1108px) 100vw, 1108px\" \/><\/p>\n<p>&nbsp;<\/p>\n<h3><span style=\"color: #0000ff;\">Faire la demande<\/span><\/h3>\n<p>&nbsp;<\/p>\n<p>Vous devez faire la demande aupr\u00e8s du Service Central d&rsquo;\u00e9tat-civil de Nantes (minist\u00e8re des affaires \u00e9trang\u00e8res).<\/p>\n<ul>\n<li>Par correspondance<br \/>\nLa demande peut-\u00eatre adress\u00e9e par courrier sur papier libre en indiquant :<br \/>\n* Date du mariage, noms de famille, pr\u00e9noms des \u00e9poux et noms et pr\u00e9noms des parents (pour une copie int\u00e9grale ou un extrait avec filiation)<br \/>\n* et l&rsquo;adresse du demandeur<br \/>\nCourrier \u00e0 envoyer \u00e0 l&rsquo;adresse suivante :<br \/>\n<strong>Service Central d&rsquo;\u00e9tat-civil du minist\u00e8re des affaires \u00e9trang\u00e8res<\/strong><br \/>\n<strong>11 rue de la Maison Blanche<\/strong><br \/>\n<strong><strong>44 941 Nantes Cedex 09<\/strong><\/strong><\/li>\n<li>Service en ligne<br \/>\nDemande d&rsquo;acte de naissance : copie int\u00e9grale ou extrait (naissance en France) &#8211; Service gratuit<br \/>\n<a href=\"https:\/\/www.service-public.fr\/particuliers\/vosdroits\/R42839\">Acc\u00e9der au service en ligne<\/a><\/li>\n<\/ul>\n<p><img loading=\"lazy\" decoding=\"async\" class=\"size-full wp-image-4007 aligncenter\" src=\"http:\/\/www.ville-putanges.fr\/wp-content\/uploads\/index.png\" alt=\"\" width=\"323\" height=\"156\" srcset=\"https:\/\/www.putanges-le-lac.fr\/wp-content\/uploads\/index.png 323w, https:\/\/www.putanges-le-lac.fr\/wp-content\/uploads\/index-300x145.png 300w\" sizes=\"(max-width: 323px) 100vw, 323px\" \/><\/p>\n","protected":false},"excerpt":{"rendered":"<p>Un acte de mariage peut donner lieu \u00e0 la d\u00e9livrance de 3 documents diff\u00e9rents : * la copie int\u00e9grale * l&rsquo;extrait avec filiation\u00a0 * et l&rsquo;extrait sans filiation Les conditions [&hellip;]<\/p>\n","protected":false},"author":7,"featured_media":0,"parent":1382,"menu_order":4,"comment_status":"closed","ping_status":"closed","template":"","meta":{"footnotes":""},"class_list":["post-4358","page","type-page","status-publish","hentry"],"_links":{"self":[{"href":"https:\/\/www.putanges-le-lac.fr\/index.php?rest_route=\/wp\/v2\/pages\/4358","targetHints":{"allow":["GET"]}}],"collection":[{"href":"https:\/\/www.putanges-le-lac.fr\/index.php?rest_route=\/wp\/v2\/pages"}],"about":[{"href":"https:\/\/www.putanges-le-lac.fr\/index.php?rest_route=\/wp\/v2\/types\/page"}],"author":[{"embeddable":true,"href":"https:\/\/www.putanges-le-lac.fr\/index.php?rest_route=\/wp\/v2\/users\/7"}],"replies":[{"embeddable":true,"href":"https:\/\/www.putanges-le-lac.fr\/index.php?rest_route=%2Fwp%2Fv2%2Fcomments&post=4358"}],"version-history":[{"count":6,"href":"https:\/\/www.putanges-le-lac.fr\/index.php?rest_route=\/wp\/v2\/pages\/4358\/revisions"}],"predecessor-version":[{"id":4758,"href":"https:\/\/www.putanges-le-lac.fr\/index.php?rest_route=\/wp\/v2\/pages\/4358\/revisions\/4758"}],"up":[{"embeddable":true,"href":"https:\/\/www.putanges-le-lac.fr\/index.php?rest_route=\/wp\/v2\/pages\/1382"}],"wp:attachment":[{"href":"https:\/\/www.putanges-le-lac.fr\/index.php?rest_route=%2Fwp%2Fv2%2Fmedia&parent=4358"}],"curies":[{"name":"wp","href":"https:\/\/api.w.org\/{rel}","templated":true}]}}