{"id":4469,"date":"2017-09-25T14:52:41","date_gmt":"2017-09-25T14:52:41","guid":{"rendered":"http:\/\/www.ville-putanges.fr\/?page_id=4469"},"modified":"2021-03-11T17:11:57","modified_gmt":"2021-03-11T17:11:57","slug":"hotel","status":"publish","type":"page","link":"https:\/\/www.putanges-le-lac.fr\/?page_id=4469","title":{"rendered":"H\u00f4tel"},"content":{"rendered":"<div id=\"txt_3\">\n<h1><span style=\"color: #0000ff;\">L&rsquo;H\u00f4tel-Restaurant \u00ab\u00a0Le Lion Verd\u00a0\u00bb<\/span><\/h1>\n<p>&nbsp;<\/p>\n<p><img loading=\"lazy\" decoding=\"async\" class=\"aligncenter wp-image-4475 size-full\" src=\"http:\/\/www.ville-putanges.fr\/wp-content\/uploads\/Doublefamilyx.jpg\" alt=\"\" width=\"600\" height=\"338\" srcset=\"https:\/\/www.putanges-le-lac.fr\/wp-content\/uploads\/Doublefamilyx.jpg 600w, https:\/\/www.putanges-le-lac.fr\/wp-content\/uploads\/Doublefamilyx-300x169.jpg 300w\" sizes=\"(max-width: 600px) 100vw, 600px\" \/><\/p>\n<p>&nbsp;<\/p>\n<p class=\"Body-Text\"><span class=\"C-2\">L&rsquo;h\u00f4tel-Restaurant du Lion Verd dispose d\u2019un choix de 15 chambres (simples, doubles, sup\u00e9rieures et familiales) toutes avec salle de bain individuelle (baignoire ou douche, toilettes). En plein c\u0153ur du centre ville de Putanges-Pont-\u00c9crepin, l&rsquo;h\u00f4tel est situ\u00e9 au bord de l\u2019eau (l\u2019Orne).<br \/>\n<\/span><\/p>\n<p class=\"Body-Text\"><span class=\"C-2\">Toutes les chambres sont \u00e9quip\u00e9es d&rsquo;un acc\u00e8s WiFi, d\u2019un t\u00e9l\u00e9viseur satellite \u00e0 \u00e9cran plat, d&rsquo;un plateau d\u2019accueil avec th\u00e9 et caf\u00e9, d&rsquo;un s\u00e8che-cheveux et d\u2019un n\u00e9cessaire de toilette.<\/span><\/p>\n<p class=\"Body-Text\"><span class=\"C-2\">Des lits d\u2019appoint sont disponibles sur demande.<\/span><\/p>\n<p class=\"Body-Text\"><span class=\"C-2\">Toutes les chambres sont personnalis\u00e9es et pr\u00e9par\u00e9es pour que vous profitiez agr\u00e9ablement de votre s\u00e9jour.<\/span><\/p>\n<p>&nbsp;<\/p>\n<\/div>\n<p><img loading=\"lazy\" decoding=\"async\" class=\"aligncenter wp-image-4478\" src=\"http:\/\/www.ville-putanges.fr\/wp-content\/uploads\/Superiordescribedx.jpg\" alt=\"\" width=\"600\" height=\"338\" srcset=\"https:\/\/www.putanges-le-lac.fr\/wp-content\/uploads\/Superiordescribedx.jpg 600w, https:\/\/www.putanges-le-lac.fr\/wp-content\/uploads\/Superiordescribedx-300x169.jpg 300w\" sizes=\"(max-width: 600px) 100vw, 600px\" \/><\/p>\n<p>&nbsp;<\/p>\n<p><strong>Tarifs :<\/strong><\/p>\n<ul>\n<li>Chambres 1 pers : 55 \u20ac \/ 75 \u20ac<\/li>\n<li>Chambres 2 pers : 75 \u20ac<\/li>\n<li>Chambres 3 pers : 95 \u20ac<\/li>\n<li>Chambres 4 pers : 115 \u20ac<img loading=\"lazy\" decoding=\"async\" class=\"alignright wp-image-4474\" src=\"http:\/\/www.ville-putanges.fr\/wp-content\/uploads\/Doubledescribedx.jpg\" alt=\"\" width=\"397\" height=\"224\" srcset=\"https:\/\/www.putanges-le-lac.fr\/wp-content\/uploads\/Doubledescribedx.jpg 600w, https:\/\/www.putanges-le-lac.fr\/wp-content\/uploads\/Doubledescribedx-300x169.jpg 300w\" sizes=\"(max-width: 397px) 100vw, 397px\" \/><\/li>\n<li>Petit d\u00e9jeuner : 8 \u20ac<\/li>\n<li>Soir\u00e9e \u00e9tape : 70 \u20ac \/ 110 \u20ac<\/li>\n<\/ul>\n<p>&nbsp;<\/p>\n<p>&nbsp;<\/p>\n<p><strong>Services :<\/strong><\/p>\n<ul>\n<li>Wifi<\/li>\n<li>T\u00e9l\u00e9vision dans les chambres<\/li>\n<li>Carte de cr\u00e9dit, Ch\u00e8ques vacances<\/li>\n<li>Ch\u00e8ques d\u00e9jeuners et tickets restaurant<\/li>\n<li>Parking priv\u00e9 et emplacement bus<\/li>\n<li>Bar<\/li>\n<li>Salle de r\u00e9union<\/li>\n<li>Repas servis en terrasse<\/li>\n<li>Langue parl\u00e9e : anglais<\/li>\n<\/ul>\n<p>&nbsp;<\/p>\n<p><img loading=\"lazy\" decoding=\"async\" class=\"aligncenter wp-image-4477\" src=\"http:\/\/www.ville-putanges.fr\/wp-content\/uploads\/SingleTwinx.jpg\" alt=\"\" width=\"533\" height=\"300\" srcset=\"https:\/\/www.putanges-le-lac.fr\/wp-content\/uploads\/SingleTwinx.jpg 600w, https:\/\/www.putanges-le-lac.fr\/wp-content\/uploads\/SingleTwinx-300x169.jpg 300w\" sizes=\"(max-width: 533px) 100vw, 533px\" \/><\/p>\n<p>&nbsp;<\/p>\n<p style=\"text-align: center;\"><strong><span class=\"Style6\">Place de l\u2019H\u00f4tel de Ville &#8211; PUTANGES PONT-ECR\u00c9PIN<\/span> <span class=\"Style6\">&#8211; 61210 PUTANGES-LE-LAC<\/span><\/strong><br \/>\n<span class=\"Style15\">+33 (0)<\/span>2 33 35 01 86 &#8211; <span class=\"Style15\">+33 (0)<\/span>6 75 14 83 74<br \/>\n<a href=\"mailto:hotel.lionverd@wanadoo.fr\">hotel.lionverd@wanadoo.fr<\/a><\/p>\n<p style=\"text-align: center;\"><a href=\"http:\/\/www.lionverd.fr\" target=\"_blank\" rel=\"noopener\">www.lionverd.fr<\/a><\/p>\n<p>&nbsp;<\/p>\n","protected":false},"excerpt":{"rendered":"<p>L&rsquo;H\u00f4tel-Restaurant \u00ab\u00a0Le Lion Verd\u00a0\u00bb &nbsp; &nbsp; L&rsquo;h\u00f4tel-Restaurant du Lion Verd dispose d\u2019un choix de 15 chambres (simples, doubles, sup\u00e9rieures et familiales) toutes avec salle de bain individuelle (baignoire ou douche, [&hellip;]<\/p>\n","protected":false},"author":7,"featured_media":0,"parent":4462,"menu_order":5,"comment_status":"closed","ping_status":"closed","template":"","meta":{"footnotes":""},"class_list":["post-4469","page","type-page","status-publish","hentry"],"_links":{"self":[{"href":"https:\/\/www.putanges-le-lac.fr\/index.php?rest_route=\/wp\/v2\/pages\/4469","targetHints":{"allow":["GET"]}}],"collection":[{"href":"https:\/\/www.putanges-le-lac.fr\/index.php?rest_route=\/wp\/v2\/pages"}],"about":[{"href":"https:\/\/www.putanges-le-lac.fr\/index.php?rest_route=\/wp\/v2\/types\/page"}],"author":[{"embeddable":true,"href":"https:\/\/www.putanges-le-lac.fr\/index.php?rest_route=\/wp\/v2\/users\/7"}],"replies":[{"embeddable":true,"href":"https:\/\/www.putanges-le-lac.fr\/index.php?rest_route=%2Fwp%2Fv2%2Fcomments&post=4469"}],"version-history":[{"count":10,"href":"https:\/\/www.putanges-le-lac.fr\/index.php?rest_route=\/wp\/v2\/pages\/4469\/revisions"}],"predecessor-version":[{"id":4486,"href":"https:\/\/www.putanges-le-lac.fr\/index.php?rest_route=\/wp\/v2\/pages\/4469\/revisions\/4486"}],"up":[{"embeddable":true,"href":"https:\/\/www.putanges-le-lac.fr\/index.php?rest_route=\/wp\/v2\/pages\/4462"}],"wp:attachment":[{"href":"https:\/\/www.putanges-le-lac.fr\/index.php?rest_route=%2Fwp%2Fv2%2Fmedia&parent=4469"}],"curies":[{"name":"wp","href":"https:\/\/api.w.org\/{rel}","templated":true}]}}