{"id":4550,"date":"2018-02-19T14:59:30","date_gmt":"2018-02-19T14:59:30","guid":{"rendered":"http:\/\/www.ville-putanges.fr\/?page_id=4550"},"modified":"2021-03-11T17:13:03","modified_gmt":"2021-03-11T17:13:03","slug":"equitation","status":"publish","type":"page","link":"https:\/\/www.putanges-le-lac.fr\/?page_id=4550","title":{"rendered":"\u00c9quitation"},"content":{"rendered":"<h1><strong><span style=\"color: #800080;\">\u00ab\u00a0La Rotourelle\u00a0\u00bb &#8211; <\/span><\/strong><strong><span style=\"color: #800080;\">Centre de loisirs \u00e9questres<\/span><\/strong><\/h1>\n<p>&nbsp;<\/p>\n<p><img loading=\"lazy\" decoding=\"async\" class=\"aligncenter wp-image-4762\" src=\"http:\/\/www.ville-putanges.fr\/wp-content\/uploads\/image.jpg\" alt=\"\" width=\"576\" height=\"432\" srcset=\"https:\/\/www.putanges-le-lac.fr\/wp-content\/uploads\/image.jpg 687w, https:\/\/www.putanges-le-lac.fr\/wp-content\/uploads\/image-300x225.jpg 300w, https:\/\/www.putanges-le-lac.fr\/wp-content\/uploads\/image-600x450.jpg 600w\" sizes=\"(max-width: 576px) 100vw, 576px\" \/><\/p>\n<p>&nbsp;<\/p>\n<p>&nbsp;<\/p>\n<p>Centre de loisirs \u00e9questres et multi-activit\u00e9s vous propose d&rsquo;accueillir vos enfants pendant les vacances scolaires, ainsi que le premier week-end du mois. Diverses activit\u00e9s leur seront propos\u00e9es : tir \u00e0 l&rsquo;arc, cano\u00eb-kayak, course d&rsquo;orientation, raid aventure, etc\u2026).<\/p>\n<p>\u00c9cole \u00e9l\u00e9mentaire d&rsquo;\u00e9quitation, cours d&rsquo;\u00e9quitation pour enfants et adultes, baby poney, \u00e9quitation nature (balade et cours), randonn\u00e9es \u00e9questres d&rsquo;une \u00e0 plusieurs journ\u00e9es pour les adolescents ou les adultes (par exemple, jusqu&rsquo;au Mont Saint-Michel), camps \u00e0 th\u00e8mes (western, indien, m\u00e9di\u00e9val, &#8230;).<\/p>\n<p>Accueil scolaire et accueil de groupes.<\/p>\n<p>Agr\u00e9ments de la Direction D\u00e9partementale de la Coh\u00e9sion Sociale et de la Protection des Populations, de l\u2019\u00c9cole Fran\u00e7aise d&rsquo;\u00c9quitation Poney\/Cheval, labellis\u00e9 Centre de Tourisme \u00c9questre.<\/p>\n<p>Encadrement par un \u00e9ducateur sportif dipl\u00f4m\u00e9.<\/p>\n<p>&nbsp;<\/p>\n<p><img loading=\"lazy\" decoding=\"async\" class=\"aligncenter size-full wp-image-4763\" src=\"http:\/\/www.ville-putanges.fr\/wp-content\/uploads\/image1.jpg\" alt=\"\" width=\"490\" height=\"276\" srcset=\"https:\/\/www.putanges-le-lac.fr\/wp-content\/uploads\/image1.jpg 490w, https:\/\/www.putanges-le-lac.fr\/wp-content\/uploads\/image1-300x169.jpg 300w\" sizes=\"(max-width: 490px) 100vw, 490px\" \/><\/p>\n<p>&nbsp;<\/p>\n<p style=\"text-align: center;\"><span class=\"Style6\">La Morini\u00e8re &#8211; SAINTE-CROIX-SUR-ORNE &#8211; 61210 PUTANGES-LE-LAC<\/span><br \/>\nThierry et Nelly GREUSARD<br \/>\n+33 (0)2 33 36 88 89 \/ Fax : +33 (0)2 33 36 89 90<br \/>\n<a href=\"mailto:larotourelle@free.fr\">larotourelle@free.fr<\/a><br \/>\n<a href=\"http:\/\/larotourelle.jimdo.com\" target=\"_blank\" rel=\"noopener\">http:\/\/larotourelle.jimdo.com<\/a><\/p>\n<p><a href=\"https:\/\/www.facebook.com\/Page-Officielle-La-Rotourelle-245268718887224\/\" target=\"_blank\" rel=\"noopener\"><img loading=\"lazy\" decoding=\"async\" class=\"aligncenter\" src=\"http:\/\/www.office-tourisme-putanges.com\/images\/facebook-logo.png\" alt=\"\" width=\"31\" height=\"31\" \/><\/a><\/p>\n<p>&nbsp;<\/p>\n<p>&nbsp;<\/p>\n","protected":false},"excerpt":{"rendered":"<p>\u00ab\u00a0La Rotourelle\u00a0\u00bb &#8211; Centre de loisirs \u00e9questres &nbsp; &nbsp; &nbsp; Centre de loisirs \u00e9questres et multi-activit\u00e9s vous propose d&rsquo;accueillir vos enfants pendant les vacances scolaires, ainsi que le premier week-end [&hellip;]<\/p>\n","protected":false},"author":7,"featured_media":0,"parent":15,"menu_order":12,"comment_status":"closed","ping_status":"closed","template":"","meta":{"footnotes":""},"class_list":["post-4550","page","type-page","status-publish","hentry"],"_links":{"self":[{"href":"https:\/\/www.putanges-le-lac.fr\/index.php?rest_route=\/wp\/v2\/pages\/4550","targetHints":{"allow":["GET"]}}],"collection":[{"href":"https:\/\/www.putanges-le-lac.fr\/index.php?rest_route=\/wp\/v2\/pages"}],"about":[{"href":"https:\/\/www.putanges-le-lac.fr\/index.php?rest_route=\/wp\/v2\/types\/page"}],"author":[{"embeddable":true,"href":"https:\/\/www.putanges-le-lac.fr\/index.php?rest_route=\/wp\/v2\/users\/7"}],"replies":[{"embeddable":true,"href":"https:\/\/www.putanges-le-lac.fr\/index.php?rest_route=%2Fwp%2Fv2%2Fcomments&post=4550"}],"version-history":[{"count":5,"href":"https:\/\/www.putanges-le-lac.fr\/index.php?rest_route=\/wp\/v2\/pages\/4550\/revisions"}],"predecessor-version":[{"id":4828,"href":"https:\/\/www.putanges-le-lac.fr\/index.php?rest_route=\/wp\/v2\/pages\/4550\/revisions\/4828"}],"up":[{"embeddable":true,"href":"https:\/\/www.putanges-le-lac.fr\/index.php?rest_route=\/wp\/v2\/pages\/15"}],"wp:attachment":[{"href":"https:\/\/www.putanges-le-lac.fr\/index.php?rest_route=%2Fwp%2Fv2%2Fmedia&parent=4550"}],"curies":[{"name":"wp","href":"https:\/\/api.w.org\/{rel}","templated":true}]}}