{"id":4568,"date":"2017-10-19T13:39:15","date_gmt":"2017-10-19T13:39:15","guid":{"rendered":"http:\/\/www.ville-putanges.fr\/?page_id=4568"},"modified":"2021-03-11T17:12:54","modified_gmt":"2021-03-11T17:12:54","slug":"paintball","status":"publish","type":"page","link":"https:\/\/www.putanges-le-lac.fr\/?page_id=4568","title":{"rendered":"Paintball"},"content":{"rendered":"<h1><span style=\"color: #800080;\">Energie Paintball<\/span><\/h1>\n<p>&nbsp;<\/p>\n<p><img loading=\"lazy\" decoding=\"async\" class=\"aligncenter size-full wp-image-4570\" src=\"http:\/\/www.ville-putanges.fr\/wp-content\/uploads\/paint.jpg\" alt=\"\" width=\"800\" height=\"500\" srcset=\"https:\/\/www.putanges-le-lac.fr\/wp-content\/uploads\/paint.jpg 800w, https:\/\/www.putanges-le-lac.fr\/wp-content\/uploads\/paint-300x188.jpg 300w, https:\/\/www.putanges-le-lac.fr\/wp-content\/uploads\/paint-768x480.jpg 768w, https:\/\/www.putanges-le-lac.fr\/wp-content\/uploads\/paint-600x375.jpg 600w, https:\/\/www.putanges-le-lac.fr\/wp-content\/uploads\/paint-750x469.jpg 750w\" sizes=\"(max-width: 800px) 100vw, 800px\" \/><\/p>\n<p>&nbsp;<\/p>\n<p style=\"text-align: center;\">Vous enterrez la vie de gar\u00e7on de votre meilleur ami\u00a0?<\/p>\n<p style=\"text-align: center;\">Vous f\u00eatez l\u2019anniversaire surprise de votre petit dernier\u00a0?<\/p>\n<p style=\"text-align: center;\">Vous cherchez une activit\u00e9 sympathique de team building pour votre \u00e9quipe\u00a0?<\/p>\n<p style=\"text-align: center;\">En famille, entre amis ou entre coll\u00e8gues, Energie Paintball a ce qu\u2019il vous faut\u00a0!<\/p>\n<p style=\"text-align: center;\">Nich\u00e9 au c\u0153ur de la Suisse Normande, \u00e0 Putanges-Pont-\u00c9crepin, \u00e0 proximit\u00e9 de Falaise et de Caen, Energie Paintball vous propose 5 terrains professionnels, enti\u00e8rement am\u00e9nag\u00e9s.<\/p>\n<p style=\"text-align: center;\">Avec plus de 7 hectares, des obstacles, un ch\u00e2teau fort et m\u00eame des v\u00e9hicules de guerre, les avertis comme les d\u00e9butants y trouveront leur compte.<\/p>\n<p style=\"text-align: center;\">Ouverts toute l\u2019ann\u00e9e, les terrains d\u2019Energie Paintball peuvent accueillir \u00e0 la fois des parties de paintball et d\u2019airsoft. R\u00e9guli\u00e8rement, des Big Game permettent aux amateurs de sensations fortes de se confronter \u00e0 d\u2019autres joueurs.<\/p>\n<p style=\"text-align: center;\">A noter\u00a0: Energie paintball propose des tarifs pr\u00e9f\u00e9rentiels pour les Comit\u00e9s d\u2019Entreprise.<\/p>\n<p>&nbsp;<\/p>\n<p><img loading=\"lazy\" decoding=\"async\" class=\" wp-image-4571 alignleft\" src=\"http:\/\/www.ville-putanges.fr\/wp-content\/uploads\/paint1.jpg\" alt=\"\" width=\"334\" height=\"209\" srcset=\"https:\/\/www.putanges-le-lac.fr\/wp-content\/uploads\/paint1.jpg 800w, https:\/\/www.putanges-le-lac.fr\/wp-content\/uploads\/paint1-300x188.jpg 300w, https:\/\/www.putanges-le-lac.fr\/wp-content\/uploads\/paint1-768x480.jpg 768w, https:\/\/www.putanges-le-lac.fr\/wp-content\/uploads\/paint1-600x375.jpg 600w, https:\/\/www.putanges-le-lac.fr\/wp-content\/uploads\/paint1-750x469.jpg 750w\" sizes=\"(max-width: 334px) 100vw, 334px\" \/><\/p>\n<p style=\"text-align: center;\"><span style=\"color: #800080;\"><u>Energie Paintball<\/u><\/span><\/p>\n<p style=\"text-align: center;\">M. REGNAULT Mathieu<br \/>\nPortable : 06.22.35.36.11<br \/>\nLes communes de vienne &#8211; Putanges-Pont-\u00c9crepin<br \/>\n61210 Putanges-Le-Lac<br \/>\nmail :\u00a0<a href=\"mailto:energiepaintball@hotmail.fr\">energiepaintball@hotmail.fr<\/a><\/p>\n<p>&nbsp;<\/p>\n<p>&nbsp;<\/p>\n<p style=\"text-align: left;\">En raison du r\u00e9seau tr\u00e8s faible au terrain n&rsquo;h\u00e9sitez pas \u00e0 laisser un message sur le r\u00e9pondeur, nous vous rappellerons d\u00e8s r\u00e9ception du message.<br \/>\nSinon passez nous voir au terrain si vous souhaitez jouer on vous trouvera de la place.<\/p>\n<p>&nbsp;<\/p>\n","protected":false},"excerpt":{"rendered":"<p>Energie Paintball &nbsp; &nbsp; Vous enterrez la vie de gar\u00e7on de votre meilleur ami\u00a0? Vous f\u00eatez l\u2019anniversaire surprise de votre petit dernier\u00a0? Vous cherchez une activit\u00e9 sympathique de team building [&hellip;]<\/p>\n","protected":false},"author":7,"featured_media":0,"parent":15,"menu_order":11,"comment_status":"closed","ping_status":"closed","template":"","meta":{"footnotes":""},"class_list":["post-4568","page","type-page","status-publish","hentry"],"_links":{"self":[{"href":"https:\/\/www.putanges-le-lac.fr\/index.php?rest_route=\/wp\/v2\/pages\/4568","targetHints":{"allow":["GET"]}}],"collection":[{"href":"https:\/\/www.putanges-le-lac.fr\/index.php?rest_route=\/wp\/v2\/pages"}],"about":[{"href":"https:\/\/www.putanges-le-lac.fr\/index.php?rest_route=\/wp\/v2\/types\/page"}],"author":[{"embeddable":true,"href":"https:\/\/www.putanges-le-lac.fr\/index.php?rest_route=\/wp\/v2\/users\/7"}],"replies":[{"embeddable":true,"href":"https:\/\/www.putanges-le-lac.fr\/index.php?rest_route=%2Fwp%2Fv2%2Fcomments&post=4568"}],"version-history":[{"count":12,"href":"https:\/\/www.putanges-le-lac.fr\/index.php?rest_route=\/wp\/v2\/pages\/4568\/revisions"}],"predecessor-version":[{"id":4582,"href":"https:\/\/www.putanges-le-lac.fr\/index.php?rest_route=\/wp\/v2\/pages\/4568\/revisions\/4582"}],"up":[{"embeddable":true,"href":"https:\/\/www.putanges-le-lac.fr\/index.php?rest_route=\/wp\/v2\/pages\/15"}],"wp:attachment":[{"href":"https:\/\/www.putanges-le-lac.fr\/index.php?rest_route=%2Fwp%2Fv2%2Fmedia&parent=4568"}],"curies":[{"name":"wp","href":"https:\/\/api.w.org\/{rel}","templated":true}]}}