{"id":4586,"date":"2017-10-23T13:44:36","date_gmt":"2017-10-23T13:44:36","guid":{"rendered":"http:\/\/www.ville-putanges.fr\/?page_id=4586"},"modified":"2021-03-11T17:12:35","modified_gmt":"2021-03-11T17:12:35","slug":"canoe-kayak","status":"publish","type":"page","link":"https:\/\/www.putanges-le-lac.fr\/?page_id=4586","title":{"rendered":"Cano\u00eb Kayak"},"content":{"rendered":"<p><img loading=\"lazy\" decoding=\"async\" class=\"aligncenter size-full wp-image-3766\" src=\"http:\/\/www.ville-putanges.fr\/wp-content\/uploads\/cropped-cropped-152887340.jpg\" alt=\"\" width=\"1200\" height=\"400\" srcset=\"https:\/\/www.putanges-le-lac.fr\/wp-content\/uploads\/cropped-cropped-152887340.jpg 1200w, https:\/\/www.putanges-le-lac.fr\/wp-content\/uploads\/cropped-cropped-152887340-300x100.jpg 300w, https:\/\/www.putanges-le-lac.fr\/wp-content\/uploads\/cropped-cropped-152887340-768x256.jpg 768w, https:\/\/www.putanges-le-lac.fr\/wp-content\/uploads\/cropped-cropped-152887340-600x200.jpg 600w\" sizes=\"(max-width: 1200px) 100vw, 1200px\" \/><\/p>\n<p>&nbsp;<\/p>\n<h2><span style=\"color: #800080;\"><span class=\"Style9\">La Ferme du Bois de Putanges<\/span>\u00a0<\/span><\/h2>\n<p>D\u00e9couvrez le charme d&rsquo;une\u00a0<strong>ballade en cano\u00eb kayak<\/strong>\u00a0dans les paysages enchanteurs de la\u00a0<strong>Suisse Normande<\/strong>.\u00a0 En famille, entre amis ou en groupe, la cano\u00eb kayak est un loisir amusant, un vrai moment de d\u00e9tente.<\/p>\n<p>La Ferme du Bois de Putanges vous propose diff\u00e9rents d\u00e9parts \u00e0 la journ\u00e9e, demi journ\u00e9e, vous serez achemin\u00e9s \u00e0 l&rsquo;endroit de d\u00e9part choisi, pour \u00eatre ensuite r\u00e9cup\u00e9r\u00e9s \u00e0 l&#8217;embarcad\u00e8re de Putanges. R\u00e9servation fortement conseill\u00e9e.<\/p>\n<p>En plus du cano\u00eb traditionnel, la Ferme du Bois de Putanges propose en exclusivit\u00e9 dans l&rsquo;Orne son Kayak-p\u00eache. Con\u00e7u par et pour des p\u00eacheurs, le kayak-p\u00eache permet de go\u00fbter \u00e0 une nouvelle approche de la p\u00eache, plus sportive, plus respectueuse de l&rsquo;environnement, plus \u00e9conomique et tr\u00e8s accessible.<\/p>\n<p>Conditions : avoir le permis de p\u00eache (voir rubrique p\u00eache).<\/p>\n<p>&nbsp;<\/p>\n<div class=\"price-list\"><\/div>\n","protected":false},"excerpt":{"rendered":"<p>&nbsp; La Ferme du Bois de Putanges\u00a0 D\u00e9couvrez le charme d&rsquo;une\u00a0ballade en cano\u00eb kayak\u00a0dans les paysages enchanteurs de la\u00a0Suisse Normande.\u00a0 En famille, entre amis ou en groupe, la cano\u00eb kayak [&hellip;]<\/p>\n","protected":false},"author":7,"featured_media":0,"parent":15,"menu_order":9,"comment_status":"closed","ping_status":"closed","template":"","meta":{"footnotes":""},"class_list":["post-4586","page","type-page","status-publish","hentry"],"_links":{"self":[{"href":"https:\/\/www.putanges-le-lac.fr\/index.php?rest_route=\/wp\/v2\/pages\/4586","targetHints":{"allow":["GET"]}}],"collection":[{"href":"https:\/\/www.putanges-le-lac.fr\/index.php?rest_route=\/wp\/v2\/pages"}],"about":[{"href":"https:\/\/www.putanges-le-lac.fr\/index.php?rest_route=\/wp\/v2\/types\/page"}],"author":[{"embeddable":true,"href":"https:\/\/www.putanges-le-lac.fr\/index.php?rest_route=\/wp\/v2\/users\/7"}],"replies":[{"embeddable":true,"href":"https:\/\/www.putanges-le-lac.fr\/index.php?rest_route=%2Fwp%2Fv2%2Fcomments&post=4586"}],"version-history":[{"count":5,"href":"https:\/\/www.putanges-le-lac.fr\/index.php?rest_route=\/wp\/v2\/pages\/4586\/revisions"}],"predecessor-version":[{"id":4593,"href":"https:\/\/www.putanges-le-lac.fr\/index.php?rest_route=\/wp\/v2\/pages\/4586\/revisions\/4593"}],"up":[{"embeddable":true,"href":"https:\/\/www.putanges-le-lac.fr\/index.php?rest_route=\/wp\/v2\/pages\/15"}],"wp:attachment":[{"href":"https:\/\/www.putanges-le-lac.fr\/index.php?rest_route=%2Fwp%2Fv2%2Fmedia&parent=4586"}],"curies":[{"name":"wp","href":"https:\/\/api.w.org\/{rel}","templated":true}]}}