{"id":4616,"date":"2017-12-04T13:37:10","date_gmt":"2017-12-04T13:37:10","guid":{"rendered":"http:\/\/www.ville-putanges.fr\/?page_id=4616"},"modified":"2021-03-11T17:08:44","modified_gmt":"2021-03-11T17:08:44","slug":"chenedouit","status":"publish","type":"page","link":"https:\/\/www.putanges-le-lac.fr\/?page_id=4616","title":{"rendered":"Ch\u00eanedouit"},"content":{"rendered":"<p style=\"text-align: center;\"><em>Il s\u2019agit d\u2019une forme m\u00e9di\u00e9vale tardive, bas\u00e9e apparemment sur le fran\u00e7ais ch\u00eane et l\u2019ancien fran\u00e7ais <strong>douit<\/strong>\u00a0 \u00ab\u00a0ruisseau\u00a0\u00bb \u00ab\u00a0source\u00a0\u00bb variante de dou\u00e9, selon un mode de composition d\u00e9terminant-d\u00e9termin\u00e9 influenc\u00e9 par le germanique ou le scandinave d\u2019o\u00f9 le sens global de <strong>\u00ab\u00a0Ruisseau du ch\u00eane\u00a0\u00bb.<\/strong><\/em><\/p>\n<p>&nbsp;<\/p>\n<p><em>La superficie est de <strong>893 hectares<\/strong><\/em><\/p>\n<p><em>La population au 1<sup>er<\/sup> janvier 2012\u00a0\u00e9tait de <strong>166 habitants<\/strong><\/em><\/p>\n<p><em>Noms des habitants\u00a0: <strong>les Ch\u00eanedoliens et les Ch\u00eanedoliennes<\/strong><\/em><\/p>\n<p>&nbsp;<\/p>\n<p><em><img loading=\"lazy\" decoding=\"async\" class=\"wp-image-4662 alignleft\" src=\"http:\/\/www.ville-putanges.fr\/wp-content\/uploads\/chenedouit.jpg\" alt=\"\" width=\"470\" height=\"313\" srcset=\"https:\/\/www.putanges-le-lac.fr\/wp-content\/uploads\/chenedouit.jpg 1024w, https:\/\/www.putanges-le-lac.fr\/wp-content\/uploads\/chenedouit-300x200.jpg 300w, https:\/\/www.putanges-le-lac.fr\/wp-content\/uploads\/chenedouit-768x512.jpg 768w, https:\/\/www.putanges-le-lac.fr\/wp-content\/uploads\/chenedouit-600x400.jpg 600w, https:\/\/www.putanges-le-lac.fr\/wp-content\/uploads\/chenedouit-750x500.jpg 750w\" sizes=\"(max-width: 470px) 100vw, 470px\" \/><\/em><\/p>\n<p>&nbsp;<\/p>\n<p>&nbsp;<\/p>\n<p>&nbsp;<\/p>\n<p>&nbsp;<\/p>\n<p>&nbsp;<\/p>\n<p>&nbsp;<\/p>\n<p>&nbsp;<\/p>\n<p>&nbsp;<\/p>\n<p>&nbsp;<\/p>\n<p style=\"text-align: center;\"><em>Maire d\u00e9l\u00e9gu\u00e9<strong> : Monsieur Philippe MALLARD <\/strong><\/em><\/p>\n<p style=\"text-align: center;\"><strong><em>Permanence de la Mairie\u00a0: <\/em><\/strong><em>Mardi de 10h \u00e0 12h<br \/>\n<\/em><\/p>\n<p style=\"text-align: center;\"><em><a href=\"mailto:18h30-mairiedechenedouit@gmail.com\"><strong>mairiedechenedouit@gmail.com<\/strong><\/a><\/em><\/p>\n<p style=\"text-align: center;\"><strong><em>T\u00e9l\u00a0: 02 33 39 07 40<\/em><\/strong><\/p>\n<p><em>\u00a0<\/em><\/p>\n","protected":false},"excerpt":{"rendered":"<p>Il s\u2019agit d\u2019une forme m\u00e9di\u00e9vale tardive, bas\u00e9e apparemment sur le fran\u00e7ais ch\u00eane et l\u2019ancien fran\u00e7ais douit\u00a0 \u00ab\u00a0ruisseau\u00a0\u00bb \u00ab\u00a0source\u00a0\u00bb variante de dou\u00e9, selon un mode de composition d\u00e9terminant-d\u00e9termin\u00e9 influenc\u00e9 par le [&hellip;]<\/p>\n","protected":false},"author":2,"featured_media":0,"parent":4614,"menu_order":3,"comment_status":"closed","ping_status":"closed","template":"page_fullwidth.php","meta":{"footnotes":""},"class_list":["post-4616","page","type-page","status-publish","hentry"],"_links":{"self":[{"href":"https:\/\/www.putanges-le-lac.fr\/index.php?rest_route=\/wp\/v2\/pages\/4616","targetHints":{"allow":["GET"]}}],"collection":[{"href":"https:\/\/www.putanges-le-lac.fr\/index.php?rest_route=\/wp\/v2\/pages"}],"about":[{"href":"https:\/\/www.putanges-le-lac.fr\/index.php?rest_route=\/wp\/v2\/types\/page"}],"author":[{"embeddable":true,"href":"https:\/\/www.putanges-le-lac.fr\/index.php?rest_route=\/wp\/v2\/users\/2"}],"replies":[{"embeddable":true,"href":"https:\/\/www.putanges-le-lac.fr\/index.php?rest_route=%2Fwp%2Fv2%2Fcomments&post=4616"}],"version-history":[{"count":6,"href":"https:\/\/www.putanges-le-lac.fr\/index.php?rest_route=\/wp\/v2\/pages\/4616\/revisions"}],"predecessor-version":[{"id":5451,"href":"https:\/\/www.putanges-le-lac.fr\/index.php?rest_route=\/wp\/v2\/pages\/4616\/revisions\/5451"}],"up":[{"embeddable":true,"href":"https:\/\/www.putanges-le-lac.fr\/index.php?rest_route=\/wp\/v2\/pages\/4614"}],"wp:attachment":[{"href":"https:\/\/www.putanges-le-lac.fr\/index.php?rest_route=%2Fwp%2Fv2%2Fmedia&parent=4616"}],"curies":[{"name":"wp","href":"https:\/\/api.w.org\/{rel}","templated":true}]}}