{"id":4618,"date":"2017-12-04T13:37:39","date_gmt":"2017-12-04T13:37:39","guid":{"rendered":"http:\/\/www.ville-putanges.fr\/?page_id=4618"},"modified":"2021-03-11T17:08:57","modified_gmt":"2021-03-11T17:08:57","slug":"la-foret-auvray","status":"publish","type":"page","link":"https:\/\/www.putanges-le-lac.fr\/?page_id=4618","title":{"rendered":"La For\u00eat-Auvray"},"content":{"rendered":"<p style=\"text-align: center;\"><em>Le nom de personne <strong>Auvray<\/strong>, (origine d\u00fb \u00e0 un chevalier) devenu patronymique est sp\u00e9cifique \u00e0 la Normandie et, est d\u2019origine anglo-saxonne.<\/em><\/p>\n<p style=\"text-align: center;\"><em>Un lieu-dit conserve le nom de <strong>Querlonde<\/strong>, mot bas\u00e9 sur le vieux norrois lundr \u00ab\u00a0bois-for\u00eat\u00a0\u00bb qui a donn\u00e9 l\u2019ancien mot normand londe de m\u00eame sens. Il est pr\u00e9c\u00e9d\u00e9 d\u2019un \u00e9l\u00e9ment obscur, vraisemblablement norrois. Peut-\u00eatre s\u2019agit-il du surnom norrois de la for\u00eat\u00a0? <\/em><\/p>\n<p style=\"text-align: center;\"><em>En tout cas, ce type de composition t\u00e9moigne d\u2019une colonisation <strong>anglo-scandinave<\/strong> sporadique dans l\u2019Orne.<\/em><\/p>\n<p>&nbsp;<\/p>\n<p>&nbsp;<\/p>\n<p><em>La superficie est de <strong>1096 hectares<\/strong><\/em><\/p>\n<p><em>La population au 1<sup>er<\/sup> janvier 2013\u00a0\u00e9tait de <strong>179 habitants<\/strong><\/em><\/p>\n<p><em>Nom des habitants\u00a0: <strong>les Auvraysiens et les Auvraysiennes<\/strong> <\/em><\/p>\n<p><img loading=\"lazy\" decoding=\"async\" class=\"wp-image-4663 alignleft\" src=\"http:\/\/www.ville-putanges.fr\/wp-content\/uploads\/la-foret.jpg\" alt=\"\" width=\"470\" height=\"313\" srcset=\"https:\/\/www.putanges-le-lac.fr\/wp-content\/uploads\/la-foret.jpg 1024w, https:\/\/www.putanges-le-lac.fr\/wp-content\/uploads\/la-foret-300x200.jpg 300w, https:\/\/www.putanges-le-lac.fr\/wp-content\/uploads\/la-foret-768x512.jpg 768w, https:\/\/www.putanges-le-lac.fr\/wp-content\/uploads\/la-foret-600x400.jpg 600w, https:\/\/www.putanges-le-lac.fr\/wp-content\/uploads\/la-foret-750x500.jpg 750w\" sizes=\"(max-width: 470px) 100vw, 470px\" \/><\/p>\n<p>&nbsp;<\/p>\n<p>&nbsp;<\/p>\n<p>&nbsp;<\/p>\n<p>&nbsp;<\/p>\n<p>&nbsp;<\/p>\n<p>&nbsp;<\/p>\n<p>&nbsp;<\/p>\n<p>&nbsp;<\/p>\n<p>&nbsp;<\/p>\n<p style=\"text-align: center;\"><em>Maire d\u00e9l\u00e9gu\u00e9<strong> : Monsieur Philippe GRANDIN<br \/>\n<\/strong><\/em><\/p>\n<p style=\"text-align: center;\"><strong><em>Permanence de la Mairie<\/em><\/strong><em>\u00a0<strong>: <\/strong><\/em>Mercredi de 14h00 \u00e0 16h00<\/p>\n<p style=\"text-align: center;\"><strong><a href=\"mailto:foret-auvray@wanadoo.fr\">mairie.la-foret-auvray@wanadoo.fr<\/a> <\/strong><\/p>\n<p style=\"text-align: center;\"><strong><em>T\u00e9l\u00a0: 02 33 66 33 75<\/em><\/strong><\/p>\n<p>&nbsp;<\/p>\n<p>&nbsp;<\/p>\n<p>&nbsp;<\/p>\n<p>&nbsp;<\/p>\n<p>&nbsp;<\/p>\n<p>&nbsp;<\/p>\n<p>&nbsp;<\/p>\n","protected":false},"excerpt":{"rendered":"<p>Le nom de personne Auvray, (origine d\u00fb \u00e0 un chevalier) devenu patronymique est sp\u00e9cifique \u00e0 la Normandie et, est d\u2019origine anglo-saxonne. Un lieu-dit conserve le nom de Querlonde, mot bas\u00e9 [&hellip;]<\/p>\n","protected":false},"author":2,"featured_media":0,"parent":4614,"menu_order":4,"comment_status":"closed","ping_status":"closed","template":"page_fullwidth.php","meta":{"footnotes":""},"class_list":["post-4618","page","type-page","status-publish","hentry"],"_links":{"self":[{"href":"https:\/\/www.putanges-le-lac.fr\/index.php?rest_route=\/wp\/v2\/pages\/4618","targetHints":{"allow":["GET"]}}],"collection":[{"href":"https:\/\/www.putanges-le-lac.fr\/index.php?rest_route=\/wp\/v2\/pages"}],"about":[{"href":"https:\/\/www.putanges-le-lac.fr\/index.php?rest_route=\/wp\/v2\/types\/page"}],"author":[{"embeddable":true,"href":"https:\/\/www.putanges-le-lac.fr\/index.php?rest_route=\/wp\/v2\/users\/2"}],"replies":[{"embeddable":true,"href":"https:\/\/www.putanges-le-lac.fr\/index.php?rest_route=%2Fwp%2Fv2%2Fcomments&post=4618"}],"version-history":[{"count":8,"href":"https:\/\/www.putanges-le-lac.fr\/index.php?rest_route=\/wp\/v2\/pages\/4618\/revisions"}],"predecessor-version":[{"id":5452,"href":"https:\/\/www.putanges-le-lac.fr\/index.php?rest_route=\/wp\/v2\/pages\/4618\/revisions\/5452"}],"up":[{"embeddable":true,"href":"https:\/\/www.putanges-le-lac.fr\/index.php?rest_route=\/wp\/v2\/pages\/4614"}],"wp:attachment":[{"href":"https:\/\/www.putanges-le-lac.fr\/index.php?rest_route=%2Fwp%2Fv2%2Fmedia&parent=4618"}],"curies":[{"name":"wp","href":"https:\/\/api.w.org\/{rel}","templated":true}]}}