{"id":4620,"date":"2017-12-04T13:38:28","date_gmt":"2017-12-04T13:38:28","guid":{"rendered":"http:\/\/www.ville-putanges.fr\/?page_id=4620"},"modified":"2021-03-11T17:09:05","modified_gmt":"2021-03-11T17:09:05","slug":"la-fresnaye-au-sauvage","status":"publish","type":"page","link":"https:\/\/www.putanges-le-lac.fr\/?page_id=4620","title":{"rendered":"La Fresnaye-au-Sauvage"},"content":{"rendered":"<p style=\"text-align: center;\"><em>En 1821, <strong>La Fresnaye au Sauvage<\/strong> absorbe la commune de Saint Malo, \u00e0 l\u2019Est de son Territoire.<\/em><\/p>\n<p style=\"text-align: center;\"><strong><em>Fresnaye<\/em><\/strong><em>\u00a0: Le nom d\u00e9signe un lieu caract\u00e9ris\u00e9 par la pr\u00e9sence <strong>d\u2019un Fr\u00eane<\/strong> et le terme sauvage d\u00e9signe d\u2019un point de vue \u00e9tymologique ce qui qualifie ou est en rapport avec la for\u00eat, le d\u00e9sert, le monde forestier ou inculte<\/em><\/p>\n<p>&nbsp;<\/p>\n<p><em>La superficie <strong>1198 Hectares<\/strong><\/em><\/p>\n<p><em>La population au 1<sup>er<\/sup> janvier 2012 \u00e9tait de <strong>219 habitants<\/strong><\/em><\/p>\n<p><em>Noms des habitants\u00a0: <strong>les Fresnayens et les Fresnayennes<\/strong><\/em><\/p>\n<p>&nbsp;<\/p>\n<p><img loading=\"lazy\" decoding=\"async\" class=\"wp-image-4664 alignleft\" src=\"http:\/\/www.ville-putanges.fr\/wp-content\/uploads\/la-fresnaye.jpg\" alt=\"\" width=\"470\" height=\"313\" srcset=\"https:\/\/www.putanges-le-lac.fr\/wp-content\/uploads\/la-fresnaye.jpg 1669w, https:\/\/www.putanges-le-lac.fr\/wp-content\/uploads\/la-fresnaye-300x200.jpg 300w, https:\/\/www.putanges-le-lac.fr\/wp-content\/uploads\/la-fresnaye-768x512.jpg 768w, https:\/\/www.putanges-le-lac.fr\/wp-content\/uploads\/la-fresnaye-600x400.jpg 600w, https:\/\/www.putanges-le-lac.fr\/wp-content\/uploads\/la-fresnaye-750x500.jpg 750w\" sizes=\"(max-width: 470px) 100vw, 470px\" \/><\/p>\n<p>&nbsp;<\/p>\n<p>&nbsp;<\/p>\n<p>&nbsp;<\/p>\n<p>&nbsp;<\/p>\n<p>&nbsp;<\/p>\n<p>&nbsp;<\/p>\n<p>&nbsp;<\/p>\n<p>&nbsp;<\/p>\n<p>&nbsp;<\/p>\n<p style=\"text-align: center;\"><em>Maire d\u00e9l\u00e9gu\u00e9<strong>\u00a0: Monsieur Sylvain GAUDIN<\/strong><\/em><\/p>\n<p style=\"text-align: center;\"><strong><em>Permanence de la Mairie\u00a0<\/em>: <\/strong><em>Mercredi de 9h30 \u00e0 13h30<\/em><\/p>\n<p style=\"text-align: center;\"><strong><a href=\"mailto:mairie.lafresnayeausauvage@wanadoo.fr\">mairie.lafresnayeausauvage@wanadoo.fr<\/a> <\/strong><\/p>\n<p style=\"text-align: center;\"><strong><em>T\u00e9l\u00a0: 02 33 35 89 22<\/em><\/strong><\/p>\n","protected":false},"excerpt":{"rendered":"<p>En 1821, La Fresnaye au Sauvage absorbe la commune de Saint Malo, \u00e0 l\u2019Est de son Territoire. Fresnaye\u00a0: Le nom d\u00e9signe un lieu caract\u00e9ris\u00e9 par la pr\u00e9sence d\u2019un Fr\u00eane et [&hellip;]<\/p>\n","protected":false},"author":2,"featured_media":0,"parent":4614,"menu_order":5,"comment_status":"closed","ping_status":"closed","template":"page_fullwidth.php","meta":{"footnotes":""},"class_list":["post-4620","page","type-page","status-publish","hentry"],"_links":{"self":[{"href":"https:\/\/www.putanges-le-lac.fr\/index.php?rest_route=\/wp\/v2\/pages\/4620","targetHints":{"allow":["GET"]}}],"collection":[{"href":"https:\/\/www.putanges-le-lac.fr\/index.php?rest_route=\/wp\/v2\/pages"}],"about":[{"href":"https:\/\/www.putanges-le-lac.fr\/index.php?rest_route=\/wp\/v2\/types\/page"}],"author":[{"embeddable":true,"href":"https:\/\/www.putanges-le-lac.fr\/index.php?rest_route=\/wp\/v2\/users\/2"}],"replies":[{"embeddable":true,"href":"https:\/\/www.putanges-le-lac.fr\/index.php?rest_route=%2Fwp%2Fv2%2Fcomments&post=4620"}],"version-history":[{"count":6,"href":"https:\/\/www.putanges-le-lac.fr\/index.php?rest_route=\/wp\/v2\/pages\/4620\/revisions"}],"predecessor-version":[{"id":5454,"href":"https:\/\/www.putanges-le-lac.fr\/index.php?rest_route=\/wp\/v2\/pages\/4620\/revisions\/5454"}],"up":[{"embeddable":true,"href":"https:\/\/www.putanges-le-lac.fr\/index.php?rest_route=\/wp\/v2\/pages\/4614"}],"wp:attachment":[{"href":"https:\/\/www.putanges-le-lac.fr\/index.php?rest_route=%2Fwp%2Fv2%2Fmedia&parent=4620"}],"curies":[{"name":"wp","href":"https:\/\/api.w.org\/{rel}","templated":true}]}}