{"id":4622,"date":"2017-12-04T13:38:53","date_gmt":"2017-12-04T13:38:53","guid":{"rendered":"http:\/\/www.ville-putanges.fr\/?page_id=4622"},"modified":"2021-03-11T17:09:16","modified_gmt":"2021-03-11T17:09:16","slug":"les-rotours","status":"publish","type":"page","link":"https:\/\/www.putanges-le-lac.fr\/?page_id=4622","title":{"rendered":"Les Rotours"},"content":{"rendered":"<p style=\"text-align: center;\"><strong><em>Les Rotours<\/em><\/strong><em> \u00e9tait un lieu ou l\u2019on rouissait les plantes, de <strong>l\u2019anglo-saxon rotan, rotian<\/strong>, du <strong>scandinave rotna<\/strong> et de <strong>l\u2019ancien haut allemand rozjan<\/strong> (pourrir). Le rouissage se pratiquait par mac\u00e9ration pour faire se d\u00e9sagr\u00e9ger les mati\u00e8res dont on voulait se d\u00e9barrasser et qui agglutinaient certaines fibres textiles comme le chanvre ou le lin.<\/em><\/p>\n<p><em>La superficie est de <strong>506 hectares<\/strong><\/em><\/p>\n<p><em>La population au 1<sup>er<\/sup> janvier 2013 \u00e9tait de <strong>117 habitants <\/strong><\/em><\/p>\n<p><em>Noms des habitants\u00a0<strong>: les Routoiriens et les Routoiriennes<\/strong> <\/em><\/p>\n<p>&nbsp;<\/p>\n<p>&nbsp;<\/p>\n<p>&nbsp;<\/p>\n<p><em><img loading=\"lazy\" decoding=\"async\" class=\"wp-image-4665 alignleft\" src=\"http:\/\/www.ville-putanges.fr\/wp-content\/uploads\/les-rotours.jpg\" alt=\"\" width=\"470\" height=\"313\" srcset=\"https:\/\/www.putanges-le-lac.fr\/wp-content\/uploads\/les-rotours.jpg 1658w, https:\/\/www.putanges-le-lac.fr\/wp-content\/uploads\/les-rotours-300x200.jpg 300w, https:\/\/www.putanges-le-lac.fr\/wp-content\/uploads\/les-rotours-768x512.jpg 768w, https:\/\/www.putanges-le-lac.fr\/wp-content\/uploads\/les-rotours-600x400.jpg 600w, https:\/\/www.putanges-le-lac.fr\/wp-content\/uploads\/les-rotours-750x500.jpg 750w\" sizes=\"(max-width: 470px) 100vw, 470px\" \/><\/em><\/p>\n<p>&nbsp;<\/p>\n<p>&nbsp;<\/p>\n<p>&nbsp;<\/p>\n<p>&nbsp;<\/p>\n<p>&nbsp;<\/p>\n<p>&nbsp;<\/p>\n<p>&nbsp;<\/p>\n<p>&nbsp;<\/p>\n<p>&nbsp;<\/p>\n<p style=\"text-align: center;\"><em>Maire d\u00e9l\u00e9gu\u00e9e\u00a0:<strong> Madame V\u00e9ronique DELAUNAY<br \/>\n<\/strong><\/em><\/p>\n<p style=\"text-align: center;\"><strong><em>Permanence de la Mairie<\/em><\/strong><em>\u00a0: Jeudi de 10h \u00e0 12h<\/em><\/p>\n<p style=\"text-align: center;\"><em><a href=\"mailto:12h-mairie.lesrotours@wanadoo.fr\"><strong>mairie.lesrotours@wanadoo.fr<\/strong><\/a><\/em><\/p>\n<p style=\"text-align: center;\"><strong><em>T\u00e9l\u00a0: 02 33 35 87 76<\/em><\/strong><\/p>\n<p style=\"text-align: center;\"><em>\u00a0<\/em><\/p>\n","protected":false},"excerpt":{"rendered":"<p>Les Rotours \u00e9tait un lieu ou l\u2019on rouissait les plantes, de l\u2019anglo-saxon rotan, rotian, du scandinave rotna et de l\u2019ancien haut allemand rozjan (pourrir). Le rouissage se pratiquait par mac\u00e9ration [&hellip;]<\/p>\n","protected":false},"author":2,"featured_media":0,"parent":4614,"menu_order":6,"comment_status":"closed","ping_status":"closed","template":"page_fullwidth.php","meta":{"footnotes":""},"class_list":["post-4622","page","type-page","status-publish","hentry"],"_links":{"self":[{"href":"https:\/\/www.putanges-le-lac.fr\/index.php?rest_route=\/wp\/v2\/pages\/4622","targetHints":{"allow":["GET"]}}],"collection":[{"href":"https:\/\/www.putanges-le-lac.fr\/index.php?rest_route=\/wp\/v2\/pages"}],"about":[{"href":"https:\/\/www.putanges-le-lac.fr\/index.php?rest_route=\/wp\/v2\/types\/page"}],"author":[{"embeddable":true,"href":"https:\/\/www.putanges-le-lac.fr\/index.php?rest_route=\/wp\/v2\/users\/2"}],"replies":[{"embeddable":true,"href":"https:\/\/www.putanges-le-lac.fr\/index.php?rest_route=%2Fwp%2Fv2%2Fcomments&post=4622"}],"version-history":[{"count":6,"href":"https:\/\/www.putanges-le-lac.fr\/index.php?rest_route=\/wp\/v2\/pages\/4622\/revisions"}],"predecessor-version":[{"id":5455,"href":"https:\/\/www.putanges-le-lac.fr\/index.php?rest_route=\/wp\/v2\/pages\/4622\/revisions\/5455"}],"up":[{"embeddable":true,"href":"https:\/\/www.putanges-le-lac.fr\/index.php?rest_route=\/wp\/v2\/pages\/4614"}],"wp:attachment":[{"href":"https:\/\/www.putanges-le-lac.fr\/index.php?rest_route=%2Fwp%2Fv2%2Fmedia&parent=4622"}],"curies":[{"name":"wp","href":"https:\/\/api.w.org\/{rel}","templated":true}]}}