{"id":4624,"date":"2017-12-04T13:39:24","date_gmt":"2017-12-04T13:39:24","guid":{"rendered":"http:\/\/www.ville-putanges.fr\/?page_id=4624"},"modified":"2021-03-11T17:09:25","modified_gmt":"2021-03-11T17:09:25","slug":"menil-jean","status":"publish","type":"page","link":"https:\/\/www.putanges-le-lac.fr\/?page_id=4624","title":{"rendered":"M\u00e9nil-Jean"},"content":{"rendered":"<p style=\"text-align: center;\"><em>Mesnil Ian 1131, puis Mesnillum Iani c, Mesniljam 1373, ensuite <strong>Mesnillum Iohanni s<\/strong> XV \u00e8me s, d\u2019o\u00f9 la forme moderne, Mesnil\u00a0 Jean d\u00e8s 1709 (Saugrain). Comme Fortsmann conna\u00eet le nom d\u2019homme germanique <strong>Jan<\/strong>, ou il est enclin \u00e0 voir une forme corrompue de latin <strong>Iohanne,<\/strong> nous devons \u00e0 titre provisoire penser que la forme germanique <strong>Jan <\/strong>a \u00e9t\u00e9 l\u00e9gitimement, refaite en <strong>Jean,<\/strong> la prononciation ne change pas. (R. Sindou\u00a0 Le Pays d\u2019Argentan juin 1964)<\/em><\/p>\n<p style=\"text-align: center;\"><em>\u00ab\u00a0<\/em><em>Mesnil\u00a0\u00bb, toponyme tr\u00e8s r\u00e9pandu en France, \u00e0 partir de\u00a0Mansionem, le\u00a0bas latin\u00a0a cr\u00e9\u00e9 un nouveau terme d\u00e9riv\u00e9 du mot latin\u00a0mansionile\u00a0<sup><a href=\"https:\/\/fr.wikipedia.org\/wiki\/M%C3%A9nil#cite_note-3\">2<\/a><\/sup>, diminutif de\u00a0mansio, demeure, habitation, maison. Devenu en\u00a0<a href=\"https:\/\/fr.wikipedia.org\/wiki\/Ancien_fran%C3%A7ais\">fran\u00e7ais m\u00e9di\u00e9val<\/a><\/em><em>\u00a0<\/em><em>maisnil<\/em><em>,\u00a0mesnil, \u00ab\u00a0<strong>maison avec terrain<\/strong>\u00a0\u00bb<\/em><\/p>\n<p>&nbsp;<\/p>\n<p>&nbsp;<\/p>\n<p><em>La superficie <strong>704 hectares<\/strong><\/em><\/p>\n<p><em>La population au 1<sup>er<\/sup> janvier 2013 \u00e9tait de<strong> 127 habitants<\/strong><\/em><\/p>\n<p><em>Noms des habitants <strong>les M\u00e9nil Jeannais et les M\u00e9nil Jeannaises<\/strong><\/em><\/p>\n<p>&nbsp;<\/p>\n<p><img loading=\"lazy\" decoding=\"async\" class=\"wp-image-4666 alignleft\" src=\"http:\/\/www.ville-putanges.fr\/wp-content\/uploads\/menil.jpg\" alt=\"\" width=\"470\" height=\"313\" srcset=\"https:\/\/www.putanges-le-lac.fr\/wp-content\/uploads\/menil.jpg 1686w, https:\/\/www.putanges-le-lac.fr\/wp-content\/uploads\/menil-300x200.jpg 300w, https:\/\/www.putanges-le-lac.fr\/wp-content\/uploads\/menil-768x512.jpg 768w, https:\/\/www.putanges-le-lac.fr\/wp-content\/uploads\/menil-600x400.jpg 600w, https:\/\/www.putanges-le-lac.fr\/wp-content\/uploads\/menil-750x500.jpg 750w\" sizes=\"(max-width: 470px) 100vw, 470px\" \/><\/p>\n<p>&nbsp;<\/p>\n<p>&nbsp;<\/p>\n<p>&nbsp;<\/p>\n<p>&nbsp;<\/p>\n<p>&nbsp;<\/p>\n<p>&nbsp;<\/p>\n<p>&nbsp;<\/p>\n<p>&nbsp;<\/p>\n<p>&nbsp;<\/p>\n<p style=\"text-align: center;\"><em>Maire d\u00e9l\u00e9gu\u00e9<strong> : Madame Sophie PICHONNIER<\/strong>.<\/em><\/p>\n<p style=\"text-align: center;\"><strong><em>Permanence de la Mairie<\/em><\/strong>\u00a0: Vendredi de 15h \u00e0 17h<\/p>\n<p style=\"text-align: center;\"><strong><a href=\"mailto:mairie.meniljean@wanadoo.fr\">mairie.meniljean@wanadoo.fr<\/a> <\/strong><\/p>\n<p style=\"text-align: center;\"><strong><em>T\u00e9l\u00a0: 02 33 35 03 25<\/em><\/strong><\/p>\n","protected":false},"excerpt":{"rendered":"<p>Mesnil Ian 1131, puis Mesnillum Iani c, Mesniljam 1373, ensuite Mesnillum Iohanni s XV \u00e8me s, d\u2019o\u00f9 la forme moderne, Mesnil\u00a0 Jean d\u00e8s 1709 (Saugrain). Comme Fortsmann conna\u00eet le nom [&hellip;]<\/p>\n","protected":false},"author":2,"featured_media":0,"parent":4614,"menu_order":7,"comment_status":"closed","ping_status":"closed","template":"page_fullwidth.php","meta":{"footnotes":""},"class_list":["post-4624","page","type-page","status-publish","hentry"],"_links":{"self":[{"href":"https:\/\/www.putanges-le-lac.fr\/index.php?rest_route=\/wp\/v2\/pages\/4624","targetHints":{"allow":["GET"]}}],"collection":[{"href":"https:\/\/www.putanges-le-lac.fr\/index.php?rest_route=\/wp\/v2\/pages"}],"about":[{"href":"https:\/\/www.putanges-le-lac.fr\/index.php?rest_route=\/wp\/v2\/types\/page"}],"author":[{"embeddable":true,"href":"https:\/\/www.putanges-le-lac.fr\/index.php?rest_route=\/wp\/v2\/users\/2"}],"replies":[{"embeddable":true,"href":"https:\/\/www.putanges-le-lac.fr\/index.php?rest_route=%2Fwp%2Fv2%2Fcomments&post=4624"}],"version-history":[{"count":7,"href":"https:\/\/www.putanges-le-lac.fr\/index.php?rest_route=\/wp\/v2\/pages\/4624\/revisions"}],"predecessor-version":[{"id":5457,"href":"https:\/\/www.putanges-le-lac.fr\/index.php?rest_route=\/wp\/v2\/pages\/4624\/revisions\/5457"}],"up":[{"embeddable":true,"href":"https:\/\/www.putanges-le-lac.fr\/index.php?rest_route=\/wp\/v2\/pages\/4614"}],"wp:attachment":[{"href":"https:\/\/www.putanges-le-lac.fr\/index.php?rest_route=%2Fwp%2Fv2%2Fmedia&parent=4624"}],"curies":[{"name":"wp","href":"https:\/\/api.w.org\/{rel}","templated":true}]}}