{"id":4626,"date":"2017-12-04T13:39:59","date_gmt":"2017-12-04T13:39:59","guid":{"rendered":"http:\/\/www.ville-putanges.fr\/?page_id=4626"},"modified":"2023-03-08T15:40:05","modified_gmt":"2023-03-08T15:40:05","slug":"putanges-pont-ecrepins","status":"publish","type":"page","link":"https:\/\/www.putanges-le-lac.fr\/?page_id=4626","title":{"rendered":"Putanges-Pont-\u00c9crepin"},"content":{"rendered":"<p style=\"text-align: center;\"><strong>Putanges<\/strong>\u00a0<em>est mentionn\u00e9 sous la forme\u00a0<strong>Put angle<\/strong>\u00a0vers 1051 \/ 1066, , (de)\u00a0<strong>Puto angulo<\/strong>\u00a0en 1200<strong>,\u00a0Pute angle<\/strong>\u00a0en 1335 et 1373 suffixe de parent\u00e9 et de propri\u00e9t\u00e9 fr\u00e9quemment attest\u00e9 dans la toponymie du nord-est de la France, g\u00e9n\u00e9ralement romanis\u00e9 en\u00a0&#8211;<strong>ingos<\/strong><strong>\u00a0<\/strong><strong>&gt;\u00a0-ans, -ens\u00a0ou en\u00a0-ingas\u00a0&gt;\u00a0-ange(s)<\/strong>. Cette hypoth\u00e8se serait confort\u00e9e par le <\/em><a href=\"https:\/\/fr.wikipedia.org\/wiki\/Hardanges\"><em>Hardanges<\/em><\/a><em>\u00a0<\/em><em>(Mayenne,\u00a0Hardengia\u00a01255) \u00e0\u00a058\u00a0km\u00a0au sud pour lequel cette explication est plausible. Cependant, ce suffixe est rare \u00e0 l&rsquo;ouest. En outre, les formes anciennes indiquent clairement un \u00e9l\u00e9ment\u00a0angle, latinis\u00e9 <strong>enangulus<\/strong>. Il s&rsquo;agit vraisemblablement du fran\u00e7ais\u00a0<strong>angle<\/strong>, dont\u00a0<strong>angulo<\/strong>\u00a0repr\u00e9sente l&rsquo;\u00e9tymon gallo-roman\u00a0<strong>ANGULU L<\/strong>e premier \u00e9l\u00e9ment\u00a0<strong>Put\u00a0<\/strong>est peut-\u00eatre l&rsquo;adjectif roman\u00a0<strong>put\u00a0\u00ab\u00a0sale\u00a0\u00bb<\/strong>.<\/em> Cependant, il faut prendre\u00a0<strong><em>put<\/em>\u00a0<\/strong>au sens non pas de <strong>\u00ab\u00a0sale\u00a0\u00bb, <\/strong>mais plut\u00f4t de <strong>\u00ab\u00a0mauvais\u00a0\u00bb<\/strong><\/p>\n<p style=\"text-align: center;\"><strong><em>\u00a0\u00a0\u00a0\u00a0\u00a0\u00a0\u00a0\u00a0\u00a0\u00a0\u00a0 Pont-\u00c9crepin<\/em><\/strong><em>\u00a0<\/em><em>est attest\u00e9 sous les formes\u00a0<strong>Pons Eschrepin<\/strong>\u00a0en 1131,\u00a0<strong>Ponte Escrepin\u00a0<\/strong>en 1219.<\/em><\/p>\n<p style=\"text-align: center;\"><em>L&rsquo;\u00e9l\u00e9ment\u00a0<strong>Pont<\/strong>&#8211;\u00a0d\u00e9signe un ancien pont sur l&rsquo;<\/em><a href=\"https:\/\/fr.wikipedia.org\/wiki\/Orne_(fleuve)\"><em>Orne<\/em><\/a><em>.<\/em><\/p>\n<p style=\"text-align: center;\"><em>En fran\u00e7ais, le mot\u00a0<strong>cr\u00e9pins\u00a0<\/strong>se r\u00e9f\u00e8re aux outils et fournitures (\u00e0 l&rsquo;exception du cuir) du cordonnier, et par extension au cordonnier lui-m\u00eame, d&rsquo;apr\u00e8s le saint patron\u00a0<\/em><a href=\"https:\/\/fr.wikipedia.org\/wiki\/%C3%89ponyme\"><em>\u00e9ponyme<\/em><\/a><em>. Cependant, l&rsquo;\u00e9tymologie <strong>Pont-es-cr\u00e9pins<\/strong>\u00a0\u00ab\u00a0pont des cr\u00e9pins\u00a0\u00bb est forg\u00e9e sur le\u00a0<\/em><a href=\"https:\/\/fr.wikipedia.org\/wiki\/%C3%89tymologie_populaire\"><em>mode populaire<\/em><\/a><em>, puisque le substantif\u00a0<strong>crespin\u00a0<\/strong>au sens actuel n&rsquo;est pas attest\u00e9 avant le\u00a0xvii<sup>e<\/sup>\u00a0si\u00e8cle. La forme de 1131, bien ant\u00e9rieure, de type\u00a0<strong>Eschrepin<\/strong>, explique r\u00e9guli\u00e8rement la forme moderne\u00a0<strong>\u00c9crepin<\/strong>\u00a0et infirme cette analyse.<\/em><\/p>\n<p style=\"text-align: center;\"><strong><em>En 1965,<\/em><\/strong><em> ces deux communes ont fusionn\u00e9 et ont pris le nom de PUTANGES-PONT ECREPIN.<\/em><\/p>\n<p style=\"text-align: center;\"><em>\u00a0<\/em><\/p>\n<p><em>\u00a0<\/em><\/p>\n<p><em>La superficie\u00a0: <\/em><strong><em>1012\u00a0Hectares<\/em><\/strong><\/p>\n<p><em>La population au 1<sup>er<\/sup> janvier 2016 \u00e9tait de <strong>1061 habitants<\/strong><\/em><\/p>\n<p><em>Noms des habitants\u00a0: \u00a0<strong>les<\/strong> <strong>Putangeois et les Putangeoises.<\/strong><\/em><\/p>\n<p><em>F\u00eate communale\u00a0: <strong>14 juillet<\/strong><\/em><\/p>\n<p>&nbsp;<\/p>\n<p>&nbsp;<\/p>\n<p><em><img loading=\"lazy\" decoding=\"async\" class=\"wp-image-4667 aligncenter\" src=\"http:\/\/www.ville-putanges.fr\/wp-content\/uploads\/putnges.jpg\" alt=\"\" width=\"471\" height=\"353\" srcset=\"https:\/\/www.putanges-le-lac.fr\/wp-content\/uploads\/putnges.jpg 2048w, https:\/\/www.putanges-le-lac.fr\/wp-content\/uploads\/putnges-300x225.jpg 300w, https:\/\/www.putanges-le-lac.fr\/wp-content\/uploads\/putnges-768x576.jpg 768w, https:\/\/www.putanges-le-lac.fr\/wp-content\/uploads\/putnges-600x450.jpg 600w, https:\/\/www.putanges-le-lac.fr\/wp-content\/uploads\/putnges-750x563.jpg 750w\" sizes=\"(max-width: 471px) 100vw, 471px\" \/><\/em><\/p>\n<p style=\"text-align: center;\"><em>Mai<\/em><em>re d\u00e9l\u00e9gu\u00e9\u00a0: <strong>S\u00e9bastien LEROUX<\/strong><\/em><\/p>\n<p style=\"text-align: center;\"><strong><em>\u00a0\u00a0\u00a0\u00a0\u00a0\u00a0\u00a0\u00a0\u00a0\u00a0\u00a0\u00a0\u00a0 Permanence de la mairie<\/em><\/strong> :<\/p>\n<p style=\"text-align: center;\">Lundi : 9h-12h \/ 14h-17h<br \/>\nMardi : 9h-12h<br \/>\nMercredi : 9h-12h \/ 14h-17h<br \/>\nJeudi : 9h-12h \/ 14h-17h<br \/>\nVendredi : 9h-12h \/ 14h-17h<br \/>\nSamedi : 9h-12h<\/p>\n<p style=\"text-align: center;\"><b>accueil@putangeslelac.fr<\/b><\/p>\n<p style=\"text-align: center;\"><strong><em>T\u00e9l\u00a0: 02-33-35-00-25<\/em><\/strong><\/p>\n<p>&nbsp;<\/p>\n<p>&nbsp;<\/p>\n","protected":false},"excerpt":{"rendered":"<p>Putanges\u00a0est mentionn\u00e9 sous la forme\u00a0Put angle\u00a0vers 1051 \/ 1066, , (de)\u00a0Puto angulo\u00a0en 1200,\u00a0Pute angle\u00a0en 1335 et 1373 suffixe de parent\u00e9 et de propri\u00e9t\u00e9 fr\u00e9quemment attest\u00e9 dans la toponymie du nord-est [&hellip;]<\/p>\n","protected":false},"author":2,"featured_media":0,"parent":4614,"menu_order":8,"comment_status":"closed","ping_status":"closed","template":"page_fullwidth.php","meta":{"footnotes":""},"class_list":["post-4626","page","type-page","status-publish","hentry"],"_links":{"self":[{"href":"https:\/\/www.putanges-le-lac.fr\/index.php?rest_route=\/wp\/v2\/pages\/4626","targetHints":{"allow":["GET"]}}],"collection":[{"href":"https:\/\/www.putanges-le-lac.fr\/index.php?rest_route=\/wp\/v2\/pages"}],"about":[{"href":"https:\/\/www.putanges-le-lac.fr\/index.php?rest_route=\/wp\/v2\/types\/page"}],"author":[{"embeddable":true,"href":"https:\/\/www.putanges-le-lac.fr\/index.php?rest_route=\/wp\/v2\/users\/2"}],"replies":[{"embeddable":true,"href":"https:\/\/www.putanges-le-lac.fr\/index.php?rest_route=%2Fwp%2Fv2%2Fcomments&post=4626"}],"version-history":[{"count":10,"href":"https:\/\/www.putanges-le-lac.fr\/index.php?rest_route=\/wp\/v2\/pages\/4626\/revisions"}],"predecessor-version":[{"id":5815,"href":"https:\/\/www.putanges-le-lac.fr\/index.php?rest_route=\/wp\/v2\/pages\/4626\/revisions\/5815"}],"up":[{"embeddable":true,"href":"https:\/\/www.putanges-le-lac.fr\/index.php?rest_route=\/wp\/v2\/pages\/4614"}],"wp:attachment":[{"href":"https:\/\/www.putanges-le-lac.fr\/index.php?rest_route=%2Fwp%2Fv2%2Fmedia&parent=4626"}],"curies":[{"name":"wp","href":"https:\/\/api.w.org\/{rel}","templated":true}]}}