{"id":4628,"date":"2017-12-04T13:40:24","date_gmt":"2017-12-04T13:40:24","guid":{"rendered":"http:\/\/www.ville-putanges.fr\/?page_id=4628"},"modified":"2021-03-11T17:09:44","modified_gmt":"2021-03-11T17:09:44","slug":"rabodanges","status":"publish","type":"page","link":"https:\/\/www.putanges-le-lac.fr\/?page_id=4628","title":{"rendered":"Rabodanges"},"content":{"rendered":"<p style=\"text-align: center;\"><em>La paroisse se nommait jusqu\u2019en <strong>1650 Culley-sur-Orne<\/strong>(Colline-Hauteur). \u00a0<\/em><\/p>\n<p style=\"text-align: center;\"><em>Le nom actuel de <strong>RABODANGES<\/strong> r\u00e9sulte du transfert du titre des marquis de Rabodanges, dont la famille seigneuriale poss\u00e9dait la terre de Culley sur Orne en plus de son fief de Rabodinghes situ\u00e9 en Artois pr\u00e8s de Saint-Omer.<\/em><\/p>\n<p style=\"text-align: center;\"><em>Le titre de noblesse fut \u00e9lev\u00e9 en \u00ab\u00a0marquis de Rabodanges\u00a0\u00bb par Louis XIV. Rabodanges repr\u00e9sente une forme francis\u00e9e de Rabodinghes, toponyme d\u2019origine Flamande. <\/em><\/p>\n<p style=\"text-align: center;\"><em>Le dernier repr\u00e9sentant de cette famille, \u00e9tablie en Normandie, depuis le XVI \u00e8me si\u00e8cle, est d\u00e9c\u00e9d\u00e9 sans prosp\u00e9rit\u00e9 en 1792.<\/em><\/p>\n<p>&nbsp;<\/p>\n<p><em>La superficie est de <strong>932 hectares<\/strong><\/em><\/p>\n<p><em>La population au1<sup>er<\/sup> janvier 2016 \u00e9tait de <strong>144 habitants<\/strong><\/em><\/p>\n<p><em>Noms des habitants\u00a0: l<strong>es Rabodangeois<\/strong> et l<strong>es Rabodangeoises<\/strong><\/em><\/p>\n<p>&nbsp;<\/p>\n<p><img loading=\"lazy\" decoding=\"async\" class=\"wp-image-4660 alignleft\" src=\"http:\/\/www.ville-putanges.fr\/wp-content\/uploads\/rabo.jpg\" alt=\"\" width=\"471\" height=\"314\" srcset=\"https:\/\/www.putanges-le-lac.fr\/wp-content\/uploads\/rabo.jpg 1024w, https:\/\/www.putanges-le-lac.fr\/wp-content\/uploads\/rabo-300x200.jpg 300w, https:\/\/www.putanges-le-lac.fr\/wp-content\/uploads\/rabo-768x512.jpg 768w, https:\/\/www.putanges-le-lac.fr\/wp-content\/uploads\/rabo-600x400.jpg 600w, https:\/\/www.putanges-le-lac.fr\/wp-content\/uploads\/rabo-750x500.jpg 750w\" sizes=\"(max-width: 471px) 100vw, 471px\" \/><\/p>\n<p>&nbsp;<\/p>\n<p>&nbsp;<\/p>\n<p>&nbsp;<\/p>\n<p>&nbsp;<\/p>\n<p>&nbsp;<\/p>\n<p>&nbsp;<\/p>\n<p>&nbsp;<\/p>\n<p>&nbsp;<\/p>\n<p>&nbsp;<\/p>\n<p style=\"text-align: center;\"><em>Maire d\u00e9l\u00e9gu\u00e9e<strong>\u00a0: Madame Yvette Ruban<\/strong><\/em><\/p>\n<p style=\"text-align: center;\"><strong><em>Permanence de la Mairie<\/em><\/strong><em>\u00a0: Mardi de 14h \u00e0 16h<\/em><\/p>\n<p style=\"text-align: center;\"><strong><a href=\"mailto:lamairie.rabodanges@orange.fr\">lamairie.rabodanges@orange.fr<\/a> <\/strong><strong><em>T\u00e9l\u00a0: 02 33 39 33 23 <\/em><\/strong><\/p>\n<p style=\"text-align: center;\">\n","protected":false},"excerpt":{"rendered":"<p>La paroisse se nommait jusqu\u2019en 1650 Culley-sur-Orne(Colline-Hauteur). \u00a0 Le nom actuel de RABODANGES r\u00e9sulte du transfert du titre des marquis de Rabodanges, dont la famille seigneuriale poss\u00e9dait la terre de [&hellip;]<\/p>\n","protected":false},"author":2,"featured_media":0,"parent":4614,"menu_order":9,"comment_status":"closed","ping_status":"closed","template":"page_fullwidth.php","meta":{"footnotes":""},"class_list":["post-4628","page","type-page","status-publish","hentry"],"_links":{"self":[{"href":"https:\/\/www.putanges-le-lac.fr\/index.php?rest_route=\/wp\/v2\/pages\/4628","targetHints":{"allow":["GET"]}}],"collection":[{"href":"https:\/\/www.putanges-le-lac.fr\/index.php?rest_route=\/wp\/v2\/pages"}],"about":[{"href":"https:\/\/www.putanges-le-lac.fr\/index.php?rest_route=\/wp\/v2\/types\/page"}],"author":[{"embeddable":true,"href":"https:\/\/www.putanges-le-lac.fr\/index.php?rest_route=\/wp\/v2\/users\/2"}],"replies":[{"embeddable":true,"href":"https:\/\/www.putanges-le-lac.fr\/index.php?rest_route=%2Fwp%2Fv2%2Fcomments&post=4628"}],"version-history":[{"count":6,"href":"https:\/\/www.putanges-le-lac.fr\/index.php?rest_route=\/wp\/v2\/pages\/4628\/revisions"}],"predecessor-version":[{"id":5449,"href":"https:\/\/www.putanges-le-lac.fr\/index.php?rest_route=\/wp\/v2\/pages\/4628\/revisions\/5449"}],"up":[{"embeddable":true,"href":"https:\/\/www.putanges-le-lac.fr\/index.php?rest_route=\/wp\/v2\/pages\/4614"}],"wp:attachment":[{"href":"https:\/\/www.putanges-le-lac.fr\/index.php?rest_route=%2Fwp%2Fv2%2Fmedia&parent=4628"}],"curies":[{"name":"wp","href":"https:\/\/api.w.org\/{rel}","templated":true}]}}