{"id":4630,"date":"2017-12-04T13:40:51","date_gmt":"2017-12-04T13:40:51","guid":{"rendered":"http:\/\/www.ville-putanges.fr\/?page_id=4630"},"modified":"2021-03-11T17:09:56","modified_gmt":"2021-03-11T17:09:56","slug":"saint-aubert-sur-orne","status":"publish","type":"page","link":"https:\/\/www.putanges-le-lac.fr\/?page_id=4630","title":{"rendered":"Saint-Aubert-Sur-Orne"},"content":{"rendered":"<p style=\"text-align: center;\"><strong><em>Aubert<\/em><\/strong><em> est un nom de famille tr\u00e8s r\u00e9pandu dans le massif central qui est la forme <strong>d&rsquo;albert<\/strong>, nom d\u00e9riv\u00e9 d&rsquo;un ancien nom de bapt\u00eame d&rsquo;origine germanique <\/em><\/p>\n<p style=\"text-align: center;\"><strong><em>\u00ab\u00a0adalberht\u00a0\u00bb<\/em><\/strong><em>, issu de la racine \u00ab\u00a0<strong>adal\u00a0\u00bb <\/strong>qui signifie <strong>noble<\/strong> et \u00ab\u00a0<strong>berht\u00a0\u00bb <\/strong>\u00a0qui signifie illustre, c\u00e9l\u00e8bre il s&rsquo;agit a l&rsquo;origine d&rsquo;un surnom de chef de guerre des goths.<\/em><\/p>\n<p>&nbsp;<\/p>\n<p><em>La superficie est de\u00a0: <strong>969 Hectares<\/strong><\/em><\/p>\n<p><em>La population au 1<sup>er<\/sup> janvier 2013 \u00e9tait de <strong>108 habitants<\/strong><\/em><\/p>\n<p><em>Noms des habitants\u00a0: <strong>Les <\/strong><\/em><strong><em>Saint Albertins et les Saint Albertines<\/em><\/strong><\/p>\n<p>&nbsp;<\/p>\n<p><em><img loading=\"lazy\" decoding=\"async\" class=\"wp-image-4661 alignleft\" src=\"http:\/\/www.ville-putanges.fr\/wp-content\/uploads\/st-au.jpg\" alt=\"\" width=\"470\" height=\"313\" srcset=\"https:\/\/www.putanges-le-lac.fr\/wp-content\/uploads\/st-au.jpg 1682w, https:\/\/www.putanges-le-lac.fr\/wp-content\/uploads\/st-au-300x200.jpg 300w, https:\/\/www.putanges-le-lac.fr\/wp-content\/uploads\/st-au-768x512.jpg 768w, https:\/\/www.putanges-le-lac.fr\/wp-content\/uploads\/st-au-600x400.jpg 600w, https:\/\/www.putanges-le-lac.fr\/wp-content\/uploads\/st-au-750x500.jpg 750w\" sizes=\"(max-width: 470px) 100vw, 470px\" \/><\/em><\/p>\n<p>&nbsp;<\/p>\n<p style=\"text-align: center;\"><em>Maire d\u00e9l\u00e9gu\u00e9e<strong>\u00a0: Madame Annick MACE<\/strong><\/em><\/p>\n<p style=\"text-align: center;\"><strong><em>Permanence de la Mairie<\/em><\/strong><em>\u00a0: Mercredi de 17h \u00e0 19h<\/em><\/p>\n<p style=\"text-align: center;\"><strong><a href=\"mailto:comstaubertorne6@gmail.com\">comstaubertorne6@gmail.com<\/a> <\/strong><\/p>\n<p style=\"text-align: center;\"><strong><em>T\u00e9l\u00a0:02 33 35 96 73<\/em><\/strong><\/p>\n<p style=\"text-align: center;\"><em>\u00a0<\/em><\/p>\n","protected":false},"excerpt":{"rendered":"<p>Aubert est un nom de famille tr\u00e8s r\u00e9pandu dans le massif central qui est la forme d&rsquo;albert, nom d\u00e9riv\u00e9 d&rsquo;un ancien nom de bapt\u00eame d&rsquo;origine germanique \u00ab\u00a0adalberht\u00a0\u00bb, issu de la [&hellip;]<\/p>\n","protected":false},"author":2,"featured_media":0,"parent":4614,"menu_order":10,"comment_status":"closed","ping_status":"closed","template":"page_fullwidth.php","meta":{"footnotes":""},"class_list":["post-4630","page","type-page","status-publish","hentry"],"_links":{"self":[{"href":"https:\/\/www.putanges-le-lac.fr\/index.php?rest_route=\/wp\/v2\/pages\/4630","targetHints":{"allow":["GET"]}}],"collection":[{"href":"https:\/\/www.putanges-le-lac.fr\/index.php?rest_route=\/wp\/v2\/pages"}],"about":[{"href":"https:\/\/www.putanges-le-lac.fr\/index.php?rest_route=\/wp\/v2\/types\/page"}],"author":[{"embeddable":true,"href":"https:\/\/www.putanges-le-lac.fr\/index.php?rest_route=\/wp\/v2\/users\/2"}],"replies":[{"embeddable":true,"href":"https:\/\/www.putanges-le-lac.fr\/index.php?rest_route=%2Fwp%2Fv2%2Fcomments&post=4630"}],"version-history":[{"count":6,"href":"https:\/\/www.putanges-le-lac.fr\/index.php?rest_route=\/wp\/v2\/pages\/4630\/revisions"}],"predecessor-version":[{"id":4861,"href":"https:\/\/www.putanges-le-lac.fr\/index.php?rest_route=\/wp\/v2\/pages\/4630\/revisions\/4861"}],"up":[{"embeddable":true,"href":"https:\/\/www.putanges-le-lac.fr\/index.php?rest_route=\/wp\/v2\/pages\/4614"}],"wp:attachment":[{"href":"https:\/\/www.putanges-le-lac.fr\/index.php?rest_route=%2Fwp%2Fv2%2Fmedia&parent=4630"}],"curies":[{"name":"wp","href":"https:\/\/api.w.org\/{rel}","templated":true}]}}