{"id":5135,"date":"2018-07-24T11:55:41","date_gmt":"2018-07-24T11:55:41","guid":{"rendered":"http:\/\/www.ville-putanges.fr\/?page_id=5135"},"modified":"2025-12-10T08:25:24","modified_gmt":"2025-12-10T08:25:24","slug":"enquete-publique","status":"publish","type":"page","link":"https:\/\/www.putanges-le-lac.fr\/?page_id=5135","title":{"rendered":"ENQU\u00caTE PUBLIQUE"},"content":{"rendered":"<p>&nbsp;<\/p>\n<p><strong>ENQU\u00caTE PUBLIQUE RELATIVE A LA MODIFICATION DU PLAN DE ZONAGE ASSAINISSEMENT DES\u00a0 COMMUNES D\u00c9L\u00c9GU\u00c9ES DE PUTANGES PONT ECREPIN RABODANGES LES ROTOURS LA FORET AUVRAY<\/strong><\/p>\n<p>&nbsp;<\/p>\n<p><a href=\"http:\/\/www.ville-putanges.fr\/wp-content\/uploads\/ENQUETEZONAGEASSAINISSEMENT1.pdf\">ENQUETE PUBLIQUE RELATIVE A L A MODIFICATION DU PLAN DE ZONAGE ASSAINISSEMENT PARTIE 1<\/a><\/p>\n<p><a href=\"http:\/\/www.ville-putanges.fr\/wp-content\/uploads\/ENQUETEZONAGEASSAISSEMENT2.pdf\">ENQUETE PUBLIQUE RELATIVE A L A MODIFICATION DU PLAN DE ZONAGE ASSAINISSEMENT PARTIE2<\/a><\/p>\n<p><a href=\"http:\/\/www.ville-putanges.fr\/wp-content\/uploads\/SKM_C30820060909550.pdf\">ENQUETE PUBLIQUE RELATIVE A LA MODIFICATION DU PLAN DE ZONAGE ASSAINISSEMENT PARTIE 3<\/a><\/p>\n<p>&nbsp;<\/p>\n<p>&nbsp;<\/p>\n<p><a href=\"http:\/\/www.ville-putanges.fr\/wp-content\/uploads\/PUTANGES-CONCLUSION-AVIS.docx\">PUTANGES CONCLUSION &amp; AVIS ENQUETE PUBLIQUE<\/a><\/p>\n<p><a href=\"http:\/\/www.ville-putanges.fr\/wp-content\/uploads\/SKM_C30820090218250.pdf\">Rapport Commissaire enqu\u00eateur partie 1<\/a><\/p>\n<p><a href=\"http:\/\/www.ville-putanges.fr\/wp-content\/uploads\/SKM_C30820090218280.pdf\">Rapport\u00a0 Commissaire enqu\u00eateur partie 2<\/a><\/p>\n<p><a href=\"http:\/\/www.ville-putanges.fr\/wp-content\/uploads\/SKM_C30820090218310.pdf\">Rapport Commissaire enqu\u00eateur partie 3<\/a><\/p>\n<p><a href=\"http:\/\/www.ville-putanges.fr\/wp-content\/uploads\/SKM_C30820090414180.pdf\">Annexes<\/a><\/p>\n<p><a href=\"http:\/\/www.ville-putanges.fr\/wp-content\/uploads\/SKM_C30820090414270.pdf\">Annexe plan de zonage 1<\/a><\/p>\n<p><a href=\"http:\/\/www.ville-putanges.fr\/wp-content\/uploads\/SKM_C30820090414380.pdf\">Annexe plan de zonage 2<\/a><\/p>\n<p><a href=\"http:\/\/www.ville-putanges.fr\/wp-content\/uploads\/SKM_C30820090414530.pdf\">Annexe plan de zonage 3<\/a><\/p>\n<p><a href=\"http:\/\/www.ville-putanges.fr\/wp-content\/uploads\/SKM_C30820090415060.pdf\">Annexe plan de zonage 4<\/a><\/p>\n","protected":false},"excerpt":{"rendered":"<p>&nbsp; ENQU\u00caTE PUBLIQUE RELATIVE A LA MODIFICATION DU PLAN DE ZONAGE ASSAINISSEMENT DES\u00a0 COMMUNES D\u00c9L\u00c9GU\u00c9ES DE PUTANGES PONT ECREPIN RABODANGES LES ROTOURS LA FORET AUVRAY &nbsp; ENQUETE PUBLIQUE RELATIVE A [&hellip;]<\/p>\n","protected":false},"author":7,"featured_media":0,"parent":0,"menu_order":11,"comment_status":"closed","ping_status":"closed","template":"","meta":{"footnotes":""},"class_list":["post-5135","page","type-page","status-publish","hentry"],"_links":{"self":[{"href":"https:\/\/www.putanges-le-lac.fr\/index.php?rest_route=\/wp\/v2\/pages\/5135","targetHints":{"allow":["GET"]}}],"collection":[{"href":"https:\/\/www.putanges-le-lac.fr\/index.php?rest_route=\/wp\/v2\/pages"}],"about":[{"href":"https:\/\/www.putanges-le-lac.fr\/index.php?rest_route=\/wp\/v2\/types\/page"}],"author":[{"embeddable":true,"href":"https:\/\/www.putanges-le-lac.fr\/index.php?rest_route=\/wp\/v2\/users\/7"}],"replies":[{"embeddable":true,"href":"https:\/\/www.putanges-le-lac.fr\/index.php?rest_route=%2Fwp%2Fv2%2Fcomments&post=5135"}],"version-history":[{"count":8,"href":"https:\/\/www.putanges-le-lac.fr\/index.php?rest_route=\/wp\/v2\/pages\/5135\/revisions"}],"predecessor-version":[{"id":5330,"href":"https:\/\/www.putanges-le-lac.fr\/index.php?rest_route=\/wp\/v2\/pages\/5135\/revisions\/5330"}],"wp:attachment":[{"href":"https:\/\/www.putanges-le-lac.fr\/index.php?rest_route=%2Fwp%2Fv2%2Fmedia&parent=5135"}],"curies":[{"name":"wp","href":"https:\/\/api.w.org\/{rel}","templated":true}]}}