{"id":53,"date":"2017-05-18T10:48:41","date_gmt":"2017-05-18T10:48:41","guid":{"rendered":"http:\/\/www.mairie-facilement.com\/61ville-putanges\/?page_id=53"},"modified":"2025-12-10T08:40:07","modified_gmt":"2025-12-10T08:40:07","slug":"adresses-utiles","status":"publish","type":"page","link":"https:\/\/www.putanges-le-lac.fr\/?page_id=53","title":{"rendered":"Num\u00e9ros utiles"},"content":{"rendered":"<table style=\"height: 1960px; padding-left: 60px;\" border=\"1\" width=\"1201\" cellspacing=\"0\" cellpadding=\"0\">\n<tbody>\n<tr>\n<td valign=\"top\" width=\"615\"><img loading=\"lazy\" decoding=\"async\" class=\"aligncenter wp-image-3677\" src=\"http:\/\/www.ville-putanges.fr\/wp-content\/uploads\/ur753m2glfsxkqc.jpg\" alt=\"\" width=\"782\" height=\"490\" srcset=\"https:\/\/www.putanges-le-lac.fr\/wp-content\/uploads\/ur753m2glfsxkqc.jpg 582w, https:\/\/www.putanges-le-lac.fr\/wp-content\/uploads\/ur753m2glfsxkqc-300x188.jpg 300w, https:\/\/www.putanges-le-lac.fr\/wp-content\/uploads\/ur753m2glfsxkqc-350x220.jpg 350w\" sizes=\"(max-width: 782px) 100vw, 782px\" \/><\/p>\n<p>&nbsp;<\/p>\n<p>&nbsp;<\/p>\n<p>&nbsp;<\/p>\n<p><span style=\"color: #ff6600;\"><strong>M\u00e9decins<\/strong><\/span><\/p>\n<p><span style=\"color: #000000;\"><strong>Docteur Catherine CASTEL<\/strong><\/span><br \/>\n<span style=\"color: #000000;\"> T\u00e9l\u00e9phone : 02.33.35.26.88<\/span><span style=\"color: #000000;\"><br \/>\n<strong>Docteur Catherine DELANO\u00cb-DAREAU<br \/>\n<\/strong>T\u00e9l\u00e9phone : 02.33.35.04.47<br \/>\n<\/span><span style=\"color: #000000;\"> <strong>Docteur \u00c9lodie MORICE<br \/>\n<\/strong>T\u00e9l\u00e9phone : 02.33.35.08.68<\/span><\/p>\n<p>&nbsp;<\/p>\n<p><span style=\"color: #ff6600;\"><strong>Infirmiers<\/strong><\/span><\/p>\n<p><span style=\"color: #000000;\"><strong>Cabinet d&rsquo;infirmiers<br \/>\n<\/strong>T\u00e9l\u00e9phone : 02.33.35.86.57<br \/>\n<\/span><span style=\"color: #000000;\"><strong>Centre de Soins<br \/>\n<\/strong>T\u00e9l\u00e9phone : 02.33.35.01.41<\/span><\/p>\n<p>&nbsp;<\/p>\n<p><strong><span style=\"color: #ff6600;\">Kin\u00e9sith\u00e9rapeute \u00a0 \u00a0 \u00a0 \u00a0 \u00a0 \u00a0 \u00a0 \u00a0 \u00a0 \u00a0 \u00a0 \u00a0 \u00a0 \u00a0 \u00a0 \u00a0 \u00a0 \u00a0 \u00a0 \u00a0 \u00a0 \u00a0 \u00a0 \u00a0 \u00a0 \u00a0 \u00a0 \u00a0 \u00a0 \u00a0 \u00a0 \u00a0<\/span><\/strong><\/p>\n<p><span style=\"color: #000000;\"><strong>Bertrand TILLY et Carole LE GOFF<\/strong><em><br \/>\n<\/em><\/span><span style=\"color: #0000ff;\"><span style=\"color: #000000;\">T\u00e9l\u00e9phone : 02.33.35.72.74<\/span><\/span><\/p>\n<p>&nbsp;<\/p>\n<p><strong><span style=\"color: #ff6600;\">V\u00e9t\u00e9rinaire<\/span><\/strong><\/p>\n<p><span style=\"color: #000000;\"><strong>V\u00e9t\u00e9rinaire du Lac<\/strong><br \/>\nT\u00e9l\u00e9phone : 02.33.39.89.89<\/span><\/p>\n<p>&nbsp;<\/p>\n<p><strong><span style=\"color: #ff6600;\">Pharmacie \u00a0 \u00a0 \u00a0 \u00a0 \u00a0 \u00a0 \u00a0 \u00a0 \u00a0 \u00a0 \u00a0 \u00a0 \u00a0 \u00a0 \u00a0 \u00a0 \u00a0 \u00a0 \u00a0 \u00a0 \u00a0 \u00a0 \u00a0 \u00a0 \u00a0 \u00a0 \u00a0 \u00a0 \u00a0 \u00a0 \u00a0 \u00a0 \u00a0 \u00a0 \u00a0 \u00a0 \u00a0<\/span><\/strong><\/p>\n<p><span style=\"color: #000000;\"><strong>Prodhomme J\u00e9r\u00f4me<br \/>\n<\/strong><\/span><span style=\"color: #0000ff;\"><span style=\"color: #000000;\">T\u00e9l\u00e9phone : 02.33.12.44.90<\/span><\/span><\/p>\n<p>&nbsp;<\/p>\n<p><strong><span style=\"color: #ff6600;\">Centre des Finances Publiques<\/span><\/strong><\/p>\n<p><span style=\"color: #000000;\"><strong>Tr\u00e9sor Public<br \/>\n<\/strong>T\u00e9l\u00e9phone : 02.33.35.01.37<\/span><\/p>\n<p>&nbsp;<\/p>\n<p><span style=\"color: #ff6600;\"><strong>Autres num\u00e9ros utiles<\/strong><\/span><\/p>\n<p><span style=\"color: #000000;\"><strong>Communaut\u00e9 de Communes du Val d&rsquo;Orne<\/strong><br \/>\n12, Place de l&rsquo;H\u00f4tel de Ville<br \/>\n61210 Putanges-Le-Lac<br \/>\nT\u00e9l\u00e9phone : 02.33.36.93.73\u00a0 mail : cdc@cdcvaldorne.fr<\/span><span style=\"color: #000000;\">\u00a0<\/span><\/p>\n<p><span style=\"color: #000000;\"><strong>Office de Tourisme<\/strong><\/span><br \/>\nT\u00e9l\u00e9phone : 02.33.35.86.57<\/p>\n<p><span style=\"color: #000000;\"><strong>ENEDIS<br \/>\n<\/strong>T\u00e9l\u00e9phone : 0 810 333 061<\/span><\/p>\n<p><strong><span style=\"color: #000000;\">Orange<\/span><\/strong><br \/>\n<span style=\"color: #000000;\">T\u00e9l\u00e9phone : 39.39<\/span><\/p>\n<p><span style=\"color: #000000;\"><strong>V\u00e9olia<\/strong><br \/>\nT\u00e9l\u00e9phone: 0.811.900.800<br \/>\n<\/span><\/td>\n<\/tr>\n<\/tbody>\n<\/table>\n","protected":false},"excerpt":{"rendered":"<p>&nbsp; &nbsp; &nbsp; M\u00e9decins Docteur Catherine CASTEL T\u00e9l\u00e9phone : 02.33.35.26.88 Docteur Catherine DELANO\u00cb-DAREAU T\u00e9l\u00e9phone : 02.33.35.04.47 Docteur \u00c9lodie MORICE T\u00e9l\u00e9phone : 02.33.35.08.68 &nbsp; Infirmiers Cabinet d&rsquo;infirmiers T\u00e9l\u00e9phone : 02.33.35.86.57 Centre [&hellip;]<\/p>\n","protected":false},"author":2,"featured_media":0,"parent":47,"menu_order":51,"comment_status":"closed","ping_status":"closed","template":"","meta":{"footnotes":""},"class_list":["post-53","page","type-page","status-publish","hentry"],"_links":{"self":[{"href":"https:\/\/www.putanges-le-lac.fr\/index.php?rest_route=\/wp\/v2\/pages\/53","targetHints":{"allow":["GET"]}}],"collection":[{"href":"https:\/\/www.putanges-le-lac.fr\/index.php?rest_route=\/wp\/v2\/pages"}],"about":[{"href":"https:\/\/www.putanges-le-lac.fr\/index.php?rest_route=\/wp\/v2\/types\/page"}],"author":[{"embeddable":true,"href":"https:\/\/www.putanges-le-lac.fr\/index.php?rest_route=\/wp\/v2\/users\/2"}],"replies":[{"embeddable":true,"href":"https:\/\/www.putanges-le-lac.fr\/index.php?rest_route=%2Fwp%2Fv2%2Fcomments&post=53"}],"version-history":[{"count":30,"href":"https:\/\/www.putanges-le-lac.fr\/index.php?rest_route=\/wp\/v2\/pages\/53\/revisions"}],"predecessor-version":[{"id":5811,"href":"https:\/\/www.putanges-le-lac.fr\/index.php?rest_route=\/wp\/v2\/pages\/53\/revisions\/5811"}],"up":[{"embeddable":true,"href":"https:\/\/www.putanges-le-lac.fr\/index.php?rest_route=\/wp\/v2\/pages\/47"}],"wp:attachment":[{"href":"https:\/\/www.putanges-le-lac.fr\/index.php?rest_route=%2Fwp%2Fv2%2Fmedia&parent=53"}],"curies":[{"name":"wp","href":"https:\/\/api.w.org\/{rel}","templated":true}]}}