{"id":632,"date":"2010-11-08T14:19:47","date_gmt":"2010-11-08T14:19:47","guid":{"rendered":"http:\/\/www.ville-putanges.fr\/?page_id=632"},"modified":"2025-12-10T08:40:44","modified_gmt":"2025-12-10T08:40:44","slug":"commerces-et-services","status":"publish","type":"page","link":"https:\/\/www.putanges-le-lac.fr\/?page_id=632","title":{"rendered":"Commerces et services"},"content":{"rendered":"<h1 style=\"text-align: center;\"><span style=\"text-decoration: underline;\"><strong><span style=\"color: #008000; text-decoration: underline;\">COMMERCES<\/span><\/strong><\/span><\/h1>\n<h3 style=\"text-align: center;\"><span style=\"color: #0000ff;\"><em><strong>ALIMENTATION G\u00c9N\u00c9RALE<\/strong><\/em><\/span><\/h3>\n<h3 style=\"text-align: center;\"><span style=\"color: #800080;\"><strong>BAAMMOU Lahoucine<\/strong><\/span><\/h3>\n<p style=\"text-align: center;\">61210 PUTANGES-PONT-\u00c9CREPIN<\/p>\n<p style=\"text-align: center;\"><strong>T\u00e9l : 02.33.35.01.23<\/strong><\/p>\n<p style=\"text-align: center;\">\u2666<\/p>\n<h3 style=\"text-align: center;\"><span style=\"color: #800080;\"><strong>UTILE<\/strong><\/span><\/h3>\n<p style=\"text-align: center;\">61210 PUTANGES-PONT-\u00c9CREPIN<\/p>\n<p style=\"text-align: center;\"><strong>T\u00e9l : 02.33.35.00.72 &#8211; FAX : 02.33.35.09.51<\/strong><\/p>\n<p style=\"text-align: center;\">\u2666<\/p>\n<h3 style=\"text-align: center;\"><span style=\"color: #0000ff;\"><strong><em>AMBULANCE<\/em><\/strong><\/span><\/h3>\n<h3 style=\"text-align: center;\"><span style=\"color: #800080;\"><strong>AMBULANCES DU VAL D&rsquo;ORNE<\/strong><\/span><\/h3>\n<p style=\"text-align: center;\">5, place Notre Dame<\/p>\n<p style=\"text-align: center;\">61210 PUTANGES-PONT-\u00c9CREPIN<\/p>\n<p style=\"text-align: center;\"><strong>T\u00e9l. 02.33.12.98.45 &#8211; 06.70.97.31.67<\/strong><\/p>\n<h3 style=\"text-align: center;\">\u2666<\/h3>\n<h3 style=\"text-align: center;\"><span style=\"color: #0000ff;\"><em><strong>AUTO-\u00c9COLE<\/strong><\/em><\/span><\/h3>\n<h3 style=\"text-align: center;\"><strong><span style=\"color: #800080;\">REFLEX Auto-Moto \u00e9cole<\/span><br \/>\n<\/strong><\/h3>\n<p style=\"text-align: center;\">61210 PUTANGES-PONT-\u00c9CREPIN<\/p>\n<p style=\"text-align: center;\"><strong>T\u00e9l : 09.53.62.41.56\/06.60.63.77.35<\/strong><\/p>\n<address style=\"padding-left: 690px;\">\u2666<\/address>\n<address style=\"padding-left: 690px;\">\u00a0<\/address>\n<h3 style=\"text-align: center;\"><span style=\"color: #0000ff;\">BANQUE<\/span><\/h3>\n<address>\n<h3 style=\"text-align: center;\"><span style=\"color: #800080;\">BANQUE POSTALE<\/span><\/h3>\n<p style=\"text-align: center;\">61210 PUTANGES-PONT-\u00c9CREPIN<\/p>\n<p style=\"text-align: center;\">T\u00e9l : 02.33.12.13.54<\/p>\n<p style=\"text-align: center;\">\u2666<\/p>\n<h3 style=\"text-align: center;\"><span style=\"color: #800080;\">CR\u00c9DIT AGRICOLE NORMANDIE<\/span><\/h3>\n<p style=\"text-align: center;\">61210 PUTANGES-PONT-\u00c9CREPIN<\/p>\n<p style=\"text-align: center;\">T\u00e9l : 098.098.10.15 &#8211; Fax : 0.810.12.56.95<\/p>\n<p style=\"text-align: center;\">\u2666<\/p>\n<h3 style=\"text-align: center;\"><span style=\"color: #800080;\">CR\u00c9DIT MUTUEL<\/span><\/h3>\n<p style=\"text-align: center;\">61210 PUTANGES-PONT-\u00c9CREPIN<\/p>\n<p style=\"text-align: center;\">T\u00e9l : 0.820.82.56.98<\/p>\n<p style=\"text-align: center;\">\u2666<\/p>\n<\/address>\n<h3 style=\"text-align: center;\"><span style=\"color: #0000ff;\">BOULANGERIE &#8211;\u00a0P\u00c2TISSERIE<\/span><\/h3>\n<h3 style=\"text-align: center;\"><strong><span style=\"color: #800080;\">AU BL\u00c9 D&rsquo;OR<br \/>\n<\/span><\/strong><\/h3>\n<p style=\"text-align: center;\"><span style=\"color: #333333;\">61210 PUTANGES-PONT-\u00c9CREPIN<\/span><\/p>\n<p style=\"text-align: center;\"><span style=\"color: #000000;\"><strong>T\u00e9l : 02.33.39.59.83<\/strong><\/span><\/p>\n<p style=\"text-align: center;\">\u2666<\/p>\n<h3 style=\"text-align: center;\"><strong><span style=\"color: #800080;\">AUX D\u00c9LICES DE PUTANGES<\/span><\/strong><\/h3>\n<p style=\"text-align: center;\"><span style=\"color: #333333;\">61210\u00a0<\/span>PUTANGES-PONT-\u00c9CREPIN<\/p>\n<p style=\"text-align: center;\"><span style=\"color: #000000;\"><strong>T\u00e9l : 02.33.35.04.06 \/ 09.63.58.72.95<\/strong><\/span><\/p>\n<p style=\"text-align: center;\">\u2666<\/p>\n<h3 style=\"text-align: center;\"><span style=\"color: #0000ff;\"><em><strong>COIFFEUR<\/strong><\/em><\/span><\/h3>\n<p style=\"text-align: center;\"><span style=\"color: #800080;\"><strong>ID Cr\u00e9ations\u00a0<\/strong><\/span><\/p>\n<p style=\"text-align: center;\">61210 PUTANGES-PONT-\u00c9CREPIN<\/p>\n<p style=\"text-align: center;\"><strong>T\u00e9l : 02.33.35.89.08<\/strong><\/p>\n<address style=\"padding-left: 690px;\">\u2666<\/address>\n<p style=\"text-align: center;\"><span style=\"color: #800080;\"><strong>LEGALLOIS Val\u00e9rie &#8211; Coiffure \u00e0 domicile<\/strong><\/span><\/p>\n<p style=\"text-align: center;\">61210 M\u00c9NIL-JEAN<\/p>\n<p style=\"text-align: center;\"><strong>T\u00e9l : 02.33.35.76.91 \/ 06.32.36.35.52<\/strong><\/p>\n<p style=\"text-align: center;\">\u2666<\/p>\n<p style=\"text-align: center;\"><span style=\"color: #800080;\"><strong>NOUVEL \u00c9CLAT<\/strong><\/span><\/p>\n<p style=\"text-align: center;\">61210 PUTANGES-PONT-\u00c9CREPIN<\/p>\n<p style=\"text-align: center;\"><strong>T\u00e9l. 02.33.35.24.71<\/strong><\/p>\n<p style=\"text-align: center;\">\u2666<\/p>\n<h3 style=\"text-align: center;\"><span style=\"color: #0000ff;\"><em><strong>COOP\u00c9RATIVE AGRICOLE<\/strong><\/em><\/span><\/h3>\n<h3 style=\"text-align: center;\"><span style=\"color: #800080;\"><strong>AGRIAL<\/strong><\/span><\/h3>\n<p style=\"text-align: center;\">61210 PUTANGES-PONT-\u00c9CREPIN<\/p>\n<p style=\"text-align: center;\"><strong>T\u00e9l : 02.33.35.08.67 &#8211; Fax : 02.33.39.29.72<\/strong><\/p>\n<p style=\"text-align: center;\">\u2666<\/p>\n<h3 style=\"text-align: center;\"><span style=\"color: #800080;\"><strong>Ets PIEDNOIR<\/strong><\/span><\/h3>\n<p style=\"text-align: center;\">61210\u00a0LA FRESNAYE-AU-SAUVAGE<\/p>\n<p style=\"text-align: center;\"><strong>T\u00e9l : 02.72.88.35.75\u00a0<\/strong><\/p>\n<p style=\"text-align: center;\">\u2666<\/p>\n<h3 style=\"text-align: center;\"><span style=\"color: #0000ff;\"><strong><em>FLEURISTE<\/em><\/strong><\/span><\/h3>\n<h3 style=\"text-align: center;\"><strong><span style=\"color: #800080;\">UNE FLEUR M&rsquo;A DIT<\/span><br \/>\n<\/strong><\/h3>\n<p style=\"text-align: center;\">61210 PUTANGES-PONT-\u00c9CREPIN<\/p>\n<p style=\"text-align: center;\"><strong>T\u00e9l : 02.33.35.38.44<\/strong><\/p>\n<p style=\"text-align: center;\">\u2666<\/p>\n<h3 style=\"text-align: center;\"><span style=\"color: #0000ff;\"><em><strong>GARAGE AUTOMOBILE<\/strong><\/em><\/span><\/h3>\n<h3 style=\"text-align: center;\"><span style=\"color: #800080;\"><strong>POTTIER Jacques<\/strong><\/span><\/h3>\n<p style=\"text-align: center;\">61210 PUTANGES-PONT-\u00c9CREPIN<\/p>\n<p style=\"text-align: center;\"><strong>T\u00e9l : 02.33.35.00.52 &#8211; Fax : 02.33.67.31.86<\/strong><\/p>\n<p style=\"text-align: center;\">\u2666<\/p>\n<h3 style=\"text-align: center;\"><span style=\"color: #800080;\"><strong>SARL BETHEMBOS<\/strong><\/span><\/h3>\n<p style=\"text-align: center;\">61210 PUTANGES-PONT-\u00c9CREPIN<\/p>\n<p style=\"text-align: center;\"><strong>T\u00e9l : 02.33.35.00.62 &#8211; Fax : 02.33.35.19.29<\/strong><\/p>\n<p style=\"text-align: center;\">\u2666<\/p>\n<h3 style=\"text-align: center;\"><span style=\"color: #800080;\"><strong>LECORNU Garage<\/strong><\/span><\/h3>\n<p style=\"text-align: center;\">Carrosserie T\u00f4lerie<\/p>\n<p style=\"text-align: center;\">61210\u00a0LA FRESNAYE-AU-SAUVAGE<\/p>\n<p style=\"text-align: center;\"><strong>T\u00e9l : 02.33.96.20.35 &#8211; Fax : 02.33.65.14.16<\/strong><\/p>\n<p style=\"text-align: center;\">\u2666<\/p>\n<h3 style=\"text-align: center;\"><strong><span style=\"color: #800080;\">NO\u00cbL D\u00e9pannage<\/span><br \/>\n<\/strong><\/h3>\n<p style=\"text-align: center;\">M\u00e9canique \u00e0 domicile &#8211; vente de voitures<\/p>\n<p style=\"text-align: center;\">61210\u00a0LA FRESNAYE-AU-SAUVAGE<\/p>\n<p style=\"text-align: center;\"><strong>T\u00e9l. 06.32.37.78.73<\/strong><\/p>\n<p style=\"text-align: center;\">\u2666<\/p>\n<h3 style=\"text-align: center;\"><span style=\"color: #0000ff;\"><em><strong>H\u00d4TELLERIE, BAR<\/strong><\/em><\/span><\/h3>\n<h3 style=\"text-align: center;\"><span style=\"color: #800080;\"><strong>BATEAU CROISI\u00c8RES<\/strong><\/span><\/h3>\n<p style=\"text-align: center;\">Val d&rsquo;Orne<\/p>\n<p style=\"text-align: center;\">61210 PUTANGES-PONT-\u00c9CREPIN<\/p>\n<p style=\"text-align: center;\"><strong>T\u00e9l : 02.33.39.30.30 ou 06.71.10.00.58<br \/>\nFax : 02.33.12.18.57<\/strong><\/p>\n<p style=\"text-align: center;\">http:\/\/www.valdorne.com<\/p>\n<p style=\"text-align: center;\">\u2666<\/p>\n<h3 style=\"text-align: center;\"><span style=\"color: #800080;\">H\u00d4TEL DU LION VERD<br \/>\n<\/span><\/h3>\n<p style=\"text-align: center;\">61210 PUTANGES-PONT-\u00c9CREPIN<\/p>\n<p style=\"text-align: center;\"><strong>T\u00e9l : 02.33.35.01.86<br \/>\nFax : 02.33.39.53.32<\/strong><\/p>\n<p style=\"text-align: center;\"><a href=\"http:\/\/www.lionverd.fr\">http:\/\/www.lionverd.fr<\/a><\/p>\n<p style=\"text-align: center;\">\u2666<\/p>\n<h3 style=\"text-align: center;\"><span style=\"color: #800080;\">CAF\u00c9INE<\/span><\/h3>\n<p style=\"text-align: center;\">61210 PUTANGES-PONT-\u00c9CREPIN<\/p>\n<p style=\"text-align: center;\"><strong>T\u00e9l : 06.89.98.56.67<br \/>\n<\/strong><\/p>\n<p style=\"text-align: center;\">\u2666<\/p>\n<h3 style=\"text-align: center;\"><span style=\"color: #800080;\">AU POT D&rsquo;\u00c9TAIN<\/span><\/h3>\n<p style=\"text-align: center;\">61210 PUTANGES-PONT-\u00c9CREPIN<\/p>\n<p style=\"text-align: center;\"><strong>T\u00e9l : 02.33.35.00.18<br \/>\n<\/strong><\/p>\n<p style=\"text-align: center;\">\u2666<\/p>\n<h3 style=\"text-align: center;\"><span style=\"color: #800080;\">LA ROTONDE<\/span><\/h3>\n<p style=\"text-align: center;\">61210 LES ROTOURS<\/p>\n<p style=\"text-align: center;\"><strong>T\u00e9l : 02.33.35.00.11<br \/>\n<\/strong><\/p>\n<p style=\"text-align: center;\"><strong>Portable : 06.71.10.00.58<\/strong><\/p>\n<p style=\"text-align: center;\">\u2666<\/p>\n<h3 style=\"text-align: center;\"><span style=\"color: #800080;\">LE VINCENNES<\/span><\/h3>\n<p style=\"text-align: center;\">61210 PUTANGES-PONT-\u00c9CREPIN<\/p>\n<p style=\"text-align: center;\"><strong>T\u00e9l : 02.33.35.02.37<br \/>\n<\/strong><\/p>\n<p style=\"text-align: center;\">\u2666<\/p>\n<h3 style=\"text-align: center;\"><span style=\"color: #0000ff;\"><em><strong>IMMOBILIER, GESTION DE BIEN<\/strong><\/em><\/span><\/h3>\n<h3 style=\"text-align: center;\"><span style=\"color: #800080;\"><strong>ALT. IMMOBILIER<\/strong><\/span><\/h3>\n<p style=\"text-align: center;\">61210 PUTANGES-PONT-\u00c9CREPIN<\/p>\n<p style=\"text-align: center;\"><strong>T\u00e9l : 02.33.12.52.12<\/strong><\/p>\n<p style=\"text-align: center;\">http:\/\/www.altimmobilier.fr<\/p>\n<p style=\"text-align: center;\">\u2666<\/p>\n<h3 style=\"text-align: center;\"><span style=\"color: #800080;\">Mandataire immobilier pour CAPIFRANCE<\/span><\/h3>\n<p style=\"text-align: center;\">Harnois Didier<\/p>\n<p style=\"text-align: center;\">61210 RABODANGES<\/p>\n<p style=\"text-align: center;\"><strong>T\u00e9l : 02.33.35.48.87 ou 06.4629.35.65<\/strong><\/p>\n<p style=\"text-align: center;\">\u2666<\/p>\n<p>&nbsp;<\/p>\n<h3 style=\"text-align: center;\">\u00a0<span style=\"color: #0000ff;\"><em><strong>INSTITUT DE B\u00c9AUT\u00c9<\/strong><\/em><\/span><\/h3>\n<h3 style=\"text-align: center;\"><span style=\"color: #800080;\"><strong>PLAISIR DE BEAUT\u00c9 &#8211; LETOREY St\u00e9phanie<\/strong><\/span><\/h3>\n<p style=\"text-align: center;\">Esth\u00e9ticienne<\/p>\n<p style=\"text-align: center;\">61210 PUTANGES-PONT-\u00c9CREPIN<\/p>\n<p style=\"text-align: center;\"><strong>T\u00e9l : 02.33.35.10.82<\/strong><\/p>\n<p style=\"text-align: center;\">\u2666<\/p>\n<h3 style=\"text-align: center;\"><span style=\"color: #800080;\"><strong>SI BELLE CHEZ SOI<br \/>\n<\/strong><\/span><\/h3>\n<p style=\"text-align: center;\">Esth\u00e9ticienne<\/p>\n<p style=\"text-align: center;\">61210 PUTANGES-PONT-\u00c9CREPIN<\/p>\n<p style=\"text-align: center;\"><strong>T\u00e9l : 02.33.35.89.08<\/strong><\/p>\n<p style=\"text-align: center;\">\u2666<\/p>\n<h3 style=\"text-align: center;\"><span style=\"color: #0000ff;\"><em><strong>OFFICE NOTARIAL<\/strong><\/em><\/span><\/h3>\n<h3 style=\"text-align: center;\"><span style=\"color: #800080;\"><strong>ORCA Notaires<\/strong><\/span><\/h3>\n<p style=\"text-align: center;\">61210 PUTANGES-PONT-\u00c9CREPIN<\/p>\n<p style=\"text-align: center;\"><strong>T\u00e9l : 02.33.12.20.12<\/strong><\/p>\n<p style=\"text-align: center;\">\u2666<\/p>\n<p>&nbsp;<\/p>\n<h2 style=\"text-align: center;\"><span style=\"text-decoration: underline;\"><strong><span style=\"color: #008000; text-decoration: underline;\">SERVICES<\/span><\/strong><\/span><\/h2>\n<p>&nbsp;<\/p>\n<h3 style=\"text-align: center;\"><span style=\"color: #0000ff;\"><em><strong>CENTRE DE LOISIRS \u00c9QUESTRES<\/strong><\/em><\/span><\/h3>\n<h3 style=\"text-align: center;\"><span style=\"color: #800080;\"><strong>GREUSARD Thierry et Nelly<\/strong><\/span><\/h3>\n<p style=\"text-align: center;\">\u00ab\u00a0la Rotourelle\u00a0\u00bb<\/p>\n<p style=\"text-align: center;\">61210 LES ROTOURS<\/p>\n<p style=\"text-align: center;\"><strong>T\u00e9l : 02.33.36.88.89 &#8211; Fax : 02.33.36.89.90<\/strong><\/p>\n<p style=\"text-align: center;\">\u2666<\/p>\n<h3 style=\"text-align: center;\"><span style=\"color: #0000ff;\"><em><strong>\u00c9LEVAGE, P\u00caCHE ET ACTIVIT\u00c9S ASSOCI\u00c9ES<\/strong><\/em><\/span><\/h3>\n<h3 style=\"text-align: center;\"><span style=\"color: #800080;\"><strong>BEN&rsquo;EDUK &#8211; B\u00e9n\u00e9dicte LERICOLAIS<\/strong><\/span><\/h3>\n<p style=\"text-align: center;\">\u00c9ducation Canine<\/p>\n<p style=\"text-align: center;\">61210 RABODANGES<\/p>\n<p style=\"text-align: center;\"><strong>T\u00e9l : 02.50.74.11.62 &#8211; Portable : 06.82.27.58.85<\/strong><\/p>\n<p style=\"text-align: center;\">\u2666<\/p>\n<h3 style=\"text-align: center;\"><span style=\"color: #800080;\"><strong>CATEINE Sandrine<\/strong><\/span><\/h3>\n<p style=\"text-align: center;\">61210 SAINT-AUBERT-SUR-ORNE<\/p>\n<p style=\"text-align: center;\"><strong>T\u00e9l\/Fax : 02.33.67.20.86 &#8211; Portable : 06.64.45.76.56<\/strong><\/p>\n<p style=\"text-align: center;\">http:\/\/www.du-manoir-de-la-corbie.chiens-de-france.com<\/p>\n<p style=\"text-align: center;\">\u2666<\/p>\n<h3 style=\"text-align: center;\"><span style=\"color: #800080;\"><strong>\u00c9LEVAGE DES TOURS VAUQUELIN &#8211; Wilfried CHEZE<\/strong><\/span><\/h3>\n<p style=\"text-align: center;\">61210 61210\u00a0LA FRESNAYE-AU-SAUVAGE<\/p>\n<p style=\"text-align: center;\"><strong>Portable : 06.81.97.10.30<\/strong><\/p>\n<p style=\"text-align: center;\">\u2666<\/p>\n<h3 style=\"text-align: center;\"><span style=\"color: #0000ff;\"><em><strong>\u00c9LEVAGES DE CHEVAUX, HARAS ET ACTIVIT\u00c9S ASSOCI\u00c9ES<\/strong><\/em><\/span><\/h3>\n<h3 style=\"text-align: center;\"><span style=\"color: #800080;\"><strong>HARAS de M\u00e9nil-Jean<\/strong><\/span><\/h3>\n<p style=\"text-align: center;\">61210 M\u00c9NIL-JEAN<\/p>\n<p style=\"text-align: center;\"><strong>T\u00e9l : 02.33.67.14.24<\/strong><\/p>\n<p style=\"text-align: center;\">\u2666<\/p>\n<h3 style=\"text-align: center;\"><span style=\"color: #800080;\"><strong>IGEP &#8211; HARAS De Rabodanges<\/strong><\/span><\/h3>\n<p style=\"text-align: center;\">Philippe LEMOINE-BOUCAUD<\/p>\n<p style=\"text-align: center;\">61210 RABODANGES<\/p>\n<p style=\"text-align: center;\"><strong>T\u00e9l : 02.33.35.04.76<\/strong><\/p>\n<p style=\"text-align: center;\">\u2666<\/p>\n<h3 style=\"text-align: center;\"><span style=\"color: #0000ff;\"><em><strong>INFORMATIQUE, MULTIM\u00c9DIA<br \/>\n<\/strong><\/em><\/span><\/h3>\n<h3 style=\"text-align: center;\"><strong><span style=\"color: #800080;\">REBOOT MULTIM\u00c9DIA<\/span><br \/>\n<\/strong><\/h3>\n<p style=\"text-align: center;\">61210 CH\u00caNEDOUIT<\/p>\n<p style=\"text-align: center;\"><strong>T\u00e9l : 06.03.61.49.33<\/strong><\/p>\n<p style=\"text-align: center;\">\u2666<\/p>\n<h3 style=\"text-align: center;\"><span style=\"color: #0000ff;\"><em><strong>LOCATION CAN\u00d6E\/VTT<\/strong><\/em><\/span><\/h3>\n<h3 style=\"text-align: center;\"><span style=\"color: #800080;\"><strong>\u00ab\u00a0LA FERME DU BOIS DE PUTANGES\u00a0\u00bb<\/strong><\/span><\/h3>\n<p style=\"text-align: center;\">61210 PUTANGES-PONT-\u00c9CREPIN<\/p>\n<p style=\"text-align: center;\"><strong>T\u00e9l : 02.33.36.96.73\/06.16.98.93.18<\/strong><\/p>\n<p style=\"text-align: center;\"><em>lafermeduboisdeputanges@gmail.com<\/em><\/p>\n<p style=\"text-align: center;\">\u2666<\/p>\n<h3 style=\"text-align: center;\"><span style=\"color: #0000ff;\"><em><strong>MAT\u00c9RIEL &#8211; M\u00c9CANIQUE AGRICOLE<\/strong><\/em><\/span><\/h3>\n<h3 style=\"text-align: center;\"><span style=\"color: #800080;\"><strong>LOUPIL Jo\u00ebl<\/strong><\/span><\/h3>\n<p style=\"text-align: center;\">61210 PUTANGES-PONT-\u00c9CREPIN<\/p>\n<p style=\"text-align: center;\"><strong>T\u00e9l : 02.33.36.93.57 &#8211; Fax : 02.33.39.72.17<\/strong><\/p>\n<p style=\"text-align: center;\">\u2666<\/p>\n<h3 style=\"text-align: center;\"><span style=\"text-decoration: underline; color: #0000ff;\"><em><strong>\u00a0MOTOCULTURE &#8211; QUADS<\/strong><\/em><\/span><\/h3>\n<h3 style=\"text-align: center;\"><strong><span style=\"color: #800080;\">ONFROY Alain<\/span><\/strong><\/h3>\n<p style=\"text-align: center;\">61210 PUTANGES-PONT-\u00c9CREPIN<\/p>\n<p style=\"text-align: center;\"><span style=\"color: #000000;\"><strong>T\u00e9l : 02.33.35.03.80 &#8211; Fax : 02.33.35.95.65<\/strong><\/span><\/p>\n<address style=\"text-align: center;\"><em>www.onfroy.com<\/em><\/address>\n<p style=\"text-align: center;\">\u2666<\/p>\n<h3 style=\"text-align: center;\"><em><strong>\u00a0<span style=\"color: #0000ff;\">NUTRITION &#8211; REMISE EN FORME<\/span><br \/>\n<\/strong><\/em><\/h3>\n<h3 style=\"text-align: center;\"><strong><span style=\"color: #800080;\">CORPS EN FORME &#8211; MARCAULT J\u00e9r\u00f4me<\/span><br \/>\n<\/strong><\/h3>\n<p style=\"text-align: center;\">61210 M\u00c9NIL-JEAN<\/p>\n<p style=\"text-align: center;\"><strong>T\u00e9l : 06.19.14.08.84<br \/>\n<\/strong>http:\/\/www.corpsenforme.fr<\/p>\n<p style=\"text-align: center;\">\u2666<\/p>\n<h3 style=\"text-align: center;\"><em><strong><span style=\"color: #0000ff;\">ORGANISATION D&rsquo;\u00c9V\u00c8NEMENTS<\/span><\/strong><\/em><\/h3>\n<h3 style=\"text-align: center;\"><span style=\"color: #800080;\">H\u00c9RA NORMANDIE &#8211; DURAND Caroline<\/span><\/h3>\n<p style=\"text-align: center;\">61210 SAINT-AUBERT-SUR-ORNE<\/p>\n<p style=\"text-align: center;\">T\u00e9l : 06 17 72 71 55<\/p>\n<p style=\"text-align: center;\">\n<blockquote class=\"wp-embedded-content\" data-secret=\"yBzuM4rQ3R\"><p><a href=\"https:\/\/www.hera-normandie.fr\/\">Organisation d\u00e9coration mariages wedding H\u00e9ra Normandie<\/a><\/p><\/blockquote>\n<p><iframe loading=\"lazy\" class=\"wp-embedded-content\" sandbox=\"allow-scripts\" security=\"restricted\" style=\"position: absolute; visibility: hidden;\" title=\"\u00ab\u00a0Organisation d\u00e9coration mariages wedding H\u00e9ra Normandie\u00a0\u00bb &#8212; H\u00e9ra Normandie\" src=\"https:\/\/www.hera-normandie.fr\/embed\/#?secret=yBzuM4rQ3R\" data-secret=\"yBzuM4rQ3R\" width=\"600\" height=\"338\" frameborder=\"0\" marginwidth=\"0\" marginheight=\"0\" scrolling=\"no\"><\/iframe><\/p>\n<p style=\"text-align: center;\">\u2666<\/p>\n<h3 style=\"text-align: center;\"><em><strong><span style=\"color: #0000ff;\">SERVICE A LA PERSONNE<\/span><br \/>\n<\/strong><\/em><\/h3>\n<h3 style=\"text-align: center;\"><span style=\"color: #800080;\">GICQUEL Patrick<\/span><\/h3>\n<p style=\"text-align: center;\">61210 RABODANGES<\/p>\n<p style=\"text-align: center;\">T\u00e9l : 06.31.08.59.16<\/p>\n<p style=\"text-align: center;\">\u2666<\/p>\n<h3 style=\"text-align: center;\"><span style=\"text-decoration: underline; color: #0000ff;\"><em><strong>STATION LAVAGE VOITURE<\/strong><\/em><\/span><\/h3>\n<h3 style=\"text-align: center;\"><strong><span style=\"color: #800080;\">LOUPIL Jo\u00ebl<\/span><\/strong><\/h3>\n<p style=\"text-align: center;\">\u00a0Zone Industrielle<\/p>\n<p style=\"text-align: center;\">61210 PUTANGES-PONT-\u00c9CREPIN<\/p>\n<p style=\"text-align: center;\"><span style=\"color: #000000;\"><strong>T\u00e9l : 02.33.36.93.57 &#8211; Fax &#8211; 02.33.39.72.17<\/strong><\/span><\/p>\n<p style=\"text-align: center;\">\u2666<\/p>\n<h3 style=\"text-align: center;\"><span style=\"color: #0000ff;\"><em><strong>VENTE D&rsquo;ARTICLES D&rsquo;HYGI\u00c8NE, S\u00c9CURIT\u00c9 DU TRAVAIL<\/strong><\/em><\/span><\/h3>\n<h3 style=\"text-align: center;\"><strong><span style=\"color: #800080;\">PHARMAOUEST &#8211; POIRIER Sylvie<\/span><br \/>\n<\/strong><\/h3>\n<p style=\"text-align: center;\">61210 SAINTE-CROIX-SUR-ORNE<\/p>\n<p style=\"text-align: center;\"><strong>T\u00e9l : 02.33.35.99.57<\/strong><\/p>\n<p style=\"text-align: center;\">\u2666<\/p>\n<h3 style=\"text-align: center;\"><span style=\"color: #0000ff;\"><em><strong>VENTE DIRECTE DE PRODUITS FERMIERS<\/strong><\/em><\/span><\/h3>\n<h3 style=\"text-align: center;\"><strong><span style=\"color: #800080;\">BELLENGER Daniel<\/span><br \/>\n<\/strong><\/h3>\n<p style=\"text-align: center;\">Cidre<\/p>\n<p style=\"text-align: center;\">61210 RABODANGES<\/p>\n<p style=\"text-align: center;\"><strong>T\u00e9l : 02.33.39.78.49<\/strong><\/p>\n<p style=\"text-align: center;\">\u2666<\/p>\n<h3 style=\"text-align: center;\"><span style=\"color: #800080;\"><strong>FERME DE LA FLEURI\u00c8RE<\/strong><\/span><\/h3>\n<p style=\"text-align: center;\">Fruits et L\u00e9gumes permaculturels<\/p>\n<p style=\"text-align: center;\">6120 LA FRESNAYE-AU-SAUVAGE<\/p>\n<p style=\"text-align: center;\"><strong>T\u00e9l : 06.36.55.81.23 \/ 06.74.82.54.93<\/strong><\/p>\n<p style=\"text-align: center;\">\u2666<\/p>\n<h3 style=\"text-align: center;\"><span style=\"color: #800080;\"><strong>GAEC \u00ab\u00a0ROTOURS DE LA TERRE\u00a0\u00bb<\/strong><\/span><\/h3>\n<p style=\"text-align: center;\">61210 LES ROTOURS<\/p>\n<p style=\"text-align: center;\"><strong>T\u00e9l : 06.35.30.64.18\/06.04.45.66.31<\/strong><\/p>\n<address style=\"padding-left: 420px;\"><em>rotoursalaterre@gmail.com<\/em><\/address>\n<p style=\"text-align: center;\">\u2666<\/p>\n<h3 style=\"text-align: center;\"><span style=\"color: #800080;\"><strong>KERFLAVEUR &#8211; KERS\u00c9BERT J\u00e9r\u00f4me et CORNEVILLE Estelle<\/strong><\/span><\/h3>\n<p style=\"text-align: center;\">Miel, Pommes, Oeufs, Fromage de Ch\u00e8vre, Ch\u00e2taignes et Noix<\/p>\n<p style=\"text-align: center;\">61210 LA FRESNAYE-AU-SAUVAGE<\/p>\n<p style=\"text-align: center;\"><strong>T\u00e9l : 06.42.68.56.19 \/ 06.43.80.77.79<\/strong><\/p>\n<p style=\"text-align: center;\">\u2666<\/p>\n<h3 style=\"text-align: center;\"><span style=\"color: #800080;\"><strong>LAGRANGE Genevi\u00e8ve &#8211; FERME DE LA LA SAUSSAIE<\/strong><\/span><\/h3>\n<p style=\"text-align: center;\">Viande de veau en caissettes sous vide<\/p>\n<p style=\"text-align: center;\">61210 SAINT AUBERT-SUR-ORNE<\/p>\n<p style=\"text-align: center;\"><strong>T\u00e9l : 02.33.35.05.98 &#8211; 06.30.66.10.24<\/strong><\/p>\n<p style=\"text-align: center;\"><em>genevieve.lagrange@wanadoo.fr<\/em><\/p>\n<p style=\"text-align: center;\">\u2666<\/p>\n<h3 style=\"text-align: center;\"><span style=\"color: #800080;\"><strong>LONGUET \u00c9tienne<\/strong><\/span><\/h3>\n<p style=\"text-align: center;\">Cidre, Calvados<\/p>\n<p style=\"text-align: center;\">61210 LES ROTOURS<\/p>\n<p style=\"text-align: center;\"><strong>T\u00e9l : 02.33.35.87.06<\/strong><\/p>\n<p style=\"text-align: center;\">\u2666<\/p>\n<h3 style=\"text-align: center;\"><span style=\"color: #800080;\"><strong>Plan\u00e8te Abeilles &#8211; MAINGOT C\u00e9cile<\/strong><\/span><\/h3>\n<p style=\"text-align: center;\">Miel<\/p>\n<p style=\"text-align: center;\">61210 RABODANGES<\/p>\n<p style=\"text-align: center;\"><strong>T\u00e9l : 02.33.67.17.66<\/strong><\/p>\n<address style=\"padding-left: 450px;\"><em>planeteabeilles@orange.fr<\/em><\/address>\n<p style=\"text-align: center;\">\u2666<\/p>\n","protected":false},"excerpt":{"rendered":"<p>COMMERCES ALIMENTATION G\u00c9N\u00c9RALE BAAMMOU Lahoucine 61210 PUTANGES-PONT-\u00c9CREPIN T\u00e9l : 02.33.35.01.23 \u2666 UTILE 61210 PUTANGES-PONT-\u00c9CREPIN T\u00e9l : 02.33.35.00.72 &#8211; FAX : 02.33.35.09.51 \u2666 AMBULANCE AMBULANCES DU VAL D&rsquo;ORNE 5, place Notre [&hellip;]<\/p>\n","protected":false},"author":2,"featured_media":0,"parent":47,"menu_order":54,"comment_status":"closed","ping_status":"closed","template":"","meta":{"footnotes":""},"class_list":["post-632","page","type-page","status-publish","hentry"],"_links":{"self":[{"href":"https:\/\/www.putanges-le-lac.fr\/index.php?rest_route=\/wp\/v2\/pages\/632","targetHints":{"allow":["GET"]}}],"collection":[{"href":"https:\/\/www.putanges-le-lac.fr\/index.php?rest_route=\/wp\/v2\/pages"}],"about":[{"href":"https:\/\/www.putanges-le-lac.fr\/index.php?rest_route=\/wp\/v2\/types\/page"}],"author":[{"embeddable":true,"href":"https:\/\/www.putanges-le-lac.fr\/index.php?rest_route=\/wp\/v2\/users\/2"}],"replies":[{"embeddable":true,"href":"https:\/\/www.putanges-le-lac.fr\/index.php?rest_route=%2Fwp%2Fv2%2Fcomments&post=632"}],"version-history":[{"count":123,"href":"https:\/\/www.putanges-le-lac.fr\/index.php?rest_route=\/wp\/v2\/pages\/632\/revisions"}],"predecessor-version":[{"id":5812,"href":"https:\/\/www.putanges-le-lac.fr\/index.php?rest_route=\/wp\/v2\/pages\/632\/revisions\/5812"}],"up":[{"embeddable":true,"href":"https:\/\/www.putanges-le-lac.fr\/index.php?rest_route=\/wp\/v2\/pages\/47"}],"wp:attachment":[{"href":"https:\/\/www.putanges-le-lac.fr\/index.php?rest_route=%2Fwp%2Fv2%2Fmedia&parent=632"}],"curies":[{"name":"wp","href":"https:\/\/api.w.org\/{rel}","templated":true}]}}