{"id":78,"date":"2010-09-10T11:09:34","date_gmt":"2010-09-10T11:09:34","guid":{"rendered":"http:\/\/www.mairie-facilement.com\/61ville-putanges\/?page_id=78"},"modified":"2025-12-10T08:36:18","modified_gmt":"2025-12-10T08:36:18","slug":"teleprocedures","status":"publish","type":"page","link":"https:\/\/www.putanges-le-lac.fr\/?page_id=78","title":{"rendered":"T\u00e9l\u00e9proc\u00e9dures"},"content":{"rendered":"<table style=\"height: 229px;\" border=\"1\" width=\"699\" cellspacing=\"0\" cellpadding=\"0\">\n<tbody>\n<tr>\n<td valign=\"top\" width=\"615\">\n<p style=\"text-align: left;\">Le service \u00c9tat civil ne peut fournir des actes uniquement si ces derniers <strong>ont \u00e9t\u00e9 \u00e9tablis dans notre commune<\/strong>.<\/p>\n<p style=\"text-align: left;\">En application des textes en vigueur peuvent \u00eatre obtenus les actes de naissance et de mariage concernant les ascendants et descendants du demandeur.<\/p>\n<p style=\"text-align: left;\">Seules les administrations publiques et les notaires peuvent avoir acc\u00e8s aux pi\u00e8ces d&rsquo;\u00e9tat civil d&rsquo;un tiers.<\/p>\n<p style=\"text-align: left;\">Les actes de d\u00e9c\u00e8s sont communicables \u00e0 tout requ\u00e9rant.<\/p>\n<p style=\"text-align: left;\">Pour les <strong>demandes de rendez-vous<\/strong>, le formulaire vous permet d&rsquo;\u00e9tablir une demande de prise de rendez-vous aupr\u00e8s d&rsquo;un membre de la mairie ou d&rsquo;un \u00e9lu. Cette requ\u00eate sera directement transmise au secr\u00e9tariat qui vous contactera par la suite.<\/p>\n<\/td>\n<\/tr>\n<\/tbody>\n<\/table>\n<table style=\"height: 64px;\" border=\"1\" width=\"698\" cellspacing=\"0\" cellpadding=\"0\">\n<tbody>\n<tr>\n<td valign=\"top\" width=\"615\"><a href=\"http:\/\/www.ville-putanges.fr\/?page_id=317\" target=\"_self\" rel=\"noopener\">Demande d&rsquo;extrait d&rsquo;acte de naissance&#8230;<\/a><\/p>\n<p><a href=\"http:\/\/www.ville-putanges.fr\/?page_id=334\" target=\"_self\" rel=\"noopener\">Demande d&rsquo;extrait d&rsquo;acte de mariage&#8230;<\/a><\/p>\n<p><a href=\"http:\/\/www.ville-putanges.fr\/?page_id=337\" target=\"_self\" rel=\"noopener\">Demande d&rsquo;extrait d&rsquo;acte de d\u00e9c\u00e8s&#8230;<\/a><\/p>\n<p><a href=\"http:\/\/www.ville-putanges.fr\/?page_id=342\" target=\"_self\" rel=\"noopener\">Prise de rendez-vous&#8230;<\/a><\/td>\n<\/tr>\n<\/tbody>\n<\/table>\n","protected":false},"excerpt":{"rendered":"<p>Le service \u00c9tat civil ne peut fournir des actes uniquement si ces derniers ont \u00e9t\u00e9 \u00e9tablis dans notre commune. En application des textes en vigueur peuvent \u00eatre obtenus les actes [&hellip;]<\/p>\n","protected":false},"author":2,"featured_media":0,"parent":1380,"menu_order":24,"comment_status":"closed","ping_status":"closed","template":"","meta":{"footnotes":""},"class_list":["post-78","page","type-page","status-publish","hentry"],"_links":{"self":[{"href":"https:\/\/www.putanges-le-lac.fr\/index.php?rest_route=\/wp\/v2\/pages\/78","targetHints":{"allow":["GET"]}}],"collection":[{"href":"https:\/\/www.putanges-le-lac.fr\/index.php?rest_route=\/wp\/v2\/pages"}],"about":[{"href":"https:\/\/www.putanges-le-lac.fr\/index.php?rest_route=\/wp\/v2\/types\/page"}],"author":[{"embeddable":true,"href":"https:\/\/www.putanges-le-lac.fr\/index.php?rest_route=\/wp\/v2\/users\/2"}],"replies":[{"embeddable":true,"href":"https:\/\/www.putanges-le-lac.fr\/index.php?rest_route=%2Fwp%2Fv2%2Fcomments&post=78"}],"version-history":[{"count":18,"href":"https:\/\/www.putanges-le-lac.fr\/index.php?rest_route=\/wp\/v2\/pages\/78\/revisions"}],"predecessor-version":[{"id":5505,"href":"https:\/\/www.putanges-le-lac.fr\/index.php?rest_route=\/wp\/v2\/pages\/78\/revisions\/5505"}],"up":[{"embeddable":true,"href":"https:\/\/www.putanges-le-lac.fr\/index.php?rest_route=\/wp\/v2\/pages\/1380"}],"wp:attachment":[{"href":"https:\/\/www.putanges-le-lac.fr\/index.php?rest_route=%2Fwp%2Fv2%2Fmedia&parent=78"}],"curies":[{"name":"wp","href":"https:\/\/api.w.org\/{rel}","templated":true}]}}