{"id":92,"date":"2010-09-13T11:16:36","date_gmt":"2010-09-13T11:16:36","guid":{"rendered":"http:\/\/www.mairie-facilement.com\/61ville-putanges\/?page_id=92"},"modified":"2025-12-10T08:40:21","modified_gmt":"2025-12-10T08:40:21","slug":"entreprises","status":"publish","type":"page","link":"https:\/\/www.putanges-le-lac.fr\/?page_id=92","title":{"rendered":"Artisans et Entreprises"},"content":{"rendered":"<h2 style=\"text-align: center;\"><span style=\"text-decoration: underline;\"><span style=\"color: #008000; text-decoration: underline;\"><strong>CONSTRUCTION<\/strong><\/span><\/span><\/h2>\n<h3 style=\"text-align: center;\"><span style=\"text-decoration: underline;\"><span style=\"color: #0000ff; text-decoration: underline;\"><strong> <em>Ma\u00e7onnerie &#8211; Pl\u00e2trerie &#8211; Carrelage<\/em><\/strong><\/span><\/span><\/h3>\n<h4 style=\"text-align: center;\"><span style=\"color: #800080;\"><strong>SARL QUINC\u00c9 <span style=\"color: #800080;\">Jean-Fran\u00e7ois et Jack<\/span><\/strong><\/span><\/h4>\n<p style=\"text-align: center;\"><span style=\"color: #000000;\">Zone Industrielle &#8211;\u00a0 61210 PUTANGES-PONT-\u00c9CREPIN<br \/>\n<\/span><\/p>\n<p style=\"text-align: center;\"><strong><span style=\"color: #000000;\">T\u00e9l : 02.33.35.03.96 &#8211; Fax : 02.33.36.67.61<\/span><\/strong><\/p>\n<p style=\"text-align: center;\"><span style=\"color: #333333;\"><strong>\u2666<\/strong><\/span><\/p>\n<h4 style=\"text-align: center;\"><span style=\"color: #800080;\"><strong>EUDES Fr\u00e9d\u00e9ric<\/strong><\/span><\/h4>\n<p style=\"text-align: center;\"><span style=\"color: #800080;\">Ma\u00e7onnerie &#8211; carrelage<\/span><\/p>\n<p style=\"text-align: center;\"><span style=\"color: #333333;\">\u00ab\u00a0Monceaux\u00a0\u00bb &#8211; \u00a0P61210 PUTANGES-PONT-\u00c9CREPIN<\/span><\/p>\n<p style=\"text-align: center;\"><span style=\"color: #000000;\"><strong>T\u00e9l : 06.34.44.49.81<\/strong><\/span><\/p>\n<p style=\"text-align: center;\"><span style=\"color: #333333;\"><strong>\u2666<br \/>\n<\/strong><\/span><\/p>\n<h4 style=\"text-align: center;\"><strong><span style=\"color: #800080;\">LEFEVRE Jean-Fran\u00e7ois<\/span><\/strong><\/h4>\n<p style=\"text-align: center;\"><span style=\"color: #000000;\">\u00ab\u00a0Les Ligneries\u00a0\u00bb &#8211;\u00a0 61210 RABODANGES<\/span><\/p>\n<p style=\"text-align: center;\"><span style=\"color: #000000;\"><strong>T\u00e9l : 02.33.35.90.69<\/strong><\/span><\/p>\n<p style=\"text-align: center;\"><span style=\"color: #333333;\">\u2666<\/span><\/p>\n<h4 style=\"text-align: center;\"><strong><span style=\"color: #800080;\">TAVARES Joaquim<\/span><\/strong><\/h4>\n<p style=\"text-align: center;\"><span style=\"color: #000000;\">\u00ab\u00a0Lignou \u00a0\u00bb &#8211;\u00a0 61210 SAINTE-CROIX-SUR-ORNE<\/span><\/p>\n<p style=\"text-align: center;\"><strong><span style=\"color: #000000;\">T\u00e9l : 02.33.12.77.49 \/ 06.85.36.66.88<\/span><\/strong><\/p>\n<p style=\"text-align: center;\"><span style=\"color: #333333;\"><strong>\u2666<br \/>\n<\/strong><\/span><\/p>\n<h4 style=\"text-align: center;\"><strong><span style=\"color: #800080;\">E.D.M ENTREPRISE &#8211; Jos\u00e9 MACHADO<\/span><\/strong><\/h4>\n<p style=\"text-align: center;\"><span style=\"color: #000000;\">61210 PUTANGES-PONT-\u00c9CREPIN<\/span><\/p>\n<p style=\"text-align: center;\"><span style=\"color: #000000;\"><strong>T\u00e9l : 02.33.35.90.69<\/strong><\/span><\/p>\n<p style=\"text-align: center;\"><strong>\u2666<br \/>\n<\/strong><\/p>\n<h4 style=\"text-align: center;\"><strong><span style=\"color: #800080;\">DAUMESNIL J\u00e9r\u00f4me<\/span><br \/>\n<\/strong><\/h4>\n<p style=\"text-align: center;\">61210 RABODANGES<\/p>\n<p style=\"text-align: center;\"><strong>T\u00e9l : 02.31.90.26.69<\/strong><\/p>\n<p style=\"text-align: center;\"><span style=\"color: #000000;\"><strong>\u00a0<\/strong><\/span><\/p>\n<h3 style=\"text-align: center;\"><\/h3>\n<h2 style=\"text-align: center;\"><span style=\"text-decoration: underline;\"><span style=\"color: #008000; text-decoration: underline;\"><strong>ISOLATION &#8211; \u00c9LECTRICIT\u00c9 &#8211; PLOMBERIE &#8211; CHAUFFAGE &#8211; SANITAIRE<\/strong><\/span><\/span><\/h2>\n<h3 style=\"text-align: center;\"><span style=\"color: #0000ff;\"><span style=\"text-decoration: underline;\"><strong><em>Couverture &#8211; Charpente &#8211; Zinguerie<\/em><\/strong><\/span><\/span><\/h3>\n<h4 style=\"text-align: center;\"><strong><span style=\"color: #800080;\">GALLOT Christophe<\/span><\/strong><\/h4>\n<p style=\"text-align: center;\"><span style=\"color: #000000;\">61210 LES ROTOURS<\/span><\/p>\n<p style=\"text-align: center;\"><strong><span style=\"color: #000000;\">T\u00e9l : 02.33.35.00.27 &#8211; Fax : 02.33.36.21.82<\/span><\/strong><\/p>\n<p style=\"text-align: center;\"><span style=\"color: #333333;\">\u2666<\/span><\/p>\n<h4 style=\"text-align: center;\"><strong><span style=\"color: #800080;\">VAILLANT Couverture<\/span><\/strong><\/h4>\n<p style=\"text-align: center;\"><span style=\"color: #000000;\">61210 SAINT-AUBERT-SUR-ORNE<\/span><\/p>\n<p style=\"text-align: center;\"><strong><span style=\"color: #000000;\">T\u00e9l :\u00a006.43.75.26.83<\/span><\/strong><\/p>\n<p style=\"text-align: center;\"><span style=\"color: #333333;\">\u2666<br \/>\n<\/span><\/p>\n<h3 style=\"text-align: center;\"><span style=\"color: #0000ff;\"><span style=\"text-decoration: underline;\"><em><strong>\u00c9lectricit\u00e9 G\u00e9n\u00e9rale<\/strong><\/em><\/span><\/span><\/h3>\n<h4 style=\"text-align: center;\"><strong><span style=\"color: #800080;\">COUTURE Julien<\/span><br \/>\n<\/strong><\/h4>\n<p style=\"text-align: center;\">61210 PUTANGES-PONT-\u00c9CREPIN<\/p>\n<p style=\"text-align: center;\"><strong>T\u00e9l. 07.51.66.88.56<\/strong><\/p>\n<p style=\"text-align: center;\">\u2666<\/p>\n<h4 style=\"text-align: center;\"><strong><span style=\"color: #800080;\">VIVIEN Nicolas<\/span><\/strong><\/h4>\n<p style=\"text-align: center;\"><span style=\"color: #000000;\">61210 PUTANGES-PONT-\u00c9CREPIN<\/span><\/p>\n<p style=\"text-align: center;\"><strong><span style=\"color: #000000;\">T\u00e9l. 06.79.21.11.32<\/span><\/strong><\/p>\n<address style=\"text-align: center;\"><em>vivien-nicolas@orange.fr<\/em><\/address>\n<p style=\"text-align: center;\"><span style=\"color: #333333;\">\u2666\u00a0<\/span><\/p>\n<h3 style=\"text-align: center;\"><span style=\"color: #0000ff;\"><em><strong><span style=\"text-decoration: underline;\">Plomberie &#8211; Chauffage &#8211; Sanitaire<\/span><\/strong><\/em><\/span><\/h3>\n<p style=\"text-align: center;\"><strong><span style=\"color: #800080;\">LEBIGOT Freddy<\/span><\/strong><\/p>\n<p style=\"text-align: center;\"><span style=\"color: #000000;\">61210 LA FRESNAYE-AU-SAUVAGE<\/span><\/p>\n<p style=\"text-align: center;\"><strong><span style=\"color: #000000;\">T\u00e9l : 02.33.66.83.11<\/span><\/strong><\/p>\n<p style=\"text-align: center;\"><span style=\"color: #333333;\">\u2666<\/span><\/p>\n<h4 style=\"text-align: center;\"><strong><span style=\"color: #800080;\">LACAINE Fabrice<\/span><\/strong><\/h4>\n<p style=\"text-align: center;\"><span style=\"color: #000000;\">61210 PUTANGES-PONT-\u00c9CREPIN<\/span><\/p>\n<p style=\"text-align: center;\"><strong><span style=\"color: #000000;\">T\u00e9l :\u00a006.49.14.85.83<\/span><\/strong><\/p>\n<p style=\"text-align: center;\"><span style=\"color: #333333;\">\u00a0<\/span><\/p>\n<h2 style=\"text-align: center;\"><span style=\"text-decoration: underline;\"><span style=\"color: #008000; text-decoration: underline;\"><strong>SECOND \u0152UVRE &#8211; AM\u00c9NAGEMENT<\/strong><\/span><\/span><\/h2>\n<h3 style=\"text-align: center;\"><span style=\"text-decoration: underline; color: #0000ff;\"><em><strong>Eb\u00e9nisterie &#8211; Menuiserie &#8211; Restauration de meubles<\/strong><\/em><\/span><\/h3>\n<h4 style=\"text-align: center;\"><strong><span style=\"color: #800080;\">AB Menuiserie &#8211; DUPONT Richard<\/span><\/strong><\/h4>\n<p style=\"text-align: center;\"><span style=\"color: #000000;\">\u00ab\u00a0Zone Industrielle\u00a0\u00bb -61210 PUTANGES-PONT-\u00c9CREPIN<\/span><\/p>\n<p style=\"text-align: center;\"><strong><span style=\"color: #000000;\">T\u00e9l : 02.33.39.59.24 &#8211; Fax : 02.33.39.57.88<\/span><\/strong><\/p>\n<p style=\"text-align: center;\"><span style=\"color: #333333;\">\u2666<\/span><\/p>\n<h4 style=\"text-align: center;\"><strong><span style=\"color: #800080;\">LECOMTE Antoine<br \/>\n<\/span><\/strong><\/h4>\n<p style=\"text-align: center;\"><span style=\"color: #000000;\">\u00ab\u00a0Bas Buisson \u00a0\u00bb &#8211; 61210 PUTANGES-PONT-\u00c9CREPIN<br \/>\n<\/span><\/p>\n<p style=\"text-align: center;\"><strong><span style=\"color: #000000;\">T\u00e9l : 07.78.34.94.98<\/span><\/strong><\/p>\n<p style=\"text-align: center;\"><span style=\"color: #333333;\">\u2666<\/span><\/p>\n<h4 style=\"text-align: center;\"><strong><span style=\"color: #800080;\">MALICORNE Thierry<\/span><\/strong><\/h4>\n<p style=\"text-align: center;\"><span style=\"color: #000000;\">61210 PUTANGES-PONT-\u00c9CREPIN<\/span><\/p>\n<p style=\"text-align: center;\"><strong><span style=\"color: #000000;\">T\u00e9l : 02.33.35.02.43<\/span><\/strong><\/p>\n<p style=\"text-align: center;\"><span style=\"color: #333333;\">\u2666<\/span><\/p>\n<h4 style=\"text-align: center;\"><strong><span style=\"color: #800080;\">CHEVALIER Fran\u00e7ois<\/span><\/strong><\/h4>\n<p style=\"text-align: center;\"><span style=\"color: #000000;\">\u00ab\u00a0Fromentel\u00a0\u00bb &#8211; 61210 LA FRESNAYE-AU-SAUVAGE<\/span><\/p>\n<p style=\"text-align: center;\"><strong><span style=\"color: #000000;\">T\u00e9l : 02.33.64.02.43<\/span><\/strong><\/p>\n<p style=\"text-align: center;\"><span style=\"color: #000000;\">\u2666<\/span><\/p>\n<h4 style=\"text-align: center;\"><strong><span style=\"color: #800080;\">EUDES Laurent<\/span><\/strong><\/h4>\n<p style=\"text-align: center;\"><span style=\"color: #333333;\">61210 CH\u00caNEDOUIT<\/span><\/p>\n<p style=\"text-align: center;\"><span style=\"color: #000000;\"><strong>T\u00e9l : 02.33.35.04.84<\/strong><\/span><\/p>\n<p style=\"text-align: center;\"><span style=\"color: #333333;\"><strong>\u2666<br \/>\n<\/strong><\/span><\/p>\n<h4 style=\"text-align: center;\"><strong><span style=\"color: #800080;\">LEPRINCE Dominique<\/span><\/strong><\/h4>\n<p style=\"text-align: center;\"><span style=\"color: #000000;\">\u00ab\u00a0Etre Bernier\u00a0\u00bb &#8211; 61210 CH\u00caNEDOUIT<\/span><\/p>\n<p style=\"text-align: center;\"><strong><span style=\"color: #000000;\">T\u00e9l : 02.33.35.89.70 &#8211; Fax : 02.33.36.14.41<\/span><\/strong><\/p>\n<p style=\"text-align: center;\"><span style=\"color: #000000;\">\u2666<\/span><\/p>\n<h4 style=\"text-align: center;\"><strong><span style=\"color: #800080;\">PATRY Jean-Luc<\/span><\/strong><\/h4>\n<p style=\"text-align: center;\"><span style=\"color: #000000;\">\u00ab\u00a0Fromentel\u00a0\u00bb &#8211; 61210 LA FRESNAYE-AU-SAUVAGE<\/span><\/p>\n<p style=\"text-align: center;\"><strong><span style=\"color: #000000;\">T\u00e9l : 02.33.66.85.00 &#8211; Fax : 02.33.66.85.25<\/span><\/strong><\/p>\n<p style=\"text-align: center;\"><span style=\"color: #333333;\"><strong>\u2666<\/strong><\/span><\/p>\n<h4 style=\"text-align: center;\"><strong><span style=\"color: #800080;\">DUCREUX Christophe<\/span><\/strong><\/h4>\n<p style=\"text-align: center;\"><span style=\"color: #000000;\">\u00ab\u00a0Landette\u00a0\u00bb &#8211; 61210 LES ROTOURS<br \/>\n<\/span><\/p>\n<p style=\"text-align: center;\"><strong><span style=\"color: #000000;\">T\u00e9l :\u00a002 33 39 28 06 ou 06 43 58 54 51<\/span><\/strong><\/p>\n<p style=\"text-align: center;\"><span style=\"color: #333333;\"><strong><br \/>\n<\/strong><\/span><\/p>\n<h3 style=\"text-align: center;\"><span style=\"color: #0000ff;\"><em><strong><span style=\"text-decoration: underline;\">Peinture &#8211; rev\u00eatements<\/span><\/strong><\/em><\/span><\/h3>\n<h4 style=\"text-align: center;\"><strong><span style=\"color: #800080;\">GAULIER Jean-Marie<\/span><\/strong><\/h4>\n<p style=\"text-align: center;\"><span style=\"color: #000000;\">61210 PUTANGES-PONT-\u00c9CREPIN<\/span><\/p>\n<p style=\"text-align: center;\"><strong><span style=\"color: #000000;\">T\u00e9l : 02.33.35.02.80<\/span><\/strong><\/p>\n<p style=\"text-align: center;\"><span style=\"color: #333333;\">\u2666<\/span><\/p>\n<h4 style=\"text-align: center;\"><strong><span style=\"color: #800080;\">MALVEAU Michel<\/span><\/strong><\/h4>\n<p style=\"text-align: center;\"><span style=\"color: #000000;\">61210 RABODANGES<\/span><\/p>\n<p style=\"text-align: center;\"><span style=\"color: #000000;\"><strong>T\u00e9l : 02.33.35.88.11<\/strong><\/span><\/p>\n<p style=\"text-align: center;\"><span style=\"color: #333333;\">\u2666<\/span><\/p>\n<h4 style=\"text-align: center;\"><strong><span style=\"color: #800080;\">TOURNIER\u00a0Thibault Design<\/span><\/strong><\/h4>\n<p style=\"text-align: center;\"><span style=\"color: #000000;\">61210 RABODANGES<br \/>\n<\/span><\/p>\n<p style=\"text-align: center;\"><strong><span style=\"color: #000000;\">T\u00e9l :\u00a006 79 99 90 61 ou 09 63 60 49 29<\/span><\/strong><\/p>\n<p style=\"text-align: center;\"><span style=\"color: #333333;\">\u2666<\/span><\/p>\n<h4 style=\"text-align: center;\"><strong><span style=\"color: #800080;\">DUTAC Peinture<\/span><\/strong><\/h4>\n<p style=\"text-align: center;\"><span style=\"color: #000000;\">61210 PUTANGES-PONT-\u00c9CREPIN<\/span><\/p>\n<p style=\"text-align: center;\"><strong><span style=\"color: #000000;\">T\u00e9l :\u00a006 26 25 94 86<\/span><\/strong><\/p>\n<p style=\"text-align: center;\"><span style=\"color: #333333;\">\u2666<\/span><\/p>\n<p style=\"text-align: center;\"><span style=\"color: #800080;\"><strong>REMI Gr\u00e9goire<br \/>\n<\/strong><\/span><\/p>\n<p style=\"text-align: center;\">61210 SAINT-AUBERT-SUR-ORNE<\/p>\n<p style=\"text-align: center;\"><strong>T\u00e9l : 06 77 14 72 61<br \/>\n<\/strong><\/p>\n<p style=\"text-align: center;\">\u2666<\/p>\n<h2 style=\"text-align: center;\"><span style=\"text-decoration: underline;\"><span style=\"color: #008000; text-decoration: underline;\"><strong>TRAVAUX EXT\u00c9RIEURS<\/strong><\/span><\/span><\/h2>\n<h3 style=\"text-align: center;\"><span style=\"text-decoration: underline; color: #0000ff;\"><strong><em>Am\u00e9nagement &#8211; Entretien des parcs et jardins<\/em><\/strong><\/span><\/h3>\n<h4 style=\"text-align: center;\"><strong><span style=\"color: #800080;\">HASPESLAGH Benoit<\/span><\/strong><\/h4>\n<p style=\"text-align: center;\"><span style=\"color: #000000;\">61210 LES ROTOURS<\/span><\/p>\n<p style=\"text-align: center;\"><span style=\"color: #000000;\"><strong>T\u00e9l : 02.33.36.84.09 \/ 06.72.86.44.46 &#8211; Fax : 02.33.36.84.09<\/strong><\/span><\/p>\n<p style=\"text-align: center;\">\u2666<\/p>\n<h4 style=\"text-align: center;\"><strong><span style=\"color: #800080;\">Au coeur du Jardin &#8211; LECLEVE Alain<\/span><\/strong><\/h4>\n<p style=\"text-align: center;\"><span style=\"color: #000000;\">61210 PUTANGES-PONT-\u00c9CREPIN<\/span><\/p>\n<p style=\"text-align: center;\"><span style=\"color: #000000;\"><strong>T\u00e9l :\u00a002.33.36.28.16<\/strong><\/span><\/p>\n<p style=\"text-align: center;\">\u2666<\/p>\n<h4 style=\"text-align: center;\"><strong><span style=\"color: #800080;\">Y PAYSAGE &#8211; Yoann BATARD<\/span><\/strong><\/h4>\n<p style=\"text-align: center;\"><span style=\"color: #000000;\">61210 M\u00c9NIL-JEAN<\/span><\/p>\n<p style=\"text-align: center;\"><span style=\"color: #000000;\"><strong>T\u00e9l : \u00a006.84.36.83.03\u00a0<\/strong><\/span><\/p>\n<p style=\"text-align: center;\">\u2666<\/p>\n<h4 style=\"text-align: center;\"><span style=\"color: #800080;\"><strong>L&rsquo;Entretien facile &#8211; DECHIPRE Florian<br \/>\n<\/strong><\/span><\/h4>\n<p style=\"text-align: center;\">61210 PUTANGES-PONT-\u00c9CREPIN<\/p>\n<p style=\"text-align: center;\"><strong>T\u00e9l : \u00a006.24.60.70.91<\/strong><\/p>\n<p style=\"text-align: center;\">\u2666<\/p>\n<h3 style=\"text-align: center;\"><span style=\"text-decoration: underline; color: #0000ff;\"><strong><em>Exploitation du bois<\/em><\/strong><\/span><\/h3>\n<h4 style=\"text-align: center;\"><strong><span style=\"color: #800080;\">GRIMBERT Emballages &#8211; Scierie et fabrique de caisses<\/span><\/strong><\/h4>\n<p style=\"text-align: center;\"><span style=\"color: #000000;\">61210 LA FRESNAYE-AU-SAUVAGE<br \/>\n<\/span><\/p>\n<p style=\"text-align: center;\"><span style=\"color: #000000;\"><strong>T\u00e9l : 02.33.35.04.84<\/strong><\/span><\/p>\n<p style=\"text-align: center;\"><span style=\"color: #000000;\"><span style=\"color: #333333;\">\u2666<\/span><\/span><\/p>\n<h3 style=\"text-align: center;\"><span style=\"color: #0000ff;\"><span style=\"text-decoration: underline;\"><strong><em>D\u00e9broussaillement<\/em><\/strong><\/span><\/span><\/h3>\n<h4 style=\"text-align: center;\"><span style=\"color: #000000;\"><strong><span style=\"color: #800080;\">HACQUEBART Ludovic<\/span><\/strong><br \/>\n<\/span><\/h4>\n<p style=\"text-align: center;\"><span style=\"color: #000000;\">61210 SAINTE-CROIX-SUR-ORNE<\/span><\/p>\n<p style=\"text-align: center;\"><strong><span style=\"color: #000000;\">T\u00e9l : 02.33.67.33.10<\/span><\/strong><\/p>\n<p style=\"text-align: center;\"><span style=\"color: #000000;\"><span style=\"color: #333333;\">\u2666<\/span><br \/>\n<\/span><\/p>\n<h3 style=\"text-align: center;\"><span style=\"color: #0000ff;\"><span style=\"text-decoration: underline;\"><strong><em>\u00c9lagage &#8211; Abattage &#8211; Travaux agricoles<\/em><\/strong><\/span><\/span><\/h3>\n<h4 style=\"text-align: center;\"><strong><span style=\"color: #800080;\">HACQUEBART Ludovic<\/span><\/strong><\/h4>\n<p style=\"text-align: center;\"><span style=\"color: #000000;\">61210 SAINTE-CROIX-SUR-ORNE<\/span><\/p>\n<p style=\"text-align: center;\"><strong><span style=\"color: #000000;\">T\u00e9l : 02.33.67.33.10<\/span><\/strong><\/p>\n<p style=\"text-align: center;\">\u2666<\/p>\n<h3 style=\"text-align: center;\"><span style=\"color: #0000ff;\"><strong><em>Travaux Publics, Terrassements, Mat\u00e9riaux de Construction<br \/>\n<\/em><\/strong><\/span><\/h3>\n<h4 style=\"text-align: center;\"><strong><span style=\"color: #800080;\">BATARD Jacky<\/span><br \/>\n<\/strong><\/h4>\n<p style=\"text-align: center;\">61210 M\u00e9nil-Jean<\/p>\n<p style=\"text-align: center;\"><strong>T\u00e9l : 02.33.35.39.05 ou 06.09.13.80.44<br \/>\n<\/strong><\/p>\n<p style=\"text-align: center;\">\u2666<\/p>\n<h2 style=\"text-align: center;\"><span style=\"color: #008000;\"><strong><em>FABRICATION DE PI\u00c8CES AUTOMOBILES<\/em><\/strong><\/span><\/h2>\n<h4 style=\"text-align: center;\"><span style=\"color: #800080;\"><strong>SASIC<\/strong><\/span><\/h4>\n<p style=\"text-align: center;\">61210 PUTANGES-PONT-\u00c9CREPIN<\/p>\n<p style=\"text-align: center;\"><strong>T\u00e9l : 02.33.67.80.00<\/strong><\/p>\n<p style=\"text-align: center;\">\u2666<\/p>\n<h2 style=\"text-align: center;\"><span style=\"color: #008000;\"><strong><em>TRANSPORTS ROUTIERS DE MARCHANDISES<\/em><\/strong><\/span><\/h2>\n<h4 style=\"text-align: center;\"><span style=\"color: #800080;\"><strong>FRANCE ACHEMINEMENT &#8211; TEZENAS Christophe<\/strong><\/span><\/h4>\n<p style=\"text-align: center;\">61210 RABODANGES<\/p>\n<p style=\"text-align: center;\"><strong>T\u00e9l : 02.33.36.65.10<\/strong><\/p>\n<p style=\"text-align: center;\">\u2666<\/p>\n<h4 style=\"text-align: center;\"><span style=\"color: #800080;\"><strong>SA TRANSPORTS QUINC\u00c9<\/strong><\/span><\/h4>\n<p style=\"text-align: center;\">61210 LA FRESNAYE-AU-SAUVAGE<\/p>\n<p style=\"text-align: center;\"><strong>T\u00e9l : 02.33.35.00.01 &#8211; Fax : 02.33.35.83.55<\/strong><\/p>\n<address style=\"padding-left: 450px;\"><em>transport.damois@wanadoo.fr<\/em><\/address>\n<address style=\"padding-left: 450px;\"><em>www.transports-quince.fr<\/em><\/address>\n<p style=\"text-align: center;\">\u2666<\/p>\n<h3 style=\"text-align: center;\"><span style=\"color: #0000ff;\"><em><strong>TRANSPORTS EN AUTOCAR<\/strong><\/em><\/span><\/h3>\n<h4 style=\"text-align: center;\"><span style=\"color: #800080;\"><strong>VOYAGES GOUGEUL-BOUBET SA<\/strong><\/span><\/h4>\n<p style=\"text-align: center;\">61210 PUTANGES-PONT-\u00c9CREPIN<\/p>\n<p style=\"text-align: center;\"><strong>T\u00e9l : 02.33.35.03.44 &#8211; Fax : 02.33.39.47.72<\/strong><\/p>\n<address style=\"padding-left: 450px;\"><em>www.gougeul-voyages.fr<\/em><\/address>\n<p style=\"text-align: center;\">\u2666<\/p>\n<p>&nbsp;<\/p>\n","protected":false},"excerpt":{"rendered":"<p>CONSTRUCTION Ma\u00e7onnerie &#8211; Pl\u00e2trerie &#8211; Carrelage SARL QUINC\u00c9 Jean-Fran\u00e7ois et Jack Zone Industrielle &#8211;\u00a0 61210 PUTANGES-PONT-\u00c9CREPIN T\u00e9l : 02.33.35.03.96 &#8211; Fax : 02.33.36.67.61 \u2666 EUDES Fr\u00e9d\u00e9ric Ma\u00e7onnerie &#8211; carrelage \u00ab\u00a0Monceaux\u00a0\u00bb [&hellip;]<\/p>\n","protected":false},"author":2,"featured_media":0,"parent":47,"menu_order":52,"comment_status":"closed","ping_status":"closed","template":"","meta":{"footnotes":""},"class_list":["post-92","page","type-page","status-publish","hentry"],"_links":{"self":[{"href":"https:\/\/www.putanges-le-lac.fr\/index.php?rest_route=\/wp\/v2\/pages\/92","targetHints":{"allow":["GET"]}}],"collection":[{"href":"https:\/\/www.putanges-le-lac.fr\/index.php?rest_route=\/wp\/v2\/pages"}],"about":[{"href":"https:\/\/www.putanges-le-lac.fr\/index.php?rest_route=\/wp\/v2\/types\/page"}],"author":[{"embeddable":true,"href":"https:\/\/www.putanges-le-lac.fr\/index.php?rest_route=\/wp\/v2\/users\/2"}],"replies":[{"embeddable":true,"href":"https:\/\/www.putanges-le-lac.fr\/index.php?rest_route=%2Fwp%2Fv2%2Fcomments&post=92"}],"version-history":[{"count":158,"href":"https:\/\/www.putanges-le-lac.fr\/index.php?rest_route=\/wp\/v2\/pages\/92\/revisions"}],"predecessor-version":[{"id":4468,"href":"https:\/\/www.putanges-le-lac.fr\/index.php?rest_route=\/wp\/v2\/pages\/92\/revisions\/4468"}],"up":[{"embeddable":true,"href":"https:\/\/www.putanges-le-lac.fr\/index.php?rest_route=\/wp\/v2\/pages\/47"}],"wp:attachment":[{"href":"https:\/\/www.putanges-le-lac.fr\/index.php?rest_route=%2Fwp%2Fv2%2Fmedia&parent=92"}],"curies":[{"name":"wp","href":"https:\/\/api.w.org\/{rel}","templated":true}]}}